{"id":147032,"date":"2021-01-15T10:54:37","date_gmt":"2021-01-15T10:54:37","guid":{"rendered":"https:\/\/codengine3.ch\/?product=import-placeholder-for-208035"},"modified":"2024-02-22T10:39:14","modified_gmt":"2024-02-22T09:39:14","slug":"rurey-escalade-dans-la-vallee-de-la-loue","status":"publish","type":"product","link":"https:\/\/pizbube.ch\/en\/shop\/rurey-escalade-dans-la-vallee-de-la-loue\/","title":{"rendered":"Rurey &#8211; Escalade dans la vall\u00e9e de la Loue"},"content":{"rendered":"<p>Topo des falaises dans la vall\u00e9e de la Loue.<br \/>\nUn site \u00e9quip\u00e9 par quelques passionn\u00e9s de grimpe, qui vous offre un \u00e9ventail<br \/>\nd&#8217;escalades allant du 4+ au 9z.<\/p>\n<p>Outre les itin\u00e9raires d&#8217;escalade pr\u00e9sent\u00e9s de fa\u00e7on simple et claire, vous y<br \/>\ntrouverez des informations sur la flore, la faune et la g\u00e9ologie abondamment<br \/>\nillustr\u00e9es qui font de ce topoguide un ouvrage de r\u00e9f\u00e9rence quant au milieu<br \/>\nnaturel sur et dans lequel vous \u00e9voluerez au cours de votre p\u00e9riple vertical<br \/>\nsur les traces des coureurs de murailles.<\/p>","protected":false},"excerpt":{"rendered":"<p>Topo des falaises dans la vall\u00e9e de la Loue. Un site \u00e9quip\u00e9 par quelques passionn\u00e9s de grimpe, qui vous offre un \u00e9ventail d&#8217;escalades allant du 4+ au 9z. Outre les itin\u00e9raires d&#8217;escalade pr\u00e9sent\u00e9s de fa\u00e7on simple et claire, vous y trouverez des informations sur la flore, la faune et la g\u00e9ologie abondamment illustr\u00e9es qui font [&#8230;]\n","protected":false},"featured_media":39165,"template":"","meta":[],"product_brand":[],"product_cat":[21539],"product_tag":[],"class_list":{"0":"post-147032","1":"product","2":"type-product","3":"status-publish","4":"has-post-thumbnail","6":"product_cat-fuehrerliteratur-sportklettern-bouldern","7":"pa_autor-denier-blanchon","8":"pa_erscheinungsjahr-21550","9":"pa_region-frankreich","10":"pa_sprache-fr","12":"first","13":"outofstock","14":"taxable","15":"shipping-taxable","16":"purchasable","17":"product-type-simple"},"_links":{"self":[{"href":"https:\/\/pizbube.ch\/en\/wp-json\/wp\/v2\/product\/147032","targetHints":{"allow":["GET"]}}],"collection":[{"href":"https:\/\/pizbube.ch\/en\/wp-json\/wp\/v2\/product"}],"about":[{"href":"https:\/\/pizbube.ch\/en\/wp-json\/wp\/v2\/types\/product"}],"wp:featuredmedia":[{"embeddable":true,"href":"https:\/\/pizbube.ch\/en\/wp-json\/wp\/v2\/media\/39165"}],"wp:attachment":[{"href":"https:\/\/pizbube.ch\/en\/wp-json\/wp\/v2\/media?parent=147032"}],"wp:term":[{"taxonomy":"product_brand","embeddable":true,"href":"https:\/\/pizbube.ch\/en\/wp-json\/wp\/v2\/product_brand?post=147032"},{"taxonomy":"product_cat","embeddable":true,"href":"https:\/\/pizbube.ch\/en\/wp-json\/wp\/v2\/product_cat?post=147032"},{"taxonomy":"product_tag","embeddable":true,"href":"https:\/\/pizbube.ch\/en\/wp-json\/wp\/v2\/product_tag?post=147032"}],"curies":[{"name":"wp","href":"https:\/\/api.w.org\/{rel}","templated":true}]}}