{"id":147038,"date":"2021-01-15T10:54:37","date_gmt":"2021-01-15T10:54:37","guid":{"rendered":"https:\/\/codengine3.ch\/?product=import-placeholder-for-205278"},"modified":"2021-10-04T18:29:22","modified_gmt":"2021-10-04T16:29:22","slug":"ogliastra-cartoguida-di-arrampicata-map-and-climbing-guide","status":"publish","type":"product","link":"https:\/\/pizbube.ch\/en\/shop\/ogliastra-cartoguida-di-arrampicata-map-and-climbing-guide\/","title":{"rendered":"Ogliastra &#8211; Cartoguida di arrampicata \/ map and climbing guide"},"content":{"rendered":"<p>Kletterf\u00fchrer und Kletterkarte Kletterf\u00fchrer Ogliastra. Damit liegt endlich zu<br \/>\neiner der sch\u00f6nsten und vielf\u00e4ltigsten Kletterregionen Sardiniens vor.<\/p>\n<p>Der Guide zeigt neben einer \u00dcbersichtskarte der Region Ogliastra und dort<br \/>\nmarkierten Kletterfelsen und -stellen detaillierte Ausschnitte zu besonders<br \/>\nattraktiven Kletterregionen wie z.B. die Felsst\u00f6cke rings um die Bergd\u00f6rfer<br \/>\nBaunei, Jerzu und Ulassai.<\/p>\n<p>Auf der R\u00fcckseite werden die markierten Orte im Detail gezeigt und in Text und<br \/>\nBild erl\u00e4utert. Dabei wird L\u00e4nge, Schwierigkeitsgrad, Erstbesteiger und die<br \/>\nideale Uhrzeit zum Begehen der Route genannt.<\/p>\n<p>Die Legende weist dar\u00fcber hinaus die 30 schwierigsten Routen aus. Erg\u00e4nzt wird<br \/>\ndas Ganze durch eine Liste besonders climberfreundlicher Adressen zu<br \/>\nUnterk\u00fcnften, Guides oder Restaurants.<\/p>\n<p>The NEW mapguide to Ogliastra containing 570 single-pitch sport routes at<br \/>\nBaunei, Ulassai, Osini, Villagrande, Seui, Jerzu and Quirra has just been<br \/>\npublished by Fabula. It is a substantial update compared to the last (2002)<br \/>\nedition of Pietra di Luna, containing roughly twice as many routes, from grade<br \/>\n5 up to 8c. There are crags for all seasons, from south facing and sheltered<br \/>\nlike Quirra to high, shady and breezy like Ulassai.<\/p>\n<p>La cartoguida dell&#8217;Ogliastra redatta da Maurizio Oviglia. La pubblicazione<br \/>\nraccoglier\u00e0 tutte falesie della costa nord est a partire da Quirra.<br \/>\nAll&#8217;interno, tantissime nuove falesie, vie ed aggiornamenti sui gradi delle<br \/>\nlinee gi\u00e0 esistenti.<\/p>","protected":false},"excerpt":{"rendered":"<p>Kletterf\u00fchrer und Kletterkarte Kletterf\u00fchrer Ogliastra. Damit liegt endlich zu einer der sch\u00f6nsten und vielf\u00e4ltigsten Kletterregionen Sardiniens vor. Der Guide zeigt neben einer \u00dcbersichtskarte der Region Ogliastra und dort markierten Kletterfelsen und -stellen detaillierte Ausschnitte zu besonders attraktiven Kletterregionen wie z.B. die Felsst\u00f6cke rings um die Bergd\u00f6rfer Baunei, Jerzu und Ulassai. Auf der R\u00fcckseite werden die [&#8230;]\n","protected":false},"featured_media":33942,"template":"","meta":[],"product_brand":[],"product_cat":[21539],"product_tag":[],"class_list":{"0":"post-147038","1":"product","2":"type-product","3":"status-publish","4":"has-post-thumbnail","6":"product_cat-fuehrerliteratur-sportklettern-bouldern","7":"pa_autor-oviglia","8":"pa_erscheinungsjahr-21591","9":"pa_region-italien","10":"pa_sprache-it-en","12":"first","13":"outofstock","14":"taxable","15":"shipping-taxable","16":"purchasable","17":"product-type-simple"},"_links":{"self":[{"href":"https:\/\/pizbube.ch\/en\/wp-json\/wp\/v2\/product\/147038","targetHints":{"allow":["GET"]}}],"collection":[{"href":"https:\/\/pizbube.ch\/en\/wp-json\/wp\/v2\/product"}],"about":[{"href":"https:\/\/pizbube.ch\/en\/wp-json\/wp\/v2\/types\/product"}],"wp:featuredmedia":[{"embeddable":true,"href":"https:\/\/pizbube.ch\/en\/wp-json\/wp\/v2\/media\/33942"}],"wp:attachment":[{"href":"https:\/\/pizbube.ch\/en\/wp-json\/wp\/v2\/media?parent=147038"}],"wp:term":[{"taxonomy":"product_brand","embeddable":true,"href":"https:\/\/pizbube.ch\/en\/wp-json\/wp\/v2\/product_brand?post=147038"},{"taxonomy":"product_cat","embeddable":true,"href":"https:\/\/pizbube.ch\/en\/wp-json\/wp\/v2\/product_cat?post=147038"},{"taxonomy":"product_tag","embeddable":true,"href":"https:\/\/pizbube.ch\/en\/wp-json\/wp\/v2\/product_tag?post=147038"}],"curies":[{"name":"wp","href":"https:\/\/api.w.org\/{rel}","templated":true}]}}