{"id":147046,"date":"2021-01-15T10:54:37","date_gmt":"2021-01-15T10:54:37","guid":{"rendered":"https:\/\/codengine3.ch\/?product=import-placeholder-for-208448"},"modified":"2022-01-19T09:43:05","modified_gmt":"2022-01-19T08:43:05","slug":"sorlandet-rock","status":"publish","type":"product","link":"https:\/\/pizbube.ch\/en\/shop\/sorlandet-rock\/","title":{"rendered":"S\u00f8rlandet Rock"},"content":{"rendered":"<p>Phototopoguidebook for S\u00f8rland:<br \/>\ndescribed are the following spots: Mandal, Kristiansand, Birkeland. In<br \/>\nNorwegian language only; aproach infos in English.<\/p>\n<p>Komplett klatref\u00f8rer for S\u00f8rlandet. Dekker omr\u00e5dene rundt Kristiansand, Mandal<br \/>\nog Birkeland.<br \/>\nS\u00f8rlandet har et imponerende antall ruter av h\u00f8y kvalitet, som presenteres<br \/>\noversiktlig og inspirerende i denne f\u00f8reren. Guide til totalt 43 klatrefelt<br \/>\nmed over 1 200 klateruter.<\/p>\n<p>Bonus: Urdviki, Slettafjell og Via Ferrata Straumsfjellet i Setesdal.<br \/>\nAnkomstbeskrivelser st\u00e5r ogs\u00e5 p\u00e5 engelsk.<\/p>","protected":false},"excerpt":{"rendered":"<p>Phototopoguidebook for S\u00f8rland: described are the following spots: Mandal, Kristiansand, Birkeland. In Norwegian language only; aproach infos in English. Komplett klatref\u00f8rer for S\u00f8rlandet. Dekker omr\u00e5dene rundt Kristiansand, Mandal og Birkeland. S\u00f8rlandet har et imponerende antall ruter av h\u00f8y kvalitet, som presenteres oversiktlig og inspirerende i denne f\u00f8reren. Guide til totalt 43 klatrefelt med over 1 [&#8230;]\n","protected":false},"featured_media":40244,"template":"","meta":[],"product_brand":[],"product_cat":[21539],"product_tag":[],"class_list":{"0":"post-147046","1":"product","2":"type-product","3":"status-publish","4":"has-post-thumbnail","6":"product_cat-fuehrerliteratur-sportklettern-bouldern","7":"pa_autor-birkeland-christianssand-klatreklubb","8":"pa_erscheinungsjahr-21597","9":"pa_region-skandinavien-norwegen-schweden-finnland","10":"pa_sprache-norweg-en","12":"first","13":"outofstock","14":"taxable","15":"shipping-taxable","16":"purchasable","17":"product-type-simple"},"_links":{"self":[{"href":"https:\/\/pizbube.ch\/en\/wp-json\/wp\/v2\/product\/147046","targetHints":{"allow":["GET"]}}],"collection":[{"href":"https:\/\/pizbube.ch\/en\/wp-json\/wp\/v2\/product"}],"about":[{"href":"https:\/\/pizbube.ch\/en\/wp-json\/wp\/v2\/types\/product"}],"wp:featuredmedia":[{"embeddable":true,"href":"https:\/\/pizbube.ch\/en\/wp-json\/wp\/v2\/media\/40244"}],"wp:attachment":[{"href":"https:\/\/pizbube.ch\/en\/wp-json\/wp\/v2\/media?parent=147046"}],"wp:term":[{"taxonomy":"product_brand","embeddable":true,"href":"https:\/\/pizbube.ch\/en\/wp-json\/wp\/v2\/product_brand?post=147046"},{"taxonomy":"product_cat","embeddable":true,"href":"https:\/\/pizbube.ch\/en\/wp-json\/wp\/v2\/product_cat?post=147046"},{"taxonomy":"product_tag","embeddable":true,"href":"https:\/\/pizbube.ch\/en\/wp-json\/wp\/v2\/product_tag?post=147046"}],"curies":[{"name":"wp","href":"https:\/\/api.w.org\/{rel}","templated":true}]}}