{"id":147047,"date":"2021-01-15T10:54:37","date_gmt":"2021-01-15T10:54:37","guid":{"rendered":"https:\/\/codengine3.ch\/?product=import-placeholder-for-202842"},"modified":"2021-01-15T12:39:49","modified_gmt":"2021-01-15T12:39:49","slug":"herausforderung-k2-tb","status":"publish","type":"product","link":"https:\/\/pizbube.ch\/en\/shop\/herausforderung-k2-tb\/","title":{"rendered":"Herausforderung K2 (TB)"},"content":{"rendered":"<p>Der K2 gilt als h\u00e4rteste Bew\u00e4hrungsprobe f\u00fcr das Durchhalteverm\u00f6gen eines<br \/>\nMenschen &#8211; und er l\u00e4sst viele scheitern. Seine Wege sind steiler und<br \/>\nschwieriger als die des Mount Everest, die Temperaturen sind deutlich<br \/>\nniedriger, das Wetter ist unberechenbarer. Doch Heidi Howkins, allein<br \/>\nerziehende Mutter einer Tochter, liess sich von alledem nicht abschrecken. Sie<br \/>\nbestand darauf, den K2 im \u00a8alpinen Stil\u00a8 anzugehen: ohne Basislager, ohne<br \/>\nTr\u00e4ger, ohne Sauerstoffger\u00e4t. Taschenbuchausgabe<\/p>","protected":false},"excerpt":{"rendered":"<p>Der K2 gilt als h\u00e4rteste Bew\u00e4hrungsprobe f\u00fcr das Durchhalteverm\u00f6gen eines Menschen &#8211; und er l\u00e4sst viele scheitern. Seine Wege sind steiler und schwieriger als die des Mount Everest, die Temperaturen sind deutlich niedriger, das Wetter ist unberechenbarer. Doch Heidi Howkins, allein erziehende Mutter einer Tochter, liess sich von alledem nicht abschrecken. Sie bestand darauf, den [&#8230;]\n","protected":false},"featured_media":30295,"template":"","meta":[],"product_brand":[],"product_cat":[21542],"product_tag":[],"class_list":{"0":"post-147047","1":"product","2":"type-product","3":"status-publish","4":"has-post-thumbnail","6":"product_cat-sachbuecher-dokumentationen","7":"pa_autor-howkins","8":"pa_erscheinungsjahr-22292","9":"pa_region-asien","10":"pa_sprache-de","12":"first","13":"instock","14":"taxable","15":"shipping-taxable","16":"purchasable","17":"product-type-simple"},"_links":{"self":[{"href":"https:\/\/pizbube.ch\/en\/wp-json\/wp\/v2\/product\/147047","targetHints":{"allow":["GET"]}}],"collection":[{"href":"https:\/\/pizbube.ch\/en\/wp-json\/wp\/v2\/product"}],"about":[{"href":"https:\/\/pizbube.ch\/en\/wp-json\/wp\/v2\/types\/product"}],"wp:featuredmedia":[{"embeddable":true,"href":"https:\/\/pizbube.ch\/en\/wp-json\/wp\/v2\/media\/30295"}],"wp:attachment":[{"href":"https:\/\/pizbube.ch\/en\/wp-json\/wp\/v2\/media?parent=147047"}],"wp:term":[{"taxonomy":"product_brand","embeddable":true,"href":"https:\/\/pizbube.ch\/en\/wp-json\/wp\/v2\/product_brand?post=147047"},{"taxonomy":"product_cat","embeddable":true,"href":"https:\/\/pizbube.ch\/en\/wp-json\/wp\/v2\/product_cat?post=147047"},{"taxonomy":"product_tag","embeddable":true,"href":"https:\/\/pizbube.ch\/en\/wp-json\/wp\/v2\/product_tag?post=147047"}],"curies":[{"name":"wp","href":"https:\/\/api.w.org\/{rel}","templated":true}]}}