{"id":147048,"date":"2021-01-15T10:54:37","date_gmt":"2021-01-15T10:54:37","guid":{"rendered":"https:\/\/codengine3.ch\/?product=import-placeholder-for-204014"},"modified":"2021-08-26T09:22:13","modified_gmt":"2021-08-26T07:22:13","slug":"k2-chogori-tb","status":"publish","type":"product","link":"https:\/\/pizbube.ch\/en\/shop\/k2-chogori-tb\/","title":{"rendered":"K2 &#8211; Chogori (TB)"},"content":{"rendered":"<p>Der grosse Berg.<\/p>\n<p>Er ist schwieriger und gef\u00e4hrlicher als der Everest: der K2, der \u201eBerg der Berge\u201c. Und keiner kann davon packender und kompetenter berichten als Reinhold Messner. In dieser einzigartigen Chronik erz\u00e4hlt der ber\u00fchmteste Bergsteiger der Welt von allen markanten Episoden aus der Besteigungsgeschichte des K2.<\/p>\n<p>Die Felspyramide dieses Berges ist bis heute die gr\u00f6\u00dfte Herausforderung, die es f\u00fcr Extrembergsteiger gibt. Die Schwierigkeiten einer Expedition und die Kraft der Naturgewalten zeigen sich bei dem unzug\u00e4nglichsten der gro\u00dfen Achttausender noch weit dramatischer als bei anderen Gipfeln.<\/p>\n<p>Die herausragenden Schl\u00fcsselereignisse am K2 und auch seine eigene, erfolgreiche Expedition im Jahre 1979 schildert Messner in diesem Band.<\/p>\n<p>3. Auflage;<br \/>\nZahlr. s\/w., farb. Fotos. 281 S. Taschenbuchausgabe.<\/p>","protected":false},"excerpt":{"rendered":"<p>Der grosse Berg. Er ist schwieriger und gef\u00e4hrlicher als der Everest: der K2, der \u201eBerg der Berge\u201c. Und keiner kann davon packender und kompetenter berichten als Reinhold Messner. In dieser einzigartigen Chronik erz\u00e4hlt der ber\u00fchmteste Bergsteiger der Welt von allen markanten Episoden aus der Besteigungsgeschichte des K2. Die Felspyramide dieses Berges ist bis heute die [&#8230;]\n","protected":false},"featured_media":158539,"template":"","meta":[],"product_brand":[],"product_cat":[21542],"product_tag":[],"class_list":{"0":"post-147048","1":"product","2":"type-product","3":"status-publish","4":"has-post-thumbnail","6":"product_cat-sachbuecher-dokumentationen","7":"pa_autor-messner","8":"pa_erscheinungsjahr-21568","9":"pa_region-asien","10":"pa_sprache-de","12":"first","13":"instock","14":"taxable","15":"shipping-taxable","16":"purchasable","17":"product-type-simple"},"_links":{"self":[{"href":"https:\/\/pizbube.ch\/en\/wp-json\/wp\/v2\/product\/147048","targetHints":{"allow":["GET"]}}],"collection":[{"href":"https:\/\/pizbube.ch\/en\/wp-json\/wp\/v2\/product"}],"about":[{"href":"https:\/\/pizbube.ch\/en\/wp-json\/wp\/v2\/types\/product"}],"wp:featuredmedia":[{"embeddable":true,"href":"https:\/\/pizbube.ch\/en\/wp-json\/wp\/v2\/media\/158539"}],"wp:attachment":[{"href":"https:\/\/pizbube.ch\/en\/wp-json\/wp\/v2\/media?parent=147048"}],"wp:term":[{"taxonomy":"product_brand","embeddable":true,"href":"https:\/\/pizbube.ch\/en\/wp-json\/wp\/v2\/product_brand?post=147048"},{"taxonomy":"product_cat","embeddable":true,"href":"https:\/\/pizbube.ch\/en\/wp-json\/wp\/v2\/product_cat?post=147048"},{"taxonomy":"product_tag","embeddable":true,"href":"https:\/\/pizbube.ch\/en\/wp-json\/wp\/v2\/product_tag?post=147048"}],"curies":[{"name":"wp","href":"https:\/\/api.w.org\/{rel}","templated":true}]}}