{"id":147052,"date":"2021-01-15T10:54:38","date_gmt":"2021-01-15T10:54:38","guid":{"rendered":"https:\/\/codengine3.ch\/?product=import-placeholder-for-206487"},"modified":"2021-01-15T14:49:20","modified_gmt":"2021-01-15T14:49:20","slug":"k2-traum-und-schicksal-dvd","status":"publish","type":"product","link":"https:\/\/pizbube.ch\/en\/shop\/k2-traum-und-schicksal-dvd\/","title":{"rendered":"K2 &#8211; Traum und Schicksal DVD"},"content":{"rendered":"<p>Der K2, der zweith\u00f6chste Berg der Welt und f\u00fcr Bergsteiger die Wahrscheinlich<br \/>\ngr\u00f6\u00dfte Herausforderung. Das h\u00f6chste Filmteam der Welt, Kurt Diemberger und<br \/>\nJulie Tullis versuchen den Berg der Berge schon seit Jahren zu bezwingen, im<br \/>\nSommer 1986 soll es nun endlich soweit sein. Der fesselnde Bericht \u00fcber die<br \/>\nExtrembergsteiger und ihr Ringen mit dem K2 ist eine der packensten<br \/>\nDokumentationen. Minuti\u00f6s zeichnet Diemberger die Geschehnisse dieser Tage<br \/>\nnach und erkl\u00e4rt die Ursachen die schlie\u00dflich zu einer der gr\u00f6\u00dften Trag\u00f6dien<br \/>\nder Bergsteigergeschichte werden sollten.<br \/>\nSprachen: Deutsch; Bildformat: 4:3 Fullscreen; Gesamtlaufzeit: 60 Min.  <\/p>","protected":false},"excerpt":{"rendered":"<p>Der K2, der zweith\u00f6chste Berg der Welt und f\u00fcr Bergsteiger die Wahrscheinlich gr\u00f6\u00dfte Herausforderung. Das h\u00f6chste Filmteam der Welt, Kurt Diemberger und Julie Tullis versuchen den Berg der Berge schon seit Jahren zu bezwingen, im Sommer 1986 soll es nun endlich soweit sein. Der fesselnde Bericht \u00fcber die Extrembergsteiger und ihr Ringen mit dem K2 [&#8230;]\n","protected":false},"featured_media":35534,"template":"","meta":[],"product_brand":[],"product_cat":[21628],"product_tag":[],"class_list":{"0":"post-147052","1":"product","2":"type-product","3":"status-publish","4":"has-post-thumbnail","6":"product_cat-video-dvd-multimedia","7":"pa_autor-diemberger-tullis","8":"pa_erscheinungsjahr-21830","9":"pa_region-asien","10":"pa_sprache-de","12":"first","13":"outofstock","14":"taxable","15":"shipping-taxable","16":"purchasable","17":"product-type-simple"},"_links":{"self":[{"href":"https:\/\/pizbube.ch\/en\/wp-json\/wp\/v2\/product\/147052","targetHints":{"allow":["GET"]}}],"collection":[{"href":"https:\/\/pizbube.ch\/en\/wp-json\/wp\/v2\/product"}],"about":[{"href":"https:\/\/pizbube.ch\/en\/wp-json\/wp\/v2\/types\/product"}],"wp:featuredmedia":[{"embeddable":true,"href":"https:\/\/pizbube.ch\/en\/wp-json\/wp\/v2\/media\/35534"}],"wp:attachment":[{"href":"https:\/\/pizbube.ch\/en\/wp-json\/wp\/v2\/media?parent=147052"}],"wp:term":[{"taxonomy":"product_brand","embeddable":true,"href":"https:\/\/pizbube.ch\/en\/wp-json\/wp\/v2\/product_brand?post=147052"},{"taxonomy":"product_cat","embeddable":true,"href":"https:\/\/pizbube.ch\/en\/wp-json\/wp\/v2\/product_cat?post=147052"},{"taxonomy":"product_tag","embeddable":true,"href":"https:\/\/pizbube.ch\/en\/wp-json\/wp\/v2\/product_tag?post=147052"}],"curies":[{"name":"wp","href":"https:\/\/api.w.org\/{rel}","templated":true}]}}