{"id":147054,"date":"2021-01-15T10:54:38","date_gmt":"2021-01-15T10:54:38","guid":{"rendered":"https:\/\/codengine3.ch\/?product=import-placeholder-for-200150"},"modified":"2021-01-15T10:54:47","modified_gmt":"2021-01-15T10:54:47","slug":"k2-die-grosse-herausforderung","status":"publish","type":"product","link":"https:\/\/pizbube.ch\/en\/shop\/k2-die-grosse-herausforderung\/","title":{"rendered":"K2 &#8211; Die gro\u00dfe Herausforderung"},"content":{"rendered":"<p>Der K2, der zweite &#171;Achttausender&#187; der Erde, ist der schwierigste,<br \/>\ngef\u00e4hrlichste und sch\u00f6nste.  <\/p>\n<p>Diese vollst\u00e4ndig \u00fcberarbeitete und um 16 Seiten erweiterte Neuauflage<br \/>\nbeschreibt die Expeditionen von der Zeit, als die Italiener Compagnoni und<br \/>\nLacedelli 1954 seinen Gipfel erklommen, bis zu den neuesten Herausforderungen,<br \/>\ndenen sich Menschen aller Nationen zur Bezwingung dieses Giganten mutig<br \/>\nstellen.  <\/p>","protected":false},"excerpt":{"rendered":"<p>Der K2, der zweite &#171;Achttausender&#187; der Erde, ist der schwierigste, gef\u00e4hrlichste und sch\u00f6nste. Diese vollst\u00e4ndig \u00fcberarbeitete und um 16 Seiten erweiterte Neuauflage beschreibt die Expeditionen von der Zeit, als die Italiener Compagnoni und Lacedelli 1954 seinen Gipfel erklommen, bis zu den neuesten Herausforderungen, denen sich Menschen aller Nationen zur Bezwingung dieses Giganten mutig stellen.<\/p>","protected":false},"featured_media":26052,"template":"","meta":[],"product_brand":[],"product_cat":[21542],"product_tag":[],"class_list":{"0":"post-147054","1":"product","2":"type-product","3":"status-publish","4":"has-post-thumbnail","6":"product_cat-sachbuecher-dokumentationen","7":"pa_autor-mantovani-diemberger","8":"pa_erscheinungsjahr-21568","9":"pa_region-asien","10":"pa_sprache-de","12":"first","13":"outofstock","14":"taxable","15":"shipping-taxable","16":"purchasable","17":"product-type-simple"},"_links":{"self":[{"href":"https:\/\/pizbube.ch\/en\/wp-json\/wp\/v2\/product\/147054","targetHints":{"allow":["GET"]}}],"collection":[{"href":"https:\/\/pizbube.ch\/en\/wp-json\/wp\/v2\/product"}],"about":[{"href":"https:\/\/pizbube.ch\/en\/wp-json\/wp\/v2\/types\/product"}],"wp:featuredmedia":[{"embeddable":true,"href":"https:\/\/pizbube.ch\/en\/wp-json\/wp\/v2\/media\/26052"}],"wp:attachment":[{"href":"https:\/\/pizbube.ch\/en\/wp-json\/wp\/v2\/media?parent=147054"}],"wp:term":[{"taxonomy":"product_brand","embeddable":true,"href":"https:\/\/pizbube.ch\/en\/wp-json\/wp\/v2\/product_brand?post=147054"},{"taxonomy":"product_cat","embeddable":true,"href":"https:\/\/pizbube.ch\/en\/wp-json\/wp\/v2\/product_cat?post=147054"},{"taxonomy":"product_tag","embeddable":true,"href":"https:\/\/pizbube.ch\/en\/wp-json\/wp\/v2\/product_tag?post=147054"}],"curies":[{"name":"wp","href":"https:\/\/api.w.org\/{rel}","templated":true}]}}