{"id":147055,"date":"2021-01-15T10:54:38","date_gmt":"2021-01-15T10:54:38","guid":{"rendered":"https:\/\/codengine3.ch\/?product=import-placeholder-for-207464"},"modified":"2021-01-15T16:03:33","modified_gmt":"2021-01-15T16:03:33","slug":"7-tage-im-september-dvd","status":"publish","type":"product","link":"https:\/\/pizbube.ch\/en\/shop\/7-tage-im-september-dvd\/","title":{"rendered":"7 Tage im September (DVD)"},"content":{"rendered":"<p>Atemberaubende Dokumentation \u00fcber zwei Extrembergsteiger, die trotz eines<br \/>\nLawinenungl\u00fccks den 8.163 Meter hohen Manaslu im Himalaya besteigen!<\/p>\n<p>Am 30. September 2012 stellt der M\u00fcnchner Benedikt B\u00f6hm im Himalaya einen<br \/>\nneuen Weltrekord auf: In nur 15 Stunden besteigt er den 8.163 Meter hohen<br \/>\nManaslu in Nepal. Tage zuvor hatte jedoch eine gewaltige Lawinenkatastrophe<br \/>\nden Manaslu ersch\u00fcttert und auf einer Breite von einem Kilometer die<br \/>\nBergsteiger, die dort campierten, im Schlaf \u00fcberrascht und das gesamte Camp<br \/>\nmit sich gerissen. Benedikt und sein Team, darunter auch der bekannte<br \/>\nBergsteiger und Freund Sebastian Haag, hatten ihre Zelte nur wenige hundert<br \/>\nMeter weit entfernt aufgeschlagen und waren die ersten Helfer. Insgesamt<br \/>\nfanden 11 Bergsteiger in dieser Nacht den Tod.<\/p>\n<p>Der Film erz\u00e4hlt die abenteuerliche Geschichte der zwei Ausnahmebergsteiger<br \/>\nBenedikt B\u00f6hm und Sebastian Haag, ihrer Freundschaft und Rivalit\u00e4t, ihrer Lust<br \/>\nam Risiko und ihrer Verantwortung gegen\u00fcber der eigenen Familie. Er erz\u00e4hlt<br \/>\naber auch vom Schicksal derer, die mit der gleichen Vision aufbrachen und<br \/>\nderen Leben sich an diesem verh\u00e4ngnisvollen Tag f\u00fcr immer ver\u00e4nderte. Die<br \/>\nitalienische Bergsteigerlegende Silvio Mondinelli, einer der Versch\u00fctteten,<br \/>\nkommt ebenso zu Wort, wie die Witwe des franz\u00f6sischen Bergsteigers R\u00e9my<br \/>\nL\u00e9cluse, der in der Lawine sein Leben verlor. Ausserdem Greg Hill, der<br \/>\nKameramann von B\u00f6hm und Haag.<\/p>\n<p>Umfangreiche Pressebemusterung<br \/>\nReviews in allen relevanten DVD- und Filmmagazinen<\/p>\n<p>Bonus<\/p>\n<p>Interviews mit Benedikt B\u00f6hm und Sebastian Haag<\/p>","protected":false},"excerpt":{"rendered":"<ul>\n<li><a href=\"https:\/\/youtu.be\/4i-j6j75SMQ\" target=\"_blank\" rel=\"noopener\">Video: Trailer 7 Tage im September<\/a><\/li>\n<\/ul>","protected":false},"featured_media":37599,"template":"","meta":[],"product_brand":[],"product_cat":[21628],"product_tag":[],"class_list":{"0":"post-147055","1":"product","2":"type-product","3":"status-publish","4":"has-post-thumbnail","6":"product_cat-video-dvd-multimedia","7":"pa_autor-scheuren","8":"pa_erscheinungsjahr-21550","9":"pa_region-asien","10":"pa_sprache-de","12":"first","13":"instock","14":"taxable","15":"shipping-taxable","16":"purchasable","17":"product-type-simple"},"_links":{"self":[{"href":"https:\/\/pizbube.ch\/en\/wp-json\/wp\/v2\/product\/147055","targetHints":{"allow":["GET"]}}],"collection":[{"href":"https:\/\/pizbube.ch\/en\/wp-json\/wp\/v2\/product"}],"about":[{"href":"https:\/\/pizbube.ch\/en\/wp-json\/wp\/v2\/types\/product"}],"wp:featuredmedia":[{"embeddable":true,"href":"https:\/\/pizbube.ch\/en\/wp-json\/wp\/v2\/media\/37599"}],"wp:attachment":[{"href":"https:\/\/pizbube.ch\/en\/wp-json\/wp\/v2\/media?parent=147055"}],"wp:term":[{"taxonomy":"product_brand","embeddable":true,"href":"https:\/\/pizbube.ch\/en\/wp-json\/wp\/v2\/product_brand?post=147055"},{"taxonomy":"product_cat","embeddable":true,"href":"https:\/\/pizbube.ch\/en\/wp-json\/wp\/v2\/product_cat?post=147055"},{"taxonomy":"product_tag","embeddable":true,"href":"https:\/\/pizbube.ch\/en\/wp-json\/wp\/v2\/product_tag?post=147055"}],"curies":[{"name":"wp","href":"https:\/\/api.w.org\/{rel}","templated":true}]}}