{"id":147058,"date":"2021-01-15T10:54:38","date_gmt":"2021-01-15T10:54:38","guid":{"rendered":"https:\/\/codengine3.ch\/?product=import-placeholder-for-202606"},"modified":"2024-10-24T10:06:04","modified_gmt":"2024-10-24T08:06:04","slug":"dolomiten-dolomiti-dolomites-dolomitis-1-200000","status":"publish","type":"product","link":"https:\/\/pizbube.ch\/en\/shop\/dolomiten-dolomiti-dolomites-dolomitis-1-200000\/","title":{"rendered":"Dolomiten Dolomiti Dolomites Dolomitis 1: 200&#8217;000"},"content":{"rendered":"<p>Panoramakarte und Strassenkarte f\u00fcr die ganzen Dolomiten, mit Campingpl\u00e4tzen<br \/>\nund Sehensw\u00fcrdigkeiten.<\/p>\n<p>Gute \u00dcbersichtskarte der ganzen Dolomiten.<\/p>\n<p class=\"page-title\"><span class=\"base\" data-ui-id=\"page-title-wrapper\">Tabacco-Stra\u00dfenkarte Dolomiti\/Dolomiten, Lago di Garda\/Gardasee, Venezia\/Venedig 1:200.000<\/span><\/p>\n<p>Carta panoramica e stradale 1:200.000<\/p>","protected":false},"excerpt":{"rendered":"<p>Panoramakarte und Strassenkarte f\u00fcr die ganzen Dolomiten, mit Campingpl\u00e4tzen und Sehensw\u00fcrdigkeiten. Gute \u00dcbersichtskarte der ganzen Dolomiten. Tabacco-Stra\u00dfenkarte Dolomiti\/Dolomiten, Lago di Garda\/Gardasee, Venezia\/Venedig 1:200.000 Carta panoramica e stradale 1:200.000<\/p>","protected":false},"featured_media":172362,"template":"","meta":[],"product_brand":[],"product_cat":[21543],"product_tag":[],"class_list":{"0":"post-147058","1":"product","2":"type-product","3":"status-publish","4":"has-post-thumbnail","6":"product_cat-landkarten","7":"pa_autor-tabacco","8":"pa_erscheinungsjahr-21586","9":"pa_region-italien","10":"pa_sprache-de-it","12":"first","13":"instock","14":"taxable","15":"shipping-taxable","16":"purchasable","17":"product-type-simple"},"_links":{"self":[{"href":"https:\/\/pizbube.ch\/en\/wp-json\/wp\/v2\/product\/147058","targetHints":{"allow":["GET"]}}],"collection":[{"href":"https:\/\/pizbube.ch\/en\/wp-json\/wp\/v2\/product"}],"about":[{"href":"https:\/\/pizbube.ch\/en\/wp-json\/wp\/v2\/types\/product"}],"wp:featuredmedia":[{"embeddable":true,"href":"https:\/\/pizbube.ch\/en\/wp-json\/wp\/v2\/media\/172362"}],"wp:attachment":[{"href":"https:\/\/pizbube.ch\/en\/wp-json\/wp\/v2\/media?parent=147058"}],"wp:term":[{"taxonomy":"product_brand","embeddable":true,"href":"https:\/\/pizbube.ch\/en\/wp-json\/wp\/v2\/product_brand?post=147058"},{"taxonomy":"product_cat","embeddable":true,"href":"https:\/\/pizbube.ch\/en\/wp-json\/wp\/v2\/product_cat?post=147058"},{"taxonomy":"product_tag","embeddable":true,"href":"https:\/\/pizbube.ch\/en\/wp-json\/wp\/v2\/product_tag?post=147058"}],"curies":[{"name":"wp","href":"https:\/\/api.w.org\/{rel}","templated":true}]}}