{"id":147059,"date":"2021-01-15T10:54:38","date_gmt":"2021-01-15T10:54:38","guid":{"rendered":"https:\/\/codengine3.ch\/?product=import-placeholder-for-205631"},"modified":"2026-02-20T08:51:38","modified_gmt":"2026-02-20T07:51:38","slug":"carte-generale-des-pyrenees-1400000","status":"publish","type":"product","link":"https:\/\/pizbube.ch\/en\/shop\/carte-generale-des-pyrenees-1400000\/","title":{"rendered":"Carte g\u00e9n\u00e9rale des Pyr\u00e9n\u00e9es 1:400&#8217;000"},"content":{"rendered":"<p>Generalkarte \/ \u00dcbersichtskarte der Pyren\u00e4een 1: 400 000<br \/>\nOverview map of the Pyrenees 1: 400 000<br \/>\nPirineos Mapa general 1: 400 000<br \/>\nPYRENEES FRANCE\/ESPAGNE &#8211; 1:400.000<\/p>\n<p>Toutes les Pyr\u00e9n\u00e9es en une seule carte \u00e0 usage touristique. Les Pyr\u00e9n\u00e9es vues<br \/>\ncomme un trait d&#8217;union et non comme une barri\u00e8re.<br \/>\nUn document unique pour saisir d&#8217;un seul regard les &#8218;Pyr\u00e9n\u00e9es Montagne<br \/>\nd&#8217;Europe&#8216;.<\/p>","protected":false},"excerpt":{"rendered":"<p>Generalkarte \/ \u00dcbersichtskarte der Pyren\u00e4een 1: 400 000 Overview map of the Pyrenees 1: 400 000 Pirineos Mapa general 1: 400 000 PYRENEES FRANCE\/ESPAGNE &#8211; 1:400.000 Toutes les Pyr\u00e9n\u00e9es en une seule carte \u00e0 usage touristique. Les Pyr\u00e9n\u00e9es vues comme un trait d&#8217;union et non comme une barri\u00e8re. Un document unique pour saisir d&#8217;un seul [&#8230;]\n","protected":false},"featured_media":158329,"template":"","meta":[],"product_brand":[],"product_cat":[21543],"product_tag":[],"class_list":{"0":"post-147059","1":"product","2":"type-product","3":"status-publish","4":"has-post-thumbnail","6":"product_cat-landkarten","7":"pa_autor-rando","8":"pa_erscheinungsjahr-21571","9":"pa_region-spanien","10":"pa_sprache-d","11":"pa_sprache-e","12":"pa_sprache-f","13":"pa_sprache-sp","15":"first","16":"outofstock","17":"taxable","18":"shipping-taxable","19":"purchasable","20":"product-type-simple"},"_links":{"self":[{"href":"https:\/\/pizbube.ch\/en\/wp-json\/wp\/v2\/product\/147059","targetHints":{"allow":["GET"]}}],"collection":[{"href":"https:\/\/pizbube.ch\/en\/wp-json\/wp\/v2\/product"}],"about":[{"href":"https:\/\/pizbube.ch\/en\/wp-json\/wp\/v2\/types\/product"}],"wp:featuredmedia":[{"embeddable":true,"href":"https:\/\/pizbube.ch\/en\/wp-json\/wp\/v2\/media\/158329"}],"wp:attachment":[{"href":"https:\/\/pizbube.ch\/en\/wp-json\/wp\/v2\/media?parent=147059"}],"wp:term":[{"taxonomy":"product_brand","embeddable":true,"href":"https:\/\/pizbube.ch\/en\/wp-json\/wp\/v2\/product_brand?post=147059"},{"taxonomy":"product_cat","embeddable":true,"href":"https:\/\/pizbube.ch\/en\/wp-json\/wp\/v2\/product_cat?post=147059"},{"taxonomy":"product_tag","embeddable":true,"href":"https:\/\/pizbube.ch\/en\/wp-json\/wp\/v2\/product_tag?post=147059"}],"curies":[{"name":"wp","href":"https:\/\/api.w.org\/{rel}","templated":true}]}}