{"id":147062,"date":"2021-01-15T10:54:38","date_gmt":"2021-01-15T10:54:38","guid":{"rendered":"https:\/\/codengine3.ch\/?product=import-placeholder-for-206109"},"modified":"2025-03-04T09:23:01","modified_gmt":"2025-03-04T08:23:01","slug":"die-alpen-geo-special","status":"publish","type":"product","link":"https:\/\/pizbube.ch\/en\/shop\/die-alpen-geo-special\/","title":{"rendered":"Die Alpen &#8211; Geo special"},"content":{"rendered":"<p>Unterwegs in unserer nahen Wildnis<\/p>\n<p>Themen dieses Heftes:<\/p>\n<p>H\u00d6HEPUNKTE. H\u00fctten f\u00fcr Hochgef\u00fchle vom Weisshorn bis zu den Drei Zinnen.<br \/>\nALPEN A LA CARTE. Gebirgsz\u00fcge und Wasserscheiden, Nationalparks und<br \/>\nSprachgewirr.<br \/>\nHEIMATTREKKING. Auf der Via Alta Bavarica in 22 Tagen vom Karwendel ins<br \/>\nAllg\u00e4u.<br \/>\nUND SIE BEWEGEN SICH NOCH. Geologie: Europas Dach mit anderen Augen sehen.<\/p>\n<p>WEN DER BERG RUFT. F\u00fcnf Alpinisten und ihr Schicksalsgipfel.<br \/>\nGESCHICHTEN VON LEIDEN UND LEIDENSCHAFT. Die Gipfelbuch-Sch\u00e4tze des Deutschen<br \/>\nAlpenvereins.<br \/>\nHOCHSOMMER-M\u00c4RCHEN. Zw\u00f6lf Tipps f\u00fcr den perfekten Sommertag in den Bergen.<br \/>\nMIST &amp; GLORIA. St. Moritz &#8211; hinter den Kulissen einer alpinen Trend-<br \/>\nDestination.<br \/>\nMIT SENSE UND GABEL. K\u00f6chin Sarah Wiener auf kulinarischer Gipfeltour.<\/p>\n<p>ZUR\u00dcCK ZUR NATUR. Eine einsame Wanderung durch die neue Wildnis des Val<br \/>\nGrande.<br \/>\nDER WILL NUR SPIELEN. Herbert Pixner und die n\u00e4chste Generation von<br \/>\nAlpenmusikern.<br \/>\nAUF DIE BERGE, FERTIG, LOS! Von Hangsprintern, Aufwindfliegern und<br \/>\nK\u00e4ltetrotzern.<br \/>\nWIE LEBT ES SICH EIGENTLICH &#8230; &#8230;als Wilde Kaiserin?<\/p>","protected":false},"excerpt":{"rendered":"<p>Unterwegs in unserer nahen Wildnis Themen dieses Heftes: H\u00d6HEPUNKTE. H\u00fctten f\u00fcr Hochgef\u00fchle vom Weisshorn bis zu den Drei Zinnen. ALPEN A LA CARTE. Gebirgsz\u00fcge und Wasserscheiden, Nationalparks und Sprachgewirr. HEIMATTREKKING. Auf der Via Alta Bavarica in 22 Tagen vom Karwendel ins Allg\u00e4u. UND SIE BEWEGEN SICH NOCH. Geologie: Europas Dach mit anderen Augen sehen. WEN [&#8230;]\n","protected":false},"featured_media":35026,"template":"","meta":[],"product_brand":[],"product_cat":[21541],"product_tag":[],"class_list":{"0":"post-147062","1":"product","2":"type-product","3":"status-publish","4":"has-post-thumbnail","6":"product_cat-zeitschriften","7":"pa_autor-geo","8":"pa_erscheinungsjahr-21830","9":"pa_region-deutschland","10":"pa_sprache-de","12":"first","13":"outofstock","14":"taxable","15":"shipping-taxable","16":"purchasable","17":"product-type-simple"},"_links":{"self":[{"href":"https:\/\/pizbube.ch\/en\/wp-json\/wp\/v2\/product\/147062","targetHints":{"allow":["GET"]}}],"collection":[{"href":"https:\/\/pizbube.ch\/en\/wp-json\/wp\/v2\/product"}],"about":[{"href":"https:\/\/pizbube.ch\/en\/wp-json\/wp\/v2\/types\/product"}],"wp:featuredmedia":[{"embeddable":true,"href":"https:\/\/pizbube.ch\/en\/wp-json\/wp\/v2\/media\/35026"}],"wp:attachment":[{"href":"https:\/\/pizbube.ch\/en\/wp-json\/wp\/v2\/media?parent=147062"}],"wp:term":[{"taxonomy":"product_brand","embeddable":true,"href":"https:\/\/pizbube.ch\/en\/wp-json\/wp\/v2\/product_brand?post=147062"},{"taxonomy":"product_cat","embeddable":true,"href":"https:\/\/pizbube.ch\/en\/wp-json\/wp\/v2\/product_cat?post=147062"},{"taxonomy":"product_tag","embeddable":true,"href":"https:\/\/pizbube.ch\/en\/wp-json\/wp\/v2\/product_tag?post=147062"}],"curies":[{"name":"wp","href":"https:\/\/api.w.org\/{rel}","templated":true}]}}