{"id":147063,"date":"2021-01-15T10:54:38","date_gmt":"2021-01-15T10:54:38","guid":{"rendered":"https:\/\/codengine3.ch\/?product=import-placeholder-for-207217"},"modified":"2021-12-15T16:12:30","modified_gmt":"2021-12-15T15:12:30","slug":"alps-alpen-alpes-alpi-3d-reliefpostkarte-alpen","status":"publish","type":"product","link":"https:\/\/pizbube.ch\/en\/shop\/alps-alpen-alpes-alpi-3d-reliefpostkarte-alpen\/","title":{"rendered":"Alps \/ Alpen \/ Alpes \/ Alpi &#8211; 3D Reliefpostkarte Alpen"},"content":{"rendered":"<p>Einzigartig: die Alpen von Wien bis Nizza als Reliefpostkarte.<\/p>\n<div class=\"woocommerce-product-details__short-description\">\n<p>\u2022 Ma\u00dfe: ca. 148 x 105 x 4mm<br \/>\n\u2022 Ma\u00dfstab: 1 : 6.200.000<br \/>\n\u2022 \u00dcberh\u00f6hungsfaktor: ca. 6<\/p>\n<p>Unser Reliefkarten der Alpen sollen Sehns\u00fcchte wecken, geographische Zusammenh\u00e4nge aufzeigen, zu Planungszwecken dienen und nicht zuletzt eine optische und haptische (erf\u00fchlbare) Bereicherung f\u00fcr Schulen, Touristeninformationen, B\u00fcros und Wohnbereiche darstellen. Au\u00dferdem ist der Versand der Alpen als Postkarte einmal eine originelle M\u00f6glichkeit einen Urlaubsgruss zu versenden.<\/p>\n<\/div>","protected":false},"excerpt":{"rendered":"<p>Einzigartig: die Alpen von Wien bis Nizza als Reliefpostkarte. \u2022 Ma\u00dfe: ca. 148 x 105 x 4mm \u2022 Ma\u00dfstab: 1 : 6.200.000 \u2022 \u00dcberh\u00f6hungsfaktor: ca. 6 Unser Reliefkarten der Alpen sollen Sehns\u00fcchte wecken, geographische Zusammenh\u00e4nge aufzeigen, zu Planungszwecken dienen und nicht zuletzt eine optische und haptische (erf\u00fchlbare) Bereicherung f\u00fcr Schulen, Touristeninformationen, B\u00fcros und Wohnbereiche darstellen. [&#8230;]\n","protected":false},"featured_media":160053,"template":"","meta":[],"product_brand":[],"product_cat":[21853],"product_tag":[],"class_list":{"0":"post-147063","1":"product","2":"type-product","3":"status-publish","4":"has-post-thumbnail","6":"product_cat-ansichtskarten","7":"pa_autor-georelief","8":"pa_erscheinungsjahr-21621","9":"pa_region-uebrigers-europa","10":"pa_sprache-de","12":"first","13":"instock","14":"taxable","15":"shipping-taxable","16":"purchasable","17":"product-type-simple"},"_links":{"self":[{"href":"https:\/\/pizbube.ch\/en\/wp-json\/wp\/v2\/product\/147063","targetHints":{"allow":["GET"]}}],"collection":[{"href":"https:\/\/pizbube.ch\/en\/wp-json\/wp\/v2\/product"}],"about":[{"href":"https:\/\/pizbube.ch\/en\/wp-json\/wp\/v2\/types\/product"}],"wp:featuredmedia":[{"embeddable":true,"href":"https:\/\/pizbube.ch\/en\/wp-json\/wp\/v2\/media\/160053"}],"wp:attachment":[{"href":"https:\/\/pizbube.ch\/en\/wp-json\/wp\/v2\/media?parent=147063"}],"wp:term":[{"taxonomy":"product_brand","embeddable":true,"href":"https:\/\/pizbube.ch\/en\/wp-json\/wp\/v2\/product_brand?post=147063"},{"taxonomy":"product_cat","embeddable":true,"href":"https:\/\/pizbube.ch\/en\/wp-json\/wp\/v2\/product_cat?post=147063"},{"taxonomy":"product_tag","embeddable":true,"href":"https:\/\/pizbube.ch\/en\/wp-json\/wp\/v2\/product_tag?post=147063"}],"curies":[{"name":"wp","href":"https:\/\/api.w.org\/{rel}","templated":true}]}}