{"id":147064,"date":"2021-01-15T10:54:38","date_gmt":"2021-01-15T10:54:38","guid":{"rendered":"https:\/\/codengine3.ch\/?product=import-placeholder-for-200881"},"modified":"2021-01-15T11:01:44","modified_gmt":"2021-01-15T11:01:44","slug":"alpen-das-bedrohte-paradies","status":"publish","type":"product","link":"https:\/\/pizbube.ch\/en\/shop\/alpen-das-bedrohte-paradies\/","title":{"rendered":"Alpen &#8211; Das bedrohte Paradies"},"content":{"rendered":"<p>Wie weit will man gehen?<br \/>\nDie Alpen sind ein vielf\u00e4ltiges, artenreiches Naturparadies von unglaublicher<br \/>\nSch\u00f6nheit. Doch wie viel menschliche Eingriffe vertr\u00e4gt dieser Garten Eden?<br \/>\nDieser Bildband unterstreicht mit traumhaften Fotos zum einen die Majest\u00e4t der<br \/>\nBergwelt, offenbart aber auch die Folgen der Eingriffe in die Natur. Probleme<br \/>\naufzuzeigen, ohne Resignation hervorzurufen &#8211; diese Gratwanderung gelingt<br \/>\nAutor und Fotograf auf wunderbare Art und Weise.<br \/>\n192 Seiten, ca. 180 Abbildungen, Format 24,5 x 30,5 cm, Hardcover mit<br \/>\nSchutzumschlag  <\/p>","protected":false},"excerpt":{"rendered":"<p>Wie weit will man gehen? Die Alpen sind ein vielf\u00e4ltiges, artenreiches Naturparadies von unglaublicher Sch\u00f6nheit. Doch wie viel menschliche Eingriffe vertr\u00e4gt dieser Garten Eden? Dieser Bildband unterstreicht mit traumhaften Fotos zum einen die Majest\u00e4t der Bergwelt, offenbart aber auch die Folgen der Eingriffe in die Natur. Probleme aufzuzeigen, ohne Resignation hervorzurufen &#8211; diese Gratwanderung gelingt [&#8230;]\n","protected":false},"featured_media":27981,"template":"","meta":[],"product_brand":[],"product_cat":[21542],"product_tag":[],"class_list":{"0":"post-147064","1":"product","2":"type-product","3":"status-publish","4":"has-post-thumbnail","6":"product_cat-sachbuecher-dokumentationen","7":"pa_autor-huesler-strauss","8":"pa_erscheinungsjahr-21610","9":"pa_region-deutschland","10":"pa_sprache-de","12":"first","13":"instock","14":"taxable","15":"shipping-taxable","16":"purchasable","17":"product-type-simple"},"_links":{"self":[{"href":"https:\/\/pizbube.ch\/en\/wp-json\/wp\/v2\/product\/147064","targetHints":{"allow":["GET"]}}],"collection":[{"href":"https:\/\/pizbube.ch\/en\/wp-json\/wp\/v2\/product"}],"about":[{"href":"https:\/\/pizbube.ch\/en\/wp-json\/wp\/v2\/types\/product"}],"wp:featuredmedia":[{"embeddable":true,"href":"https:\/\/pizbube.ch\/en\/wp-json\/wp\/v2\/media\/27981"}],"wp:attachment":[{"href":"https:\/\/pizbube.ch\/en\/wp-json\/wp\/v2\/media?parent=147064"}],"wp:term":[{"taxonomy":"product_brand","embeddable":true,"href":"https:\/\/pizbube.ch\/en\/wp-json\/wp\/v2\/product_brand?post=147064"},{"taxonomy":"product_cat","embeddable":true,"href":"https:\/\/pizbube.ch\/en\/wp-json\/wp\/v2\/product_cat?post=147064"},{"taxonomy":"product_tag","embeddable":true,"href":"https:\/\/pizbube.ch\/en\/wp-json\/wp\/v2\/product_tag?post=147064"}],"curies":[{"name":"wp","href":"https:\/\/api.w.org\/{rel}","templated":true}]}}