{"id":147065,"date":"2021-01-15T10:54:38","date_gmt":"2021-01-15T10:54:38","guid":{"rendered":"https:\/\/codengine3.ch\/?product=import-placeholder-for-200146"},"modified":"2021-01-15T10:54:43","modified_gmt":"2021-01-15T10:54:43","slug":"vtt-haute-savoie-tome-1","status":"publish","type":"product","link":"https:\/\/pizbube.ch\/en\/shop\/vtt-haute-savoie-tome-1\/","title":{"rendered":"VTT Haute-Savoie Tome 1"},"content":{"rendered":"<p>SAL\u00c8VE \/ PAYS GENEVOIS \/ LAC D\u2019ANNECY \/ SEMNOZ \/ PETIT SEMNOZ \/ LAC DU BOURGET<br \/>\n\/ BORNE \/ ARAVIS \/ TRAVERS\u00c9E  <\/p>\n<p>En parcourant ce VTOPO, vous d\u00e9couvrirez 49 circuits VTT pour tous, de la<br \/>\nbalade familiale au trac\u00e9 plus technique pour d\u00e9couvrir le potentiel du<br \/>\nd\u00e9partement de cette partie de la Haute-Savoie. Inclus, une section \u00abTraver-<br \/>\ns\u00e9es\u00bb pour d\u00e9couvrir ce territoire d\u2019une autre mani\u00e8re !<br \/>\nAvec des donn\u00e9es claires et d\u00e9taill\u00e9es, des cartes pr\u00e9cises, des infos utiles<br \/>\net des photos de qualit\u00e9, le VTOPO devient la r\u00e9f\u00e9rence indispensable pour<br \/>\nprofiter \u00e0 100% de ces massifs. Enfin tous les circuits sont \u00e9valu\u00e9s gr\u00e2ce \u00e0<br \/>\nun syst\u00e8me de cotation pertinent allant de V1 \u00e0 V6.<\/p>","protected":false},"excerpt":{"rendered":"<p>SAL\u00c8VE \/ PAYS GENEVOIS \/ LAC D\u2019ANNECY \/ SEMNOZ \/ PETIT SEMNOZ \/ LAC DU BOURGET \/ BORNE \/ ARAVIS \/ TRAVERS\u00c9E En parcourant ce VTOPO, vous d\u00e9couvrirez 49 circuits VTT pour tous, de la balade familiale au trac\u00e9 plus technique pour d\u00e9couvrir le potentiel du d\u00e9partement de cette partie de la Haute-Savoie. Inclus, une [&#8230;]\n","protected":false},"featured_media":26045,"template":"","meta":[],"product_brand":[],"product_cat":[21606],"product_tag":[],"class_list":{"0":"post-147065","1":"product","2":"type-product","3":"status-publish","4":"has-post-thumbnail","6":"product_cat-mountainbikefuehrer","7":"pa_autor-de-smet-tomasi","8":"pa_erscheinungsjahr-21550","9":"pa_region-frankreich","10":"pa_sprache-fr","12":"first","13":"instock","14":"taxable","15":"shipping-taxable","16":"purchasable","17":"product-type-simple"},"_links":{"self":[{"href":"https:\/\/pizbube.ch\/en\/wp-json\/wp\/v2\/product\/147065","targetHints":{"allow":["GET"]}}],"collection":[{"href":"https:\/\/pizbube.ch\/en\/wp-json\/wp\/v2\/product"}],"about":[{"href":"https:\/\/pizbube.ch\/en\/wp-json\/wp\/v2\/types\/product"}],"wp:featuredmedia":[{"embeddable":true,"href":"https:\/\/pizbube.ch\/en\/wp-json\/wp\/v2\/media\/26045"}],"wp:attachment":[{"href":"https:\/\/pizbube.ch\/en\/wp-json\/wp\/v2\/media?parent=147065"}],"wp:term":[{"taxonomy":"product_brand","embeddable":true,"href":"https:\/\/pizbube.ch\/en\/wp-json\/wp\/v2\/product_brand?post=147065"},{"taxonomy":"product_cat","embeddable":true,"href":"https:\/\/pizbube.ch\/en\/wp-json\/wp\/v2\/product_cat?post=147065"},{"taxonomy":"product_tag","embeddable":true,"href":"https:\/\/pizbube.ch\/en\/wp-json\/wp\/v2\/product_tag?post=147065"}],"curies":[{"name":"wp","href":"https:\/\/api.w.org\/{rel}","templated":true}]}}