{"id":147066,"date":"2021-01-15T10:54:38","date_gmt":"2021-01-15T10:54:38","guid":{"rendered":"https:\/\/codengine3.ch\/?product=import-placeholder-for-205381"},"modified":"2021-01-15T14:40:47","modified_gmt":"2021-01-15T14:40:47","slug":"vtt-chablais","status":"publish","type":"product","link":"https:\/\/pizbube.ch\/en\/shop\/vtt-chablais\/","title":{"rendered":"VTT chablais"},"content":{"rendered":"<p>\nDu L\u00e9man aux Portes du Soleil  <\/p>\n<p>Situ\u00e9 au nord du d\u00e9partement de la Haute-Savoie, le Chablais offre une palette<br \/>\npresque illimit\u00e9e de toutes les pratiques :<br \/>\nVTT bucolique au bord du lac L\u00e9man, familial sur les collines qui dominent le<br \/>\nlac, sportif p\u00e9dalant en pays de Gavot, sportif engag\u00e9 dans les hauteurs<br \/>\nmontagnardes avec, comme point d?orgue, le tour franco-suisse des Portes du<br \/>\nSoleil.<\/p>","protected":false},"excerpt":{"rendered":"<p>Du L\u00e9man aux Portes du Soleil Situ\u00e9 au nord du d\u00e9partement de la Haute-Savoie, le Chablais offre une palette presque illimit\u00e9e de toutes les pratiques : VTT bucolique au bord du lac L\u00e9man, familial sur les collines qui dominent le lac, sportif p\u00e9dalant en pays de Gavot, sportif engag\u00e9 dans les hauteurs montagnardes avec, comme [&#8230;]\n","protected":false},"featured_media":34067,"template":"","meta":[],"product_brand":[],"product_cat":[21606],"product_tag":[],"class_list":{"0":"post-147066","1":"product","2":"type-product","3":"status-publish","4":"has-post-thumbnail","6":"product_cat-mountainbikefuehrer","7":"pa_autor-deroussen","8":"pa_erscheinungsjahr-21591","9":"pa_region-frankreich","10":"pa_sprache-fr","12":"first","13":"instock","14":"taxable","15":"shipping-taxable","16":"purchasable","17":"product-type-simple"},"_links":{"self":[{"href":"https:\/\/pizbube.ch\/en\/wp-json\/wp\/v2\/product\/147066","targetHints":{"allow":["GET"]}}],"collection":[{"href":"https:\/\/pizbube.ch\/en\/wp-json\/wp\/v2\/product"}],"about":[{"href":"https:\/\/pizbube.ch\/en\/wp-json\/wp\/v2\/types\/product"}],"wp:featuredmedia":[{"embeddable":true,"href":"https:\/\/pizbube.ch\/en\/wp-json\/wp\/v2\/media\/34067"}],"wp:attachment":[{"href":"https:\/\/pizbube.ch\/en\/wp-json\/wp\/v2\/media?parent=147066"}],"wp:term":[{"taxonomy":"product_brand","embeddable":true,"href":"https:\/\/pizbube.ch\/en\/wp-json\/wp\/v2\/product_brand?post=147066"},{"taxonomy":"product_cat","embeddable":true,"href":"https:\/\/pizbube.ch\/en\/wp-json\/wp\/v2\/product_cat?post=147066"},{"taxonomy":"product_tag","embeddable":true,"href":"https:\/\/pizbube.ch\/en\/wp-json\/wp\/v2\/product_tag?post=147066"}],"curies":[{"name":"wp","href":"https:\/\/api.w.org\/{rel}","templated":true}]}}