{"id":147067,"date":"2021-01-15T10:54:38","date_gmt":"2021-01-15T10:54:38","guid":{"rendered":"https:\/\/codengine3.ch\/?product=import-placeholder-for-206288"},"modified":"2021-01-15T14:47:50","modified_gmt":"2021-01-15T14:47:50","slug":"savoie-tome-1-81-circuits-vtt","status":"publish","type":"product","link":"https:\/\/pizbube.ch\/en\/shop\/savoie-tome-1-81-circuits-vtt\/","title":{"rendered":"SAVOIE TOME 1 &#8211; 81 Circuits VTT"},"content":{"rendered":"<p>\nPremier tome 1 sur le d\u00e9partement de la Savoie, voici un ouvrage complet \u00e0<br \/>\nmettre entre toutes les mains : prartique en famille, balade sportive, ou<br \/>\ntrac\u00e9 montagne, tout y est ! 81 circuits des bords du lac d\u2019Aix-les-Bains \u00e0 la<br \/>\nHaute Maurienne, en passant par Valloire, la Maurienne, la r\u00e9gion de Chamb\u00e9ry,<br \/>\nmassif des aiguilles d\u2019Arves&#8230;  <\/p>\n<p>Inclus une section sp\u00e9ciale V\u00e9lo de Montagne pour les chasseurs de sommets.  <\/p>","protected":false},"excerpt":{"rendered":"<p>Premier tome 1 sur le d\u00e9partement de la Savoie, voici un ouvrage complet \u00e0 mettre entre toutes les mains : prartique en famille, balade sportive, ou trac\u00e9 montagne, tout y est ! 81 circuits des bords du lac d\u2019Aix-les-Bains \u00e0 la Haute Maurienne, en passant par Valloire, la Maurienne, la r\u00e9gion de Chamb\u00e9ry, massif des [&#8230;]\n","protected":false},"featured_media":35275,"template":"","meta":[],"product_brand":[],"product_cat":[21606],"product_tag":[],"class_list":{"0":"post-147067","1":"product","2":"type-product","3":"status-publish","4":"has-post-thumbnail","6":"product_cat-mountainbikefuehrer","7":"pa_autor-slaili-de-smet","8":"pa_erscheinungsjahr-21610","9":"pa_region-frankreich","10":"pa_sprache-fr","12":"first","13":"outofstock","14":"taxable","15":"shipping-taxable","16":"purchasable","17":"product-type-simple"},"_links":{"self":[{"href":"https:\/\/pizbube.ch\/en\/wp-json\/wp\/v2\/product\/147067","targetHints":{"allow":["GET"]}}],"collection":[{"href":"https:\/\/pizbube.ch\/en\/wp-json\/wp\/v2\/product"}],"about":[{"href":"https:\/\/pizbube.ch\/en\/wp-json\/wp\/v2\/types\/product"}],"wp:featuredmedia":[{"embeddable":true,"href":"https:\/\/pizbube.ch\/en\/wp-json\/wp\/v2\/media\/35275"}],"wp:attachment":[{"href":"https:\/\/pizbube.ch\/en\/wp-json\/wp\/v2\/media?parent=147067"}],"wp:term":[{"taxonomy":"product_brand","embeddable":true,"href":"https:\/\/pizbube.ch\/en\/wp-json\/wp\/v2\/product_brand?post=147067"},{"taxonomy":"product_cat","embeddable":true,"href":"https:\/\/pizbube.ch\/en\/wp-json\/wp\/v2\/product_cat?post=147067"},{"taxonomy":"product_tag","embeddable":true,"href":"https:\/\/pizbube.ch\/en\/wp-json\/wp\/v2\/product_tag?post=147067"}],"curies":[{"name":"wp","href":"https:\/\/api.w.org\/{rel}","templated":true}]}}