{"id":147068,"date":"2021-01-15T10:54:38","date_gmt":"2021-01-15T10:54:38","guid":{"rendered":"https:\/\/codengine3.ch\/?product=import-placeholder-for-206233"},"modified":"2021-01-15T14:47:26","modified_gmt":"2021-01-15T14:47:26","slug":"canyons-de-haute-savoie","status":"publish","type":"product","link":"https:\/\/pizbube.ch\/en\/shop\/canyons-de-haute-savoie\/","title":{"rendered":"Canyons de Haute-Savoie"},"content":{"rendered":"<p>Si quelques fiches ont l\u00e9g\u00e8rement chang\u00e9, cet ouvrage est une r\u00e9\u00e9dition du<br \/>\ntopoguide publi\u00e9 en 1997, sous l&#8217;\u00e9gide du comit\u00e9 d\u00e9partemental de sp\u00e9l\u00e9ologie<br \/>\nde Haute-Savoie.<br \/>\nLa Haute-Savoie, pays de haute montagne avec le Mont-Blanc, et de sp\u00e9l\u00e9ologie<br \/>\navec les deux gouffres parmi les plus profonds du monde, est aussi le pays des<br \/>\ncanyons.  <\/p>\n<p>L&#8217;altitude relativement \u00e9lev\u00e9e nous offre des paysages grandioses et vari\u00e9s.<br \/>\nLes alimentations glaciaires nous fournissent une eau froide, mais<br \/>\ngarantissent un d\u00e9bit int\u00e9ressant tout au long de l&#8217;ann\u00e9e, avec des<br \/>\n\u00e9quipements n\u00e9opr\u00e8nes adapt\u00e9s. Cet ouvrage tout en couleur vous propose 40<br \/>\nfiches topographiques, pr\u00e9sentant diff\u00e9rents canyons: de la simple randonn\u00e9e<br \/>\naquatique au canyon alpin tr\u00e8s engag\u00e9, dans les calcaires pr\u00e9alpins du Haut<br \/>\nGiffre, des Bornes, et du Chablais, dans le gneiss des Aiguilles Rouges, ou le<br \/>\ngranit du massif du Mont-Blanc.  <\/p>\n<p>Apr\u00e8s une pr\u00e9sentation de la g\u00e9ologie du d\u00e9partement, chaque fiche pr\u00e9sente un<br \/>\nr\u00e9sum\u00e9 des caract\u00e9ristiques techniques (bassin versant, dur\u00e9es, dimensions,<br \/>\ncorde, difficult\u00e9, int\u00e9r\u00eat, p\u00e9riode). Une description des acc\u00e8s et du<br \/>\ncaract\u00e8re aquatique accompagne un profil topographique en couleur.<\/p>\n<p>2i\u00e8me \u00e9dition 2014  <\/p>","protected":false},"excerpt":{"rendered":"<p>Si quelques fiches ont l\u00e9g\u00e8rement chang\u00e9, cet ouvrage est une r\u00e9\u00e9dition du topoguide publi\u00e9 en 1997, sous l&#8217;\u00e9gide du comit\u00e9 d\u00e9partemental de sp\u00e9l\u00e9ologie de Haute-Savoie. La Haute-Savoie, pays de haute montagne avec le Mont-Blanc, et de sp\u00e9l\u00e9ologie avec les deux gouffres parmi les plus profonds du monde, est aussi le pays des canyons. L&#8217;altitude relativement [&#8230;]\n","protected":false},"featured_media":35206,"template":"","meta":[],"product_brand":[],"product_cat":[21650],"product_tag":[],"class_list":{"0":"post-147068","1":"product","2":"type-product","3":"status-publish","4":"has-post-thumbnail","6":"product_cat-canyoningfuehrer","7":"pa_autor-charletty-gudefin-hugon-beaudoin","8":"pa_erscheinungsjahr-21920","9":"pa_region-frankreich","10":"pa_sprache-fr","12":"first","13":"instock","14":"taxable","15":"shipping-taxable","16":"purchasable","17":"product-type-simple"},"_links":{"self":[{"href":"https:\/\/pizbube.ch\/en\/wp-json\/wp\/v2\/product\/147068","targetHints":{"allow":["GET"]}}],"collection":[{"href":"https:\/\/pizbube.ch\/en\/wp-json\/wp\/v2\/product"}],"about":[{"href":"https:\/\/pizbube.ch\/en\/wp-json\/wp\/v2\/types\/product"}],"wp:featuredmedia":[{"embeddable":true,"href":"https:\/\/pizbube.ch\/en\/wp-json\/wp\/v2\/media\/35206"}],"wp:attachment":[{"href":"https:\/\/pizbube.ch\/en\/wp-json\/wp\/v2\/media?parent=147068"}],"wp:term":[{"taxonomy":"product_brand","embeddable":true,"href":"https:\/\/pizbube.ch\/en\/wp-json\/wp\/v2\/product_brand?post=147068"},{"taxonomy":"product_cat","embeddable":true,"href":"https:\/\/pizbube.ch\/en\/wp-json\/wp\/v2\/product_cat?post=147068"},{"taxonomy":"product_tag","embeddable":true,"href":"https:\/\/pizbube.ch\/en\/wp-json\/wp\/v2\/product_tag?post=147068"}],"curies":[{"name":"wp","href":"https:\/\/api.w.org\/{rel}","templated":true}]}}