{"id":147070,"date":"2021-01-15T10:54:38","date_gmt":"2021-01-15T10:54:38","guid":{"rendered":"https:\/\/codengine3.ch\/?product=import-placeholder-for-207338"},"modified":"2021-01-15T16:02:10","modified_gmt":"2021-01-15T16:02:10","slug":"vtt-haute-savoie-tome-2","status":"publish","type":"product","link":"https:\/\/pizbube.ch\/en\/shop\/vtt-haute-savoie-tome-2\/","title":{"rendered":"VTT Haute-Savoie Tome 2"},"content":{"rendered":"<p>En parcourant ce VTOPO, vous d\u00e9couvrirez 50 circuits VTT pour tous, de la<br \/>\nbalade familiale au trac\u00e9 plus technique pour d\u00e9couvrir le potentiel de cette<br \/>\npartie de la Haute-Savoie. D\u00e9couvrez \u00e9galement 3 grands tours dont le<br \/>\nsplendide tour du Mont-Blanc avec plus de 150 km de trails haute-montagne.<br \/>\nAvec des donn\u00e9es claires et d\u00e9taill\u00e9es, des cartes pr\u00e9cises, des infos utiles<br \/>\net des photos de qualit\u00e9, le VTOPO devient la r\u00e9f\u00e9rence indispensable pour<br \/>\nprofiter \u00e0 100% de ces massifs. Enfin tous les circuits sont \u00e9valu\u00e9s gr\u00e2ce \u00e0<br \/>\nun syst\u00e8me de cotation pertinent allant de V1 \u00e0 V6.<\/p>","protected":false},"excerpt":{"rendered":"<p>En parcourant ce VTOPO, vous d\u00e9couvrirez 50 circuits VTT pour tous, de la balade familiale au trac\u00e9 plus technique pour d\u00e9couvrir le potentiel de cette partie de la Haute-Savoie. D\u00e9couvrez \u00e9galement 3 grands tours dont le splendide tour du Mont-Blanc avec plus de 150 km de trails haute-montagne. Avec des donn\u00e9es claires et d\u00e9taill\u00e9es, des [&#8230;]\n","protected":false},"featured_media":37170,"template":"","meta":[],"product_brand":[],"product_cat":[21606],"product_tag":[],"class_list":{"0":"post-147070","1":"product","2":"type-product","3":"status-publish","4":"has-post-thumbnail","6":"product_cat-mountainbikefuehrer","7":"pa_autor-tomasi","8":"pa_erscheinungsjahr-21597","9":"pa_region-frankreich","10":"pa_sprache-fr","12":"first","13":"instock","14":"taxable","15":"shipping-taxable","16":"purchasable","17":"product-type-simple"},"_links":{"self":[{"href":"https:\/\/pizbube.ch\/en\/wp-json\/wp\/v2\/product\/147070","targetHints":{"allow":["GET"]}}],"collection":[{"href":"https:\/\/pizbube.ch\/en\/wp-json\/wp\/v2\/product"}],"about":[{"href":"https:\/\/pizbube.ch\/en\/wp-json\/wp\/v2\/types\/product"}],"wp:featuredmedia":[{"embeddable":true,"href":"https:\/\/pizbube.ch\/en\/wp-json\/wp\/v2\/media\/37170"}],"wp:attachment":[{"href":"https:\/\/pizbube.ch\/en\/wp-json\/wp\/v2\/media?parent=147070"}],"wp:term":[{"taxonomy":"product_brand","embeddable":true,"href":"https:\/\/pizbube.ch\/en\/wp-json\/wp\/v2\/product_brand?post=147070"},{"taxonomy":"product_cat","embeddable":true,"href":"https:\/\/pizbube.ch\/en\/wp-json\/wp\/v2\/product_cat?post=147070"},{"taxonomy":"product_tag","embeddable":true,"href":"https:\/\/pizbube.ch\/en\/wp-json\/wp\/v2\/product_tag?post=147070"}],"curies":[{"name":"wp","href":"https:\/\/api.w.org\/{rel}","templated":true}]}}