{"id":147074,"date":"2021-01-15T10:54:38","date_gmt":"2021-01-15T10:54:38","guid":{"rendered":"https:\/\/codengine3.ch\/?product=import-placeholder-for-201188"},"modified":"2021-01-15T11:59:15","modified_gmt":"2021-01-15T11:59:15","slug":"une-autre-vie","status":"publish","type":"product","link":"https:\/\/pizbube.ch\/en\/shop\/une-autre-vie\/","title":{"rendered":"Une autre vie"},"content":{"rendered":"<p>On ne pr\u00e9sente plus l&#8217;alpiniste Ueli Steck, surnomm\u00e9e la &#171;Swiss Machine&#187;,<br \/>\nl&#8217;homme le plus rapide des pentes raides qui d\u00e9tient nombres de records<br \/>\nd&#8217;ascensions sur les parois les plus difficiles de la plan\u00e8te. Dans ce livre,<br \/>\nson plus intime, il revient sur l&#8217;ascension de la face sud de l&#8217;Annapurna<br \/>\n(8091 m) par une voie directe et extr\u00eamement difficile, en solitaire et dans<br \/>\nle temps record de 28 heures.<\/p>\n<p>Pour la premi\u00e8re fois, il s&#8217;exprime sur cet exploit qui a \u00e9t\u00e9 remis en cause<br \/>\net a d\u00e9clench\u00e9 une importante pol\u00e9mique dans le monde de l&#8217;alpinisme, parce<br \/>\nquelle a \u00e9t\u00e9 effectu\u00e9e de nuit, sans aucune preuve, et qu&#8217;elle repousse les<br \/>\nlimites de l&#8217;alpinisme extr\u00eame en tr\u00e8s haute altitude. Ce t\u00e9moignage, d&#8217;une<br \/>\ngrande sinc\u00e9rit\u00e9, n&#8217;occulte pas la remise en question profonde qui a succ\u00e9d\u00e9 \u00e0<br \/>\nl&#8217;exploit. Au retour de l&#8217;Annapurna, Ueli Steck a en effet pris conscience que<br \/>\ncette performance serait pour lui ind\u00e9passable et qu&#8217;il \u00e9tait d\u00e9sormais<br \/>\nn\u00e9cessaire d&#8217;imaginer un nouveau parcours, une autre vie&#8230;<\/p>\n<p>Le 30 avril dernier, nous apprenions la disparition de Ueli Steck sur les<br \/>\nflancs du Nuptse, dans le massif de l&#8217;Everest. La nouvelle nous a abasourdis<br \/>\net attrist\u00e9s, comme tous ceux qui avaient approch\u00e9 Ueli et suivaient son<br \/>\nparcours depuis de nombreuses ann\u00e9es. Avant son d\u00e9part vers le N\u00e9pal, nous<br \/>\navions peaufin\u00e9 avec lui les d\u00e9tails de ce livre qui \u00e9tait en cours<br \/>\nd&#8217;impression lorsque nous avons \u00e9t\u00e9 inform\u00e9s de l&#8217;accident.  <\/p>\n<p>Nous avons d\u00e9cid\u00e9 de le publier tel que Ueli le souhaitait. C&#8217;est notre fa\u00e7on<br \/>\nde lui rendre hommage, en respectant le texte dont les derniers mots r\u00e9sonnent<br \/>\naujourd&#8217;hui de fa\u00e7on bien troublante :<br \/>\n\u00ab L&#8217;important c&#8217;est que je sois conscient du danger \u00e0 chaque instant et que je<br \/>\npuisse le ma\u00eetriser. Alors je continuerai de chercher en montagne les d\u00e9fis<br \/>\nexcitants, sans me tuer. \u00bb<\/p>","protected":false},"excerpt":{"rendered":"<ul>\n<li><a href=\"https:\/\/vimeo.com\/215437860\" target=\"_blank\" rel=\"noopener\">Video: En hommage \u00e0 Ueli Steck, extrait du film On ne marche qu&#8217;une fois sur la lune<\/a><\/li>\n<\/ul>","protected":false},"featured_media":28369,"template":"","meta":[],"product_brand":[],"product_cat":[21542],"product_tag":[],"class_list":{"0":"post-147074","1":"product","2":"type-product","3":"status-publish","4":"has-post-thumbnail","6":"product_cat-sachbuecher-dokumentationen","7":"pa_autor-steck","8":"pa_erscheinungsjahr-21574","9":"pa_region-frankreich","10":"pa_sprache-fr","12":"first","13":"instock","14":"taxable","15":"shipping-taxable","16":"purchasable","17":"product-type-simple"},"_links":{"self":[{"href":"https:\/\/pizbube.ch\/en\/wp-json\/wp\/v2\/product\/147074","targetHints":{"allow":["GET"]}}],"collection":[{"href":"https:\/\/pizbube.ch\/en\/wp-json\/wp\/v2\/product"}],"about":[{"href":"https:\/\/pizbube.ch\/en\/wp-json\/wp\/v2\/types\/product"}],"wp:featuredmedia":[{"embeddable":true,"href":"https:\/\/pizbube.ch\/en\/wp-json\/wp\/v2\/media\/28369"}],"wp:attachment":[{"href":"https:\/\/pizbube.ch\/en\/wp-json\/wp\/v2\/media?parent=147074"}],"wp:term":[{"taxonomy":"product_brand","embeddable":true,"href":"https:\/\/pizbube.ch\/en\/wp-json\/wp\/v2\/product_brand?post=147074"},{"taxonomy":"product_cat","embeddable":true,"href":"https:\/\/pizbube.ch\/en\/wp-json\/wp\/v2\/product_cat?post=147074"},{"taxonomy":"product_tag","embeddable":true,"href":"https:\/\/pizbube.ch\/en\/wp-json\/wp\/v2\/product_tag?post=147074"}],"curies":[{"name":"wp","href":"https:\/\/api.w.org\/{rel}","templated":true}]}}