{"id":147082,"date":"2021-01-15T10:54:39","date_gmt":"2021-01-15T10:54:39","guid":{"rendered":"https:\/\/codengine3.ch\/?product=import-placeholder-for-202183"},"modified":"2021-01-15T12:34:08","modified_gmt":"2021-01-15T12:34:08","slug":"beschreibung-der-alpen-vorzueglich-der-hoechsten","status":"publish","type":"product","link":"https:\/\/pizbube.ch\/en\/shop\/beschreibung-der-alpen-vorzueglich-der-hoechsten\/","title":{"rendered":"Beschreibung der Alpen, vorz\u00fcglich der h\u00f6chsten"},"content":{"rendered":"<p>Die Alpen im Ganzen zu bearbeiten schliesst f\u00fcr den Erstbesteiger von<br \/>\nRheinwaldhorn und Oberalpstock aber auch die h\u00f6chsten Alpen mit ein:<br \/>\nUnverh\u00fcllt rivalisiert Placidus Spescha mit Horace-B\u00e9n\u00e9dict de Saussure, dem<br \/>\ngefeierten Besteiger des Montblanc. Seine k\u00fchnen Panoramabeschreibungen von<br \/>\nden h\u00f6chsten Gipfeln aus lassen an einen virtuellen Alpenflug denken &#8211; und<br \/>\nl\u00f6sen bis heute Zweifel aus.<br \/>\nMit ihrer Einleitung situiert Ursula Scholian Izeti den Text von Placidus<br \/>\nSpescha in der Geschichte der Entdeckung der Alpen, einer Geschichte, deren<br \/>\nKapitel bis auf wenige Ausnahmen im Flachland geschrieben wurden. Die<br \/>\nBeschreibung der Alpen, vorz\u00fcglich der h\u00f6chsten von Placidus Spescha ist eine<br \/>\ndieser Ausnahmen.  <\/p>","protected":false},"excerpt":{"rendered":"<p>Die Alpen im Ganzen zu bearbeiten schliesst f\u00fcr den Erstbesteiger von Rheinwaldhorn und Oberalpstock aber auch die h\u00f6chsten Alpen mit ein: Unverh\u00fcllt rivalisiert Placidus Spescha mit Horace-B\u00e9n\u00e9dict de Saussure, dem gefeierten Besteiger des Montblanc. Seine k\u00fchnen Panoramabeschreibungen von den h\u00f6chsten Gipfeln aus lassen an einen virtuellen Alpenflug denken &#8211; und l\u00f6sen bis heute Zweifel aus. [&#8230;]\n","protected":false},"featured_media":29575,"template":"","meta":[],"product_brand":[],"product_cat":[21580],"product_tag":[],"class_list":{"0":"post-147082","1":"product","2":"type-product","3":"status-publish","4":"has-post-thumbnail","6":"product_cat-kunst-kultur","7":"pa_autor-iizeti","8":"pa_autor-spescha","9":"pa_erscheinungsjahr-22144","10":"pa_region-schweiz","11":"pa_sprache-de","13":"first","14":"instock","15":"taxable","16":"shipping-taxable","17":"purchasable","18":"product-type-simple"},"_links":{"self":[{"href":"https:\/\/pizbube.ch\/en\/wp-json\/wp\/v2\/product\/147082","targetHints":{"allow":["GET"]}}],"collection":[{"href":"https:\/\/pizbube.ch\/en\/wp-json\/wp\/v2\/product"}],"about":[{"href":"https:\/\/pizbube.ch\/en\/wp-json\/wp\/v2\/types\/product"}],"wp:featuredmedia":[{"embeddable":true,"href":"https:\/\/pizbube.ch\/en\/wp-json\/wp\/v2\/media\/29575"}],"wp:attachment":[{"href":"https:\/\/pizbube.ch\/en\/wp-json\/wp\/v2\/media?parent=147082"}],"wp:term":[{"taxonomy":"product_brand","embeddable":true,"href":"https:\/\/pizbube.ch\/en\/wp-json\/wp\/v2\/product_brand?post=147082"},{"taxonomy":"product_cat","embeddable":true,"href":"https:\/\/pizbube.ch\/en\/wp-json\/wp\/v2\/product_cat?post=147082"},{"taxonomy":"product_tag","embeddable":true,"href":"https:\/\/pizbube.ch\/en\/wp-json\/wp\/v2\/product_tag?post=147082"}],"curies":[{"name":"wp","href":"https:\/\/api.w.org\/{rel}","templated":true}]}}