{"id":147083,"date":"2021-01-15T10:54:39","date_gmt":"2021-01-15T10:54:39","guid":{"rendered":"https:\/\/codengine3.ch\/?product=import-placeholder-for-203884"},"modified":"2021-01-15T14:27:32","modified_gmt":"2021-01-15T14:27:32","slug":"entdeckungsreisen-am-rhein","status":"publish","type":"product","link":"https:\/\/pizbube.ch\/en\/shop\/entdeckungsreisen-am-rhein\/","title":{"rendered":"Entdeckungsreisen am Rhein"},"content":{"rendered":"<p>Genaue geographische Darstellung aller Rheinquellen im Kanton Graub\u00fcndten<br \/>\nnebst der Beschreibung vieler Gebirgsreisen in dieser wenig besuchten und<br \/>\nerforschten Alpengegend.<br \/>\nMit d\u00fcrftigster Ausr\u00fcstung, oft mit ungeeigneten Begleitern oder allein wagte<br \/>\nsich der Disentiser Pater und Naturforscher Placidus Spescha vor 200 Jahren<br \/>\nauf die h\u00f6chsten Gipfel am Vorder- und am Hinterrhein: Entdeckungsreisen in<br \/>\neine unbekannte Welt.<br \/>\nIn kr\u00e4ftiger, bildhafter Sprache hielt er in der Schrift Genaue geographische<br \/>\nDarstellung aller Rheinquellen im Kanton Graub\u00fcndten nebst der Beschreibung<br \/>\nvieler Gebirgsreisen in dieser wenig besuchten und erforschten Alpengegend<br \/>\n(1823) fest, was er auf \u00fcber 20 Bergtouren erlebt und beobachtet hatte. Doch<br \/>\nfanden seine fantastischen Panoramabeschreibungen wenig Glauben, und sein<br \/>\nBericht von der Erstbesteigung des T\u00f6di durch zwei B\u00fcndner G\u00e4msj\u00e4ger wurde in<br \/>\nAlpinismuskreisen jahrzehntelang bezweifelt. In ihrer Einleitung deckt Ursula<br \/>\nScholian Izeti \u00fcberraschende Zusammenh\u00e4nge auf. Die Fotografin Lucia Degonda<br \/>\nwirft einen ungewohnten Blick auf die von Spescha begangenen Berggegenden.<\/p>","protected":false},"excerpt":{"rendered":"<p>Genaue geographische Darstellung aller Rheinquellen im Kanton Graub\u00fcndten nebst der Beschreibung vieler Gebirgsreisen in dieser wenig besuchten und erforschten Alpengegend. Mit d\u00fcrftigster Ausr\u00fcstung, oft mit ungeeigneten Begleitern oder allein wagte sich der Disentiser Pater und Naturforscher Placidus Spescha vor 200 Jahren auf die h\u00f6chsten Gipfel am Vorder- und am Hinterrhein: Entdeckungsreisen in eine unbekannte Welt. [&#8230;]\n","protected":false},"featured_media":31592,"template":"","meta":[],"product_brand":[],"product_cat":[21542],"product_tag":[],"class_list":{"0":"post-147083","1":"product","2":"type-product","3":"status-publish","4":"has-post-thumbnail","6":"product_cat-sachbuecher-dokumentationen","7":"pa_autor-spescha","8":"pa_erscheinungsjahr-21776","9":"pa_region-schweiz","10":"pa_sprache-de","12":"first","13":"instock","14":"taxable","15":"shipping-taxable","16":"purchasable","17":"product-type-simple"},"_links":{"self":[{"href":"https:\/\/pizbube.ch\/en\/wp-json\/wp\/v2\/product\/147083","targetHints":{"allow":["GET"]}}],"collection":[{"href":"https:\/\/pizbube.ch\/en\/wp-json\/wp\/v2\/product"}],"about":[{"href":"https:\/\/pizbube.ch\/en\/wp-json\/wp\/v2\/types\/product"}],"wp:featuredmedia":[{"embeddable":true,"href":"https:\/\/pizbube.ch\/en\/wp-json\/wp\/v2\/media\/31592"}],"wp:attachment":[{"href":"https:\/\/pizbube.ch\/en\/wp-json\/wp\/v2\/media?parent=147083"}],"wp:term":[{"taxonomy":"product_brand","embeddable":true,"href":"https:\/\/pizbube.ch\/en\/wp-json\/wp\/v2\/product_brand?post=147083"},{"taxonomy":"product_cat","embeddable":true,"href":"https:\/\/pizbube.ch\/en\/wp-json\/wp\/v2\/product_cat?post=147083"},{"taxonomy":"product_tag","embeddable":true,"href":"https:\/\/pizbube.ch\/en\/wp-json\/wp\/v2\/product_tag?post=147083"}],"curies":[{"name":"wp","href":"https:\/\/api.w.org\/{rel}","templated":true}]}}