{"id":147085,"date":"2021-01-15T10:54:39","date_gmt":"2021-01-15T10:54:39","guid":{"rendered":"https:\/\/codengine3.ch\/?product=import-placeholder-for-206820"},"modified":"2021-01-15T14:52:21","modified_gmt":"2021-01-15T14:52:21","slug":"horace-benedict-de-saussure-natur-und-alpenforscher","status":"publish","type":"product","link":"https:\/\/pizbube.ch\/en\/shop\/horace-benedict-de-saussure-natur-und-alpenforscher\/","title":{"rendered":"Horace-B\u00e9n\u00e9dict de Saussure &#8211; Natur- und Alpenforscher"},"content":{"rendered":"<p>Am 3. August 1787 unternahm Horace-B\u00e9n\u00e9dict de Saussure eine mit viel Aufwand<br \/>\nvorbereitete wissenschaftliche Besteigung des Mont-Blanc, nur ein Jahr nach<br \/>\nder Erstbesteigung. Auf dem Gipfel f\u00fchrte Saussures zahlreiche Messungen<br \/>\ndurch. Diese ergaben, dass der Mont-Blanc der h\u00f6chste Berg Europas ist.<br \/>\nSaussure war Naturforscher und Geologe. Als Glaziologe untersuchte er die<br \/>\nEisfelder von Chamonix.  <\/p>\n<p>F\u00fcr seine Forschungen entwickelte Saussure zahlreiche neue Instrumente, unter<br \/>\nanderem auch ein Cyanometer, das Alexander von Humboldt bei seinen<br \/>\nExpeditionen in S\u00fcdamerika einsetzte. Von seinen Forschungsreisen, die er oft<br \/>\nauch in Begleitung seines Sohnes Nicolas-Th\u00e9odore unternahm, zeugt eine grosse<br \/>\nGesteinssammlung. Im Mus\u00e9e d\u2019histoire des sciences in Genf sind viele der von<br \/>\nSaussure entwickelten Messinstrumente, Dokumente und Fundgegenst\u00e4nde zu sehen.<br \/>\nMit \u00fcber 70 farbigen Abbildungen<br \/>\nSchriftenreihe SJW Schweizerisches Jugendschriftenwerk<\/p>","protected":false},"excerpt":{"rendered":"<p>Am 3. August 1787 unternahm Horace-B\u00e9n\u00e9dict de Saussure eine mit viel Aufwand vorbereitete wissenschaftliche Besteigung des Mont-Blanc, nur ein Jahr nach der Erstbesteigung. Auf dem Gipfel f\u00fchrte Saussures zahlreiche Messungen durch. Diese ergaben, dass der Mont-Blanc der h\u00f6chste Berg Europas ist. Saussure war Naturforscher und Geologe. Als Glaziologe untersuchte er die Eisfelder von Chamonix. F\u00fcr [&#8230;]\n","protected":false},"featured_media":36215,"template":"","meta":[],"product_brand":[],"product_cat":[21542],"product_tag":[],"class_list":{"0":"post-147085","1":"product","2":"type-product","3":"status-publish","4":"has-post-thumbnail","6":"product_cat-sachbuecher-dokumentationen","7":"pa_autor-fischer","8":"pa_erscheinungsjahr-21550","9":"pa_region-frankreich","10":"pa_sprache-de","12":"first","13":"instock","14":"taxable","15":"shipping-taxable","16":"purchasable","17":"product-type-simple"},"_links":{"self":[{"href":"https:\/\/pizbube.ch\/en\/wp-json\/wp\/v2\/product\/147085","targetHints":{"allow":["GET"]}}],"collection":[{"href":"https:\/\/pizbube.ch\/en\/wp-json\/wp\/v2\/product"}],"about":[{"href":"https:\/\/pizbube.ch\/en\/wp-json\/wp\/v2\/types\/product"}],"wp:featuredmedia":[{"embeddable":true,"href":"https:\/\/pizbube.ch\/en\/wp-json\/wp\/v2\/media\/36215"}],"wp:attachment":[{"href":"https:\/\/pizbube.ch\/en\/wp-json\/wp\/v2\/media?parent=147085"}],"wp:term":[{"taxonomy":"product_brand","embeddable":true,"href":"https:\/\/pizbube.ch\/en\/wp-json\/wp\/v2\/product_brand?post=147085"},{"taxonomy":"product_cat","embeddable":true,"href":"https:\/\/pizbube.ch\/en\/wp-json\/wp\/v2\/product_cat?post=147085"},{"taxonomy":"product_tag","embeddable":true,"href":"https:\/\/pizbube.ch\/en\/wp-json\/wp\/v2\/product_tag?post=147085"}],"curies":[{"name":"wp","href":"https:\/\/api.w.org\/{rel}","templated":true}]}}