{"id":147086,"date":"2021-01-15T10:54:39","date_gmt":"2021-01-15T10:54:39","guid":{"rendered":"https:\/\/codengine3.ch\/?product=import-placeholder-for-201242"},"modified":"2023-10-20T16:44:33","modified_gmt":"2023-10-20T14:44:33","slug":"buendner-wald-coaz-pionier-seiner-zeit-1822-1918","status":"publish","type":"product","link":"https:\/\/pizbube.ch\/en\/shop\/buendner-wald-coaz-pionier-seiner-zeit-1822-1918\/","title":{"rendered":"B\u00fcndner Wald &#8211; Coaz, Pionier seiner Zeit (1822 \u2013 1918)"},"content":{"rendered":"<p>Als Bergsteiger und Vermesser unternahm Coaz 21 Erstbesteigungen in den Alpen,<br \/>\ndazu geh\u00f6rten 1846 der Piz Kesch und Piz Lischana sowie 1850 der Piz Bernina.<br \/>\nMit dem Basler Zoologen Paul Sarasin geh\u00f6rt Johann Coaz zu den Pionieren der<br \/>\nNationalparkidee. Nach Johann Coaz ist auch die 1926 erbaute Coazh\u00fctte im<br \/>\nBerninagebiet benannt.<\/p>\n<p>Der \u00abB\u00fcndner Wald\u00bb widmet Dr. Johann Wilhelm Fortunat Coaz eine Sonderausgabe<br \/>\nzu seinem Todestag, der sich zum 100sten Mal j\u00e4hrt. Coaz legte manchen<br \/>\nGrundstein der modernen Forstwirtschaft. Er f\u00fchrte die ersten Ausbildungskurse<br \/>\nf\u00fcr Forstleute durch, organisierte den B\u00fcndner Forstdienst und pr\u00e4gte sp\u00e4ter<br \/>\nals erster eidgen\u00f6ssischer Oberforstinspektor die nachhaltige Entwicklung der<br \/>\nSchweizer W\u00e4lder.<\/p>\n<p>Die forstliche Gesetzgebung und deren Umsetzung im 19. Jahrhundert tr\u00e4gt seine<br \/>\nHandschrift und ist die Grundlage der umfassenden Wiederbewaldung. Sein<br \/>\ninterdisziplin\u00e4res und sachliches Wirken f\u00fchrte zu weiteren Pionierleistungen,<br \/>\nvon Erstbesteigungen, der Gletschervermessung, der Lawinenpr\u00e4vention \u00fcber die<br \/>\nBotanik bis zur Wiederbesiedlung verschiedener Arten, die heute nicht mehr<br \/>\nwegzudenken sind. Er konkretisierte den jungen Weltnaturschutzgedanken und<br \/>\nlobbyierte still, aber effektiv f\u00fcr den Nationalpark. Sein Wesen war<br \/>\nunscheinbar, aber sein Handeln hinterliess Spuren, die heute noch sichtbar<br \/>\nsind.<\/p>\n<p><span class=\"value\">96 Seiten<\/span><\/p>","protected":false},"excerpt":{"rendered":"<p>Als Bergsteiger und Vermesser unternahm Coaz 21 Erstbesteigungen in den Alpen, dazu geh\u00f6rten 1846 der Piz Kesch und Piz Lischana sowie 1850 der Piz Bernina. Mit dem Basler Zoologen Paul Sarasin geh\u00f6rt Johann Coaz zu den Pionieren der Nationalparkidee. Nach Johann Coaz ist auch die 1926 erbaute Coazh\u00fctte im Berninagebiet benannt. Der \u00abB\u00fcndner Wald\u00bb widmet [&#8230;]\n","protected":false},"featured_media":28527,"template":"","meta":[],"product_brand":[],"product_cat":[21542],"product_tag":[],"class_list":{"0":"post-147086","1":"product","2":"type-product","3":"status-publish","4":"has-post-thumbnail","6":"product_cat-sachbuecher-dokumentationen","7":"pa_autor-amt-fuer-wald-und-naturgefahren-hrsg","8":"pa_erscheinungsjahr-21546","9":"pa_region-schweiz","10":"pa_sprache-de","12":"first","13":"onbackorder","14":"taxable","15":"shipping-taxable","16":"purchasable","17":"product-type-simple"},"_links":{"self":[{"href":"https:\/\/pizbube.ch\/en\/wp-json\/wp\/v2\/product\/147086","targetHints":{"allow":["GET"]}}],"collection":[{"href":"https:\/\/pizbube.ch\/en\/wp-json\/wp\/v2\/product"}],"about":[{"href":"https:\/\/pizbube.ch\/en\/wp-json\/wp\/v2\/types\/product"}],"wp:featuredmedia":[{"embeddable":true,"href":"https:\/\/pizbube.ch\/en\/wp-json\/wp\/v2\/media\/28527"}],"wp:attachment":[{"href":"https:\/\/pizbube.ch\/en\/wp-json\/wp\/v2\/media?parent=147086"}],"wp:term":[{"taxonomy":"product_brand","embeddable":true,"href":"https:\/\/pizbube.ch\/en\/wp-json\/wp\/v2\/product_brand?post=147086"},{"taxonomy":"product_cat","embeddable":true,"href":"https:\/\/pizbube.ch\/en\/wp-json\/wp\/v2\/product_cat?post=147086"},{"taxonomy":"product_tag","embeddable":true,"href":"https:\/\/pizbube.ch\/en\/wp-json\/wp\/v2\/product_tag?post=147086"}],"curies":[{"name":"wp","href":"https:\/\/api.w.org\/{rel}","templated":true}]}}