{"id":147087,"date":"2021-01-15T10:54:44","date_gmt":"2021-01-15T10:54:44","guid":{"rendered":"https:\/\/codengine3.ch\/?product=import-placeholder-for-201157"},"modified":"2021-01-15T11:58:59","modified_gmt":"2021-01-15T11:58:59","slug":"k2-traum-und-schicksal","status":"publish","type":"product","link":"https:\/\/pizbube.ch\/en\/shop\/k2-traum-und-schicksal\/","title":{"rendered":"K2 Traum und Schicksal"},"content":{"rendered":"<p>Diemberger erz\u00e4hlt von seiner jahrelangen Odyssee zum K2, die 1957 mit Hermann<br \/>\nBuhl begann. Der &#8218;gro\u00dfe Kristall&#8216;, gef\u00e4hrlicher und schwieriger als der<br \/>\nEverest, wird f\u00fcr ihn und Julie Tullis zum Traumberg. Beim dritten Versuch<br \/>\ngeh\u00f6rt ihnen 1986 endlich der Gipfel, doch beim Abstieg stirbt Julie im<br \/>\nH\u00f6hensturm, in der gr\u00f6\u00dften Trag\u00f6die am K2.<\/p>\n<p>Das aufw\u00fchlende K2-Buch &#8211; endlich wieder lieferbar! 1984 stand Kurt Diemberger<br \/>\nmit der britischen Bergsteigerin Julie Tullis noch einmal auf dem Broad Peak,<br \/>\nden er 27 Jahre zuvor ersterstiegen hatte. Zwei Jahre sp\u00e4ter erf\u00fcllte sich f\u00fcr<br \/>\ndie beiden ihr K 2-Traum. Doch nur Kurt kehrte vom \u00bbBerg der Berge\u00ab zur\u00fcck &#8230;<br \/>\nEindringlich berichtet er \u00fcber den dreimaligen Ansturm mit seiner Gef\u00e4hrtin<br \/>\nund wie der K2 f\u00fcr sie beide zum Schicksal wurde &#8211; nach vier Jahren im Bann<br \/>\ndes schwierigsten Achttausenders. Ein packendes Zeugnis der Erlebnisse in der<br \/>\nTodeszone. Und ein moderner Klassiker der Alpinliteratur, der in elf Sprachen<br \/>\n\u00fcbersetzt wurde.<br \/>\nAktualisierte Taschenbuchausgabe 2014<\/p>","protected":false},"excerpt":{"rendered":"<p>Diemberger erz\u00e4hlt von seiner jahrelangen Odyssee zum K2, die 1957 mit Hermann Buhl begann. Der &#8218;gro\u00dfe Kristall&#8216;, gef\u00e4hrlicher und schwieriger als der Everest, wird f\u00fcr ihn und Julie Tullis zum Traumberg. Beim dritten Versuch geh\u00f6rt ihnen 1986 endlich der Gipfel, doch beim Abstieg stirbt Julie im H\u00f6hensturm, in der gr\u00f6\u00dften Trag\u00f6die am K2. Das aufw\u00fchlende [&#8230;]\n","protected":false},"featured_media":27254,"template":"","meta":[],"product_brand":[],"product_cat":[21542],"product_tag":[],"class_list":{"0":"post-147087","1":"product","2":"type-product","3":"status-publish","4":"has-post-thumbnail","6":"product_cat-sachbuecher-dokumentationen","7":"pa_autor-diemberger","8":"pa_erscheinungsjahr-21550","9":"pa_region-asien","10":"pa_sprache-de","12":"first","13":"instock","14":"taxable","15":"shipping-taxable","16":"purchasable","17":"product-type-simple"},"_links":{"self":[{"href":"https:\/\/pizbube.ch\/en\/wp-json\/wp\/v2\/product\/147087","targetHints":{"allow":["GET"]}}],"collection":[{"href":"https:\/\/pizbube.ch\/en\/wp-json\/wp\/v2\/product"}],"about":[{"href":"https:\/\/pizbube.ch\/en\/wp-json\/wp\/v2\/types\/product"}],"wp:featuredmedia":[{"embeddable":true,"href":"https:\/\/pizbube.ch\/en\/wp-json\/wp\/v2\/media\/27254"}],"wp:attachment":[{"href":"https:\/\/pizbube.ch\/en\/wp-json\/wp\/v2\/media?parent=147087"}],"wp:term":[{"taxonomy":"product_brand","embeddable":true,"href":"https:\/\/pizbube.ch\/en\/wp-json\/wp\/v2\/product_brand?post=147087"},{"taxonomy":"product_cat","embeddable":true,"href":"https:\/\/pizbube.ch\/en\/wp-json\/wp\/v2\/product_cat?post=147087"},{"taxonomy":"product_tag","embeddable":true,"href":"https:\/\/pizbube.ch\/en\/wp-json\/wp\/v2\/product_tag?post=147087"}],"curies":[{"name":"wp","href":"https:\/\/api.w.org\/{rel}","templated":true}]}}