{"id":147090,"date":"2021-01-15T10:54:44","date_gmt":"2021-01-15T10:54:44","guid":{"rendered":"https:\/\/codengine3.ch\/?product=import-placeholder-for-200151"},"modified":"2021-01-15T10:54:47","modified_gmt":"2021-01-15T10:54:47","slug":"mittelmoraenen-heute-und-in-der-eiszeit","status":"publish","type":"product","link":"https:\/\/pizbube.ch\/en\/shop\/mittelmoraenen-heute-und-in-der-eiszeit\/","title":{"rendered":"Mittelmor\u00e4nen &#8211; Heute und in der Eiszeit"},"content":{"rendered":"<p>Mittelmor\u00e4nen geh\u00f6ren zum bekannten Bild vieler unserer Gletscher. Sie sind<br \/>\neigentliche Schuttf\u00f6rderb\u00e4nder. An ihrem Ende bleibt ihr Gesteinsschutt liegen<br \/>\nund h\u00e4uft sich bei gleichbleibenden Eisst\u00e4nden im Laufe von Jahrhunderten zu<br \/>\nnamhaften H\u00fcgeln. Dies gilt in besonderem Ma\u00dfe f\u00fcr die Gletscher der Eiszeit.<br \/>\nDas Buch beginnt mit einer allgemeinen Gletscherkunde und beschreibt in der<br \/>\nFolge eiszeitliche Landschaftsformen, die auf Mittelmor\u00e4nen zur\u00fcckgef\u00fchrt<br \/>\nwerden k\u00f6nnen. Es geht auch auf die theoretischen Folgen dieser noch<br \/>\numstrittenen Sichtweise ein.<\/p>","protected":false},"excerpt":{"rendered":"<p>Mittelmor\u00e4nen geh\u00f6ren zum bekannten Bild vieler unserer Gletscher. Sie sind eigentliche Schuttf\u00f6rderb\u00e4nder. An ihrem Ende bleibt ihr Gesteinsschutt liegen und h\u00e4uft sich bei gleichbleibenden Eisst\u00e4nden im Laufe von Jahrhunderten zu namhaften H\u00fcgeln. Dies gilt in besonderem Ma\u00dfe f\u00fcr die Gletscher der Eiszeit. Das Buch beginnt mit einer allgemeinen Gletscherkunde und beschreibt in der Folge eiszeitliche [&#8230;]\n","protected":false},"featured_media":26054,"template":"","meta":[],"product_brand":[],"product_cat":[21542],"product_tag":[],"class_list":{"0":"post-147090","1":"product","2":"type-product","3":"status-publish","4":"has-post-thumbnail","6":"product_cat-sachbuecher-dokumentationen","7":"pa_autor-wagner","8":"pa_erscheinungsjahr-21550","9":"pa_region-fauna-flora-geologie-glaziologie","10":"pa_sprache-de","12":"first","13":"instock","14":"taxable","15":"shipping-taxable","16":"purchasable","17":"product-type-simple"},"_links":{"self":[{"href":"https:\/\/pizbube.ch\/en\/wp-json\/wp\/v2\/product\/147090","targetHints":{"allow":["GET"]}}],"collection":[{"href":"https:\/\/pizbube.ch\/en\/wp-json\/wp\/v2\/product"}],"about":[{"href":"https:\/\/pizbube.ch\/en\/wp-json\/wp\/v2\/types\/product"}],"wp:featuredmedia":[{"embeddable":true,"href":"https:\/\/pizbube.ch\/en\/wp-json\/wp\/v2\/media\/26054"}],"wp:attachment":[{"href":"https:\/\/pizbube.ch\/en\/wp-json\/wp\/v2\/media?parent=147090"}],"wp:term":[{"taxonomy":"product_brand","embeddable":true,"href":"https:\/\/pizbube.ch\/en\/wp-json\/wp\/v2\/product_brand?post=147090"},{"taxonomy":"product_cat","embeddable":true,"href":"https:\/\/pizbube.ch\/en\/wp-json\/wp\/v2\/product_cat?post=147090"},{"taxonomy":"product_tag","embeddable":true,"href":"https:\/\/pizbube.ch\/en\/wp-json\/wp\/v2\/product_tag?post=147090"}],"curies":[{"name":"wp","href":"https:\/\/api.w.org\/{rel}","templated":true}]}}