{"id":147094,"date":"2021-01-15T10:54:44","date_gmt":"2021-01-15T10:54:44","guid":{"rendered":"https:\/\/codengine3.ch\/?product=import-placeholder-for-205436"},"modified":"2021-01-15T14:41:15","modified_gmt":"2021-01-15T14:41:15","slug":"eine-kleine-geschichte-der-gletscher","status":"publish","type":"product","link":"https:\/\/pizbube.ch\/en\/shop\/eine-kleine-geschichte-der-gletscher\/","title":{"rendered":"Eine kleine Geschichte der Gletscher"},"content":{"rendered":"<p>Die Alpengletscher im Klimawandel  <\/p>\n<p>Der Zusammenhang zwischen den Klima\u00e4nderungen und dem unaufhaltsamen<br \/>\nAbschmelzen der Gletscher l\u00e4sst sich besonders gut an den Alpen beobachten.<br \/>\nAusdehnung und R\u00fcckbildung von Gletschern hat es im Lauf der Erdgeschichte<br \/>\nfreilich immer wieder gegeben. Der Gletscherforscher Am\u00e9d\u00e9e Zryd schaut zur\u00fcck<br \/>\nauf die lange Geschichte von Eiszeiten und Warmphasen und erkl\u00e4rt, warum die<br \/>\nheutige Erderw\u00e4rmung anders ist als die vorangegangenen.  <\/p>\n<p>Am Beispiel der Katastrophen, die sich in der Vergangenheit ereigneten,<br \/>\nanalysiert der Autor auch die Gefahren des derzeitigen Klimawandels. Indem er<br \/>\ndas lange Zusammenleben von Menschen und Gletschern beschreibt, f\u00fchrt er vor<br \/>\nAugen, welche Folgen zuk\u00fcnftige Bergbewohner zu bew\u00e4ltigen haben werden.<br \/>\n140 Seiten \/ 8 Grafiken, 3 sw Fotografien<\/p>","protected":false},"excerpt":{"rendered":"<p>Die Alpengletscher im Klimawandel Der Zusammenhang zwischen den Klima\u00e4nderungen und dem unaufhaltsamen Abschmelzen der Gletscher l\u00e4sst sich besonders gut an den Alpen beobachten. Ausdehnung und R\u00fcckbildung von Gletschern hat es im Lauf der Erdgeschichte freilich immer wieder gegeben. Der Gletscherforscher Am\u00e9d\u00e9e Zryd schaut zur\u00fcck auf die lange Geschichte von Eiszeiten und Warmphasen und erkl\u00e4rt, warum [&#8230;]\n","protected":false},"featured_media":34144,"template":"","meta":[],"product_brand":[],"product_cat":[21542],"product_tag":[],"class_list":{"0":"post-147094","1":"product","2":"type-product","3":"status-publish","4":"has-post-thumbnail","6":"product_cat-sachbuecher-dokumentationen","7":"pa_autor-zryd","8":"pa_erscheinungsjahr-21591","9":"pa_region-fauna-flora-geologie-glaziologie","10":"pa_sprache-de","12":"first","13":"outofstock","14":"taxable","15":"shipping-taxable","16":"purchasable","17":"product-type-simple"},"_links":{"self":[{"href":"https:\/\/pizbube.ch\/en\/wp-json\/wp\/v2\/product\/147094","targetHints":{"allow":["GET"]}}],"collection":[{"href":"https:\/\/pizbube.ch\/en\/wp-json\/wp\/v2\/product"}],"about":[{"href":"https:\/\/pizbube.ch\/en\/wp-json\/wp\/v2\/types\/product"}],"wp:featuredmedia":[{"embeddable":true,"href":"https:\/\/pizbube.ch\/en\/wp-json\/wp\/v2\/media\/34144"}],"wp:attachment":[{"href":"https:\/\/pizbube.ch\/en\/wp-json\/wp\/v2\/media?parent=147094"}],"wp:term":[{"taxonomy":"product_brand","embeddable":true,"href":"https:\/\/pizbube.ch\/en\/wp-json\/wp\/v2\/product_brand?post=147094"},{"taxonomy":"product_cat","embeddable":true,"href":"https:\/\/pizbube.ch\/en\/wp-json\/wp\/v2\/product_cat?post=147094"},{"taxonomy":"product_tag","embeddable":true,"href":"https:\/\/pizbube.ch\/en\/wp-json\/wp\/v2\/product_tag?post=147094"}],"curies":[{"name":"wp","href":"https:\/\/api.w.org\/{rel}","templated":true}]}}