{"id":147101,"date":"2021-01-15T10:54:45","date_gmt":"2021-01-15T10:54:45","guid":{"rendered":"https:\/\/codengine3.ch\/?product=import-placeholder-for-206163"},"modified":"2026-02-11T09:38:53","modified_gmt":"2026-02-11T08:38:53","slug":"oetztaler-alpen-oetztal-pitztal-150000","status":"publish","type":"product","link":"https:\/\/pizbube.ch\/en\/shop\/oetztaler-alpen-oetztal-pitztal-150000\/","title":{"rendered":"\u00d6tztaler Alpen, \u00d6tztal, Pitztal; 1:50`000"},"content":{"rendered":"<p>Wandern Rad Skitouren;<br \/>\nBlatt WK 43<\/p>\n<p>Die 5in1 Wanderkarte ist jetzt noch \u00fcbersichtlicher und besser lesbar. Die<br \/>\nWanderkarten aus den Top-Wanderregionen sind mit einem Panorama und einer<br \/>\nzus\u00e4tzlichen Karte im Detailma\u00dfstab ausgestattet. Der Aktiv Guide informiert<br \/>\nSie rund um das Thema Outdoor und die kostenlose App f\u00fcr unterwegs gibt es<br \/>\nauch noch dazu. Das bildet die perfekte Grundlage f\u00fcr die Planung einer<br \/>\nWandertour.<\/p>\n<p>Die pr\u00e4zise Kartografie zeigt alle begehbaren Wanderwege inklusive<br \/>\nKlassifizierung. Informationen wie Schwimmb\u00e4der, Klettersteige,<br \/>\nKinderspielpl\u00e4tze, H\u00fctten und vieles mehr sind in der Karte ebenfalls<br \/>\nenthalten. Die GPS-genauen KOMPASS Karten sind ideal f\u00fcr Ihre n\u00e4chste Tour!<br \/>\nDer lesefreundliche Ma\u00dfstab und n\u00fctzliche Informationen \u00fcber die Region<br \/>\nerleichtern Ihre Planung.<\/p>\n<p>KOMPASS Karten enthalten alles Wissenswerte f\u00fcr den Outdoor-Genie\u00dfer. Wander-<br \/>\nund Radwege mit Markierungen je nach Schwierigkeitsgrad, entsprechende<br \/>\nH\u00f6henlinien und Vegetationsformen sowie umfassende touristische Informationen.<\/p>","protected":false},"excerpt":{"rendered":"<p>Wandern Rad Skitouren; Blatt WK 43 Die 5in1 Wanderkarte ist jetzt noch \u00fcbersichtlicher und besser lesbar. Die Wanderkarten aus den Top-Wanderregionen sind mit einem Panorama und einer zus\u00e4tzlichen Karte im Detailma\u00dfstab ausgestattet. Der Aktiv Guide informiert Sie rund um das Thema Outdoor und die kostenlose App f\u00fcr unterwegs gibt es auch noch dazu. Das bildet [&#8230;]\n","protected":false},"featured_media":183123,"template":"","meta":[],"product_brand":[],"product_cat":[21543],"product_tag":[],"class_list":{"0":"post-147101","1":"product","2":"type-product","3":"status-publish","4":"has-post-thumbnail","6":"product_cat-landkarten","7":"pa_autor-kompass","8":"pa_erscheinungsjahr-27339","9":"pa_region-oesterreich","10":"pa_sprache-de","12":"first","13":"instock","14":"taxable","15":"shipping-taxable","16":"purchasable","17":"product-type-simple"},"_links":{"self":[{"href":"https:\/\/pizbube.ch\/en\/wp-json\/wp\/v2\/product\/147101","targetHints":{"allow":["GET"]}}],"collection":[{"href":"https:\/\/pizbube.ch\/en\/wp-json\/wp\/v2\/product"}],"about":[{"href":"https:\/\/pizbube.ch\/en\/wp-json\/wp\/v2\/types\/product"}],"wp:featuredmedia":[{"embeddable":true,"href":"https:\/\/pizbube.ch\/en\/wp-json\/wp\/v2\/media\/183123"}],"wp:attachment":[{"href":"https:\/\/pizbube.ch\/en\/wp-json\/wp\/v2\/media?parent=147101"}],"wp:term":[{"taxonomy":"product_brand","embeddable":true,"href":"https:\/\/pizbube.ch\/en\/wp-json\/wp\/v2\/product_brand?post=147101"},{"taxonomy":"product_cat","embeddable":true,"href":"https:\/\/pizbube.ch\/en\/wp-json\/wp\/v2\/product_cat?post=147101"},{"taxonomy":"product_tag","embeddable":true,"href":"https:\/\/pizbube.ch\/en\/wp-json\/wp\/v2\/product_tag?post=147101"}],"curies":[{"name":"wp","href":"https:\/\/api.w.org\/{rel}","templated":true}]}}