{"id":147103,"date":"2021-01-15T10:54:45","date_gmt":"2021-01-15T10:54:45","guid":{"rendered":"https:\/\/codengine3.ch\/?product=import-placeholder-for-202910"},"modified":"2021-01-15T12:52:21","modified_gmt":"2021-01-15T12:52:21","slug":"oetztal","status":"publish","type":"product","link":"https:\/\/pizbube.ch\/en\/shop\/oetztal\/","title":{"rendered":"\u00d6tztal"},"content":{"rendered":"<p>\u00d6tztaler Alpen \u2013 Stubaier Alpen Die sch\u00f6nsten Tal- und H\u00f6henwanderungen<\/p>\n<p>50 ausgew\u00e4hlte Berg- und Talwanderungen im Gebiet des \u00d6tztals, der \u00d6tztaler<br \/>\nund der Stubaier Alpen.  <\/p>\n<p>Viele Touren verlaufen im idyllischen Talboden zwischen den Ortschaften Oetz,<br \/>\nS\u00f6lden und Zwieselstein. Weitere Schwerpunkte in der Tourenbeschreibung sind<br \/>\ndie beliebten H\u00fcttenwanderungen, die h\u00e4ufig bis an den Fu\u00df der Gletscherriesen<br \/>\nf\u00fchren, und die interessantesten Aussichtsgipfel. Hin und wieder wird dabei<br \/>\ndas Angebot der \u00d6tztaler Berg- und Gletscherbahnen genutzt.<br \/>\nJede Tourenbeschreibung wird durch ein farbiges Wanderk\u00e4rtchen im Ma\u00dfstab<br \/>\n1:50.000 mit Routeneintrag und durch einFarbfoto erg\u00e4nzt.<br \/>\n160 Seiten mit 126 Farbabbildungen, 50 H\u00f6henprofile, 50 Wanderk\u00e4rtchen im<br \/>\nMa\u00dfstab 1:50.000\/1:75.000, eine \u00dcbersichtskarte<br \/>\n6. \u00fcberarbeit. Auflage 2015<\/p>","protected":false},"excerpt":{"rendered":"<ul>\n<li><a href=\"https:\/\/pizbube.ch\/wp-content\/uploads\/attachments\/a_029\/CDD92D89FCF841F2C0E540793C88580C.pdf\" target=\"_blank\" rel=\"noopener\">PDF: \u00f6tztal_inhalt.pdf<\/a><\/li>\n<\/ul>","protected":false},"featured_media":39749,"template":"","meta":[],"product_brand":[],"product_cat":[21605],"product_tag":[],"class_list":{"0":"post-147103","1":"product","2":"type-product","3":"status-publish","4":"has-post-thumbnail","6":"product_cat-wanderfuehrer-trekking","7":"pa_autor-zahel","8":"pa_erscheinungsjahr-21597","9":"pa_region-oesterreich","10":"pa_sprache-de","12":"first","13":"instock","14":"taxable","15":"shipping-taxable","16":"purchasable","17":"product-type-simple"},"_links":{"self":[{"href":"https:\/\/pizbube.ch\/en\/wp-json\/wp\/v2\/product\/147103","targetHints":{"allow":["GET"]}}],"collection":[{"href":"https:\/\/pizbube.ch\/en\/wp-json\/wp\/v2\/product"}],"about":[{"href":"https:\/\/pizbube.ch\/en\/wp-json\/wp\/v2\/types\/product"}],"wp:featuredmedia":[{"embeddable":true,"href":"https:\/\/pizbube.ch\/en\/wp-json\/wp\/v2\/media\/39749"}],"wp:attachment":[{"href":"https:\/\/pizbube.ch\/en\/wp-json\/wp\/v2\/media?parent=147103"}],"wp:term":[{"taxonomy":"product_brand","embeddable":true,"href":"https:\/\/pizbube.ch\/en\/wp-json\/wp\/v2\/product_brand?post=147103"},{"taxonomy":"product_cat","embeddable":true,"href":"https:\/\/pizbube.ch\/en\/wp-json\/wp\/v2\/product_cat?post=147103"},{"taxonomy":"product_tag","embeddable":true,"href":"https:\/\/pizbube.ch\/en\/wp-json\/wp\/v2\/product_tag?post=147103"}],"curies":[{"name":"wp","href":"https:\/\/api.w.org\/{rel}","templated":true}]}}