{"id":147104,"date":"2021-01-15T10:54:45","date_gmt":"2021-01-15T10:54:45","guid":{"rendered":"https:\/\/codengine3.ch\/?product=import-placeholder-for-200154"},"modified":"2021-01-15T10:54:48","modified_gmt":"2021-01-15T10:54:48","slug":"montagnes-en-majeste","status":"publish","type":"product","link":"https:\/\/pizbube.ch\/en\/shop\/montagnes-en-majeste\/","title":{"rendered":"Montagnes en majest\u00e9"},"content":{"rendered":"<p>\nDans ce tr\u00e8s beau livre, les montagnes sont v\u00e9ritablement magnifi\u00e9es par l\u2019\u0153il<br \/>\ntalentueux et passionn\u00e9 de Robert B\u00f6sch.  <\/p>\n<p>\u00ab L\u2019alpinisme et la photographie ont \u00e9t\u00e9, depuis de longues ann\u00e9es, ma<br \/>\nprofession et ma raison de vivre. Si, \u00e0 mes d\u00e9buts, l\u2019alpinisme de performance<br \/>\ndominait, montagne apr\u00e8s montagne, j\u2019ai fait de ma seconde passion, la<br \/>\nphotographie, ma profession. Dans les deux cas, j\u2019ai appris en pratiquant. Ce<br \/>\nlong cheminement m\u2019a men\u00e9 sur tous les continents et dans les recoins les plus<br \/>\n\u00e9loign\u00e9s de notre plan\u00e8te, mais, plus encore, m\u2019a offert une vie exaltante<br \/>\nainsi que de solides et profondes amiti\u00e9s. \u00bb  <\/p>\n<p>Alpiniste et photographe suisse, Robert B\u00f6sch pr\u00e9sente ici le fruit de plus de<br \/>\nquarante ans de passion pour la montagne. Pour les montagnes : alpinisme,<br \/>\nescalade, mais aussi kayak, parapente ou v\u00e9lo\u2026 sur les parois et les chemins<br \/>\nd\u2019Europe, d\u2019Himalaya ou d\u2019ailleurs.  <\/p>\n<p>Les images spectaculaires de Montagnes en majest\u00e9 jouxtent les histoires des<br \/>\nrencontres qui l\u2019ont marqu\u00e9 durant sa remarquable carri\u00e8re, de Ueli Steck \u00e0<br \/>\nSteve House, en passant par Nina Caprez ou Babsi Zangerl.  <\/p>","protected":false},"excerpt":{"rendered":"<p>Dans ce tr\u00e8s beau livre, les montagnes sont v\u00e9ritablement magnifi\u00e9es par l\u2019\u0153il talentueux et passionn\u00e9 de Robert B\u00f6sch. \u00ab L\u2019alpinisme et la photographie ont \u00e9t\u00e9, depuis de longues ann\u00e9es, ma profession et ma raison de vivre. Si, \u00e0 mes d\u00e9buts, l\u2019alpinisme de performance dominait, montagne apr\u00e8s montagne, j\u2019ai fait de ma seconde passion, la photographie, [&#8230;]\n","protected":false},"featured_media":26061,"template":"","meta":[],"product_brand":[],"product_cat":[21542],"product_tag":[],"class_list":{"0":"post-147104","1":"product","2":"type-product","3":"status-publish","4":"has-post-thumbnail","6":"product_cat-sachbuecher-dokumentationen","7":"pa_autor-boesch","8":"pa_erscheinungsjahr-21586","9":"pa_region-schweiz","10":"pa_sprache-fr","12":"first","13":"instock","14":"taxable","15":"shipping-taxable","16":"purchasable","17":"product-type-simple"},"_links":{"self":[{"href":"https:\/\/pizbube.ch\/en\/wp-json\/wp\/v2\/product\/147104","targetHints":{"allow":["GET"]}}],"collection":[{"href":"https:\/\/pizbube.ch\/en\/wp-json\/wp\/v2\/product"}],"about":[{"href":"https:\/\/pizbube.ch\/en\/wp-json\/wp\/v2\/types\/product"}],"wp:featuredmedia":[{"embeddable":true,"href":"https:\/\/pizbube.ch\/en\/wp-json\/wp\/v2\/media\/26061"}],"wp:attachment":[{"href":"https:\/\/pizbube.ch\/en\/wp-json\/wp\/v2\/media?parent=147104"}],"wp:term":[{"taxonomy":"product_brand","embeddable":true,"href":"https:\/\/pizbube.ch\/en\/wp-json\/wp\/v2\/product_brand?post=147104"},{"taxonomy":"product_cat","embeddable":true,"href":"https:\/\/pizbube.ch\/en\/wp-json\/wp\/v2\/product_cat?post=147104"},{"taxonomy":"product_tag","embeddable":true,"href":"https:\/\/pizbube.ch\/en\/wp-json\/wp\/v2\/product_tag?post=147104"}],"curies":[{"name":"wp","href":"https:\/\/api.w.org\/{rel}","templated":true}]}}