{"id":147105,"date":"2021-01-15T10:54:45","date_gmt":"2021-01-15T10:54:45","guid":{"rendered":"https:\/\/codengine3.ch\/?product=import-placeholder-for-200494"},"modified":"2021-02-24T10:16:26","modified_gmt":"2021-02-24T09:16:26","slug":"mont-blanc-panoramique","status":"publish","type":"product","link":"https:\/\/pizbube.ch\/en\/shop\/mont-blanc-panoramique\/","title":{"rendered":"Mont-Blanc Magique"},"content":{"rendered":"<p>To celebrate 25 years as a photographer, Mario Colonel, concidered one of the best mountain photographers working in the Alps today,<br \/>\noffers a collection of his best shots of Mont Blanc &#8211; his images often bring new and unseen views of these awe-inspiring mountains.<\/p>\n<h4>Pour marquer ses 25 ans de photos, Mario Colonel, consid\u00e9r\u00e9 comme l&#8217;un des meilleurs photographes des Alpes nous offre un floril\u00e9ge de ses meilleures photos du Mont-Blanc. Avec lui, nous d\u00e9couvrirons souvent sous des angles in\u00e9dits, ce massif de lumi\u00e9re et d&#8217;altitude&#8230;<\/h4>\n<p>No of Pages: 208<br \/>\nPage Size: 240 x 300 mm<br \/>\nBinding: Paperback (flapped)<br \/>\nIllustrations: Full Colour Photographs<\/p>","protected":false},"excerpt":{"rendered":"<p>To celebrate 25 years as a photographer, Mario Colonel, concidered one of the best mountain photographers working in the Alps today, offers a collection of his best shots of Mont Blanc &#8211; his images often bring new and unseen views of these awe-inspiring mountains. Pour marquer ses 25 ans de photos, Mario Colonel, consid\u00e9r\u00e9 comme [&#8230;]\n","protected":false},"featured_media":156049,"template":"","meta":[],"product_brand":[],"product_cat":[21542],"product_tag":[],"class_list":{"0":"post-147105","1":"product","2":"type-product","3":"status-publish","4":"has-post-thumbnail","6":"product_cat-sachbuecher-dokumentationen","7":"pa_autor-colonel","8":"pa_erscheinungsjahr-21550","9":"pa_region-frankreich","10":"pa_sprache-en-fr","12":"first","13":"instock","14":"taxable","15":"shipping-taxable","16":"purchasable","17":"product-type-simple"},"_links":{"self":[{"href":"https:\/\/pizbube.ch\/en\/wp-json\/wp\/v2\/product\/147105","targetHints":{"allow":["GET"]}}],"collection":[{"href":"https:\/\/pizbube.ch\/en\/wp-json\/wp\/v2\/product"}],"about":[{"href":"https:\/\/pizbube.ch\/en\/wp-json\/wp\/v2\/types\/product"}],"wp:featuredmedia":[{"embeddable":true,"href":"https:\/\/pizbube.ch\/en\/wp-json\/wp\/v2\/media\/156049"}],"wp:attachment":[{"href":"https:\/\/pizbube.ch\/en\/wp-json\/wp\/v2\/media?parent=147105"}],"wp:term":[{"taxonomy":"product_brand","embeddable":true,"href":"https:\/\/pizbube.ch\/en\/wp-json\/wp\/v2\/product_brand?post=147105"},{"taxonomy":"product_cat","embeddable":true,"href":"https:\/\/pizbube.ch\/en\/wp-json\/wp\/v2\/product_cat?post=147105"},{"taxonomy":"product_tag","embeddable":true,"href":"https:\/\/pizbube.ch\/en\/wp-json\/wp\/v2\/product_tag?post=147105"}],"curies":[{"name":"wp","href":"https:\/\/api.w.org\/{rel}","templated":true}]}}