{"id":147107,"date":"2021-01-15T10:54:45","date_gmt":"2021-01-15T10:54:45","guid":{"rendered":"https:\/\/codengine3.ch\/?product=import-placeholder-for-200155"},"modified":"2024-07-26T12:17:48","modified_gmt":"2024-07-26T10:17:48","slug":"plaquettes-dans-les-vallees-des-gaves-escalade-dans-les-hautes-pyrenees","status":"publish","type":"product","link":"https:\/\/pizbube.ch\/en\/shop\/plaquettes-dans-les-vallees-des-gaves-escalade-dans-les-hautes-pyrenees\/","title":{"rendered":"Plaquettes dans les Vallees des Gaves &#8211; Escalade dans les Hautes-Pyren\u00e9es"},"content":{"rendered":"<p>Un tout nouveau topo sur la vall\u00e9e des Gaves : Plaquettes dans les vall\u00e9es des<br \/>\nGaves. Presque 900 voies au total (couennes et grandes voies) situ\u00e9es entre<br \/>\nLourdes et Gavarnie, en passant par Bar\u00e8ges, Troumouse, Cauterets et le<br \/>\nsecteur du Bala\u00eftous.<\/p>\n<p>Il est structur\u00e9 en 15 secteurs pour un total de 774 voies en couenne et 123<br \/>\ngrandes voies (voies \u00e9quip\u00e9ees) :<br \/>\n1-COL D`ECH<br \/>\n2-LOURDES<br \/>\n3-PIBESTE<br \/>\n4-GER<br \/>\n5-ARRENS-MARSOUS<br \/>\n6-LARRIBET<br \/>\n7-CAUTERETS<br \/>\n8-PONT D`ESPAGNE<br \/>\n9-LUZ-SAINT-SAUVEUR<br \/>\n10-G\u00c8DRE<br \/>\n11-H\u00c9AS-TROUMOUSE<br \/>\n12-GAVARNIE<br \/>\n13-SARRADETS<br \/>\n14-DETS COUBOUS<br \/>\n15-LA GL\u00c8RE<\/p>\n<p>A new guide covering the French side of the Pyrenees around Gavarnie and<br \/>\nLourdes &#8211; the guide describes both single pitch sport routes plus longer<br \/>\nmulti-pitch routes in the mountains.<\/p>\n<p>French and Spanish Language<\/p>","protected":false},"excerpt":{"rendered":"<p>Un tout nouveau topo sur la vall\u00e9e des Gaves : Plaquettes dans les vall\u00e9es des Gaves. Presque 900 voies au total (couennes et grandes voies) situ\u00e9es entre Lourdes et Gavarnie, en passant par Bar\u00e8ges, Troumouse, Cauterets et le secteur du Bala\u00eftous. Il est structur\u00e9 en 15 secteurs pour un total de 774 voies en couenne [&#8230;]\n","protected":false},"featured_media":169362,"template":"","meta":[],"product_brand":[],"product_cat":[21539],"product_tag":[26950],"class_list":{"0":"post-147107","1":"product","2":"type-product","3":"status-publish","4":"has-post-thumbnail","6":"product_cat-fuehrerliteratur-sportklettern-bouldern","7":"product_tag-pyrenaeen","8":"pa_autor-alfonso","9":"pa_erscheinungsjahr-21568","10":"pa_region-frankreich","11":"pa_sprache-fr-es","13":"first","14":"instock","15":"taxable","16":"shipping-taxable","17":"purchasable","18":"product-type-simple"},"_links":{"self":[{"href":"https:\/\/pizbube.ch\/en\/wp-json\/wp\/v2\/product\/147107","targetHints":{"allow":["GET"]}}],"collection":[{"href":"https:\/\/pizbube.ch\/en\/wp-json\/wp\/v2\/product"}],"about":[{"href":"https:\/\/pizbube.ch\/en\/wp-json\/wp\/v2\/types\/product"}],"wp:featuredmedia":[{"embeddable":true,"href":"https:\/\/pizbube.ch\/en\/wp-json\/wp\/v2\/media\/169362"}],"wp:attachment":[{"href":"https:\/\/pizbube.ch\/en\/wp-json\/wp\/v2\/media?parent=147107"}],"wp:term":[{"taxonomy":"product_brand","embeddable":true,"href":"https:\/\/pizbube.ch\/en\/wp-json\/wp\/v2\/product_brand?post=147107"},{"taxonomy":"product_cat","embeddable":true,"href":"https:\/\/pizbube.ch\/en\/wp-json\/wp\/v2\/product_cat?post=147107"},{"taxonomy":"product_tag","embeddable":true,"href":"https:\/\/pizbube.ch\/en\/wp-json\/wp\/v2\/product_tag?post=147107"}],"curies":[{"name":"wp","href":"https:\/\/api.w.org\/{rel}","templated":true}]}}