{"id":147108,"date":"2021-01-15T10:54:45","date_gmt":"2021-01-15T10:54:45","guid":{"rendered":"https:\/\/codengine3.ch\/?product=import-placeholder-for-203026"},"modified":"2021-01-15T12:53:24","modified_gmt":"2021-01-15T12:53:24","slug":"el-pirineo-central-a-traves-del-4-grado","status":"publish","type":"product","link":"https:\/\/pizbube.ch\/en\/shop\/el-pirineo-central-a-traves-del-4-grado\/","title":{"rendered":"El Pirineo central a traves del 4 grado"},"content":{"rendered":"<p>Una vez m\u00e1s, Alberto Urtasun selecciona las mejores escaladas del Pirineo<br \/>\ncentral, desde el incomparable macizo de Vignemale hasta las cl\u00e1sicas paredes<br \/>\nde Montsec de R\u00fabies. En esta gu\u00eda encontrar\u00e1s 50 propuestas de itinerarios<br \/>\nmuy diferentes entre s\u00ed, pero con un nexo com\u00fan: la dificultad moderada de sus<br \/>\nv\u00edas (hasta MD). En cada itinerario encontrar\u00e1s toda la informaci\u00f3n pr\u00e1ctica<br \/>\nnecesaria para planificar tus escaladas: desnivel, horario, dificultad, punto<br \/>\nde partida, aproximaci\u00f3n, material, descripci\u00f3n y descenso, todo ello<br \/>\nilustrado con detallados croquis de las v\u00edas, mapas de situaci\u00f3n y las fotos<br \/>\nm\u00e1s representativas. Incluye las siguientes zonas de escalada: Macizo de<br \/>\nVignemale, Gavarnie, Ordesa, Circo de Troumouse, Macizo de N\u00e9ouvielle,<br \/>\nBachimala-Gourgs-Blancs-Perdiguero, Macizo de Posets, Maladeta-Aneto, Valle de<br \/>\nAr\u00e1n-Pallars-Alta Ribagor\u00e7a, Montsec d&#8217;Ares, y Montsec de R\u00fabies.  <\/p>","protected":false},"excerpt":{"rendered":"<ul>\n<li><b>INFO: Neuauflage geplant; Termin unbestimmt<b><\/li>\n<\/ul>","protected":false},"featured_media":30536,"template":"","meta":[],"product_brand":[],"product_cat":[21539],"product_tag":[],"class_list":{"0":"post-147108","1":"product","2":"type-product","3":"status-publish","4":"has-post-thumbnail","6":"product_cat-fuehrerliteratur-sportklettern-bouldern","7":"pa_autor-uriz","8":"pa_erscheinungsjahr-22292","9":"pa_region-spanien","10":"pa_sprache-sp","12":"first","13":"outofstock","14":"taxable","15":"shipping-taxable","16":"purchasable","17":"product-type-simple"},"_links":{"self":[{"href":"https:\/\/pizbube.ch\/en\/wp-json\/wp\/v2\/product\/147108","targetHints":{"allow":["GET"]}}],"collection":[{"href":"https:\/\/pizbube.ch\/en\/wp-json\/wp\/v2\/product"}],"about":[{"href":"https:\/\/pizbube.ch\/en\/wp-json\/wp\/v2\/types\/product"}],"wp:featuredmedia":[{"embeddable":true,"href":"https:\/\/pizbube.ch\/en\/wp-json\/wp\/v2\/media\/30536"}],"wp:attachment":[{"href":"https:\/\/pizbube.ch\/en\/wp-json\/wp\/v2\/media?parent=147108"}],"wp:term":[{"taxonomy":"product_brand","embeddable":true,"href":"https:\/\/pizbube.ch\/en\/wp-json\/wp\/v2\/product_brand?post=147108"},{"taxonomy":"product_cat","embeddable":true,"href":"https:\/\/pizbube.ch\/en\/wp-json\/wp\/v2\/product_cat?post=147108"},{"taxonomy":"product_tag","embeddable":true,"href":"https:\/\/pizbube.ch\/en\/wp-json\/wp\/v2\/product_tag?post=147108"}],"curies":[{"name":"wp","href":"https:\/\/api.w.org\/{rel}","templated":true}]}}