{"id":147109,"date":"2021-01-15T10:54:45","date_gmt":"2021-01-15T10:54:45","guid":{"rendered":"https:\/\/codengine3.ch\/?product=import-placeholder-for-204888"},"modified":"2021-01-15T14:37:03","modified_gmt":"2021-01-15T14:37:03","slug":"luz-saint-sauveur-et-ses-environs","status":"publish","type":"product","link":"https:\/\/pizbube.ch\/en\/shop\/luz-saint-sauveur-et-ses-environs\/","title":{"rendered":"LUZ-SAINT-SAUVEUR ET SES ENVIRONS"},"content":{"rendered":"<p>Au coeur des Pyr\u00e9n\u00e9es Centrales, la vall\u00e9e de Luz-Saint-Sauveur abrite des<br \/>\nsites d&#8217;exception : du mythique col du Tourmalet, tout proche, aux majestueux<br \/>\ncirques glaciaires class\u00e9s au patrimoine mondial de l&#8217;Unesco, Luz-Saint-<br \/>\nSauveur est \u00e9galement une porte d&#8217;entr\u00e9e dans le Parc National des Pyr\u00e9n\u00e9es.<br \/>\nCes paysages romantiques ont inspir\u00e9 les po\u00e8tes les plus illustres comme<br \/>\nVictor Hugo ou George Sand. C&#8217;est \u00e9galement ici que commence l&#8217;\u00e9pop\u00e9e du<br \/>\n&#8218;pyr\u00e9n\u00e9isme&#8216;. A votre tour, partez sur les sentiers de cette vall\u00e9e o\u00f9 r\u00e8gne,<br \/>\nrythm\u00e9e par les saisons, une vie pastorale encore bien active !  <\/p>","protected":false},"excerpt":{"rendered":"<p>Au coeur des Pyr\u00e9n\u00e9es Centrales, la vall\u00e9e de Luz-Saint-Sauveur abrite des sites d&#8217;exception : du mythique col du Tourmalet, tout proche, aux majestueux cirques glaciaires class\u00e9s au patrimoine mondial de l&#8217;Unesco, Luz-Saint- Sauveur est \u00e9galement une porte d&#8217;entr\u00e9e dans le Parc National des Pyr\u00e9n\u00e9es. Ces paysages romantiques ont inspir\u00e9 les po\u00e8tes les plus illustres comme [&#8230;]\n","protected":false},"featured_media":33429,"template":"","meta":[],"product_brand":[],"product_cat":[21605],"product_tag":[],"class_list":{"0":"post-147109","1":"product","2":"type-product","3":"status-publish","4":"has-post-thumbnail","6":"product_cat-wanderfuehrer-trekking","7":"pa_autor-ffr","8":"pa_erscheinungsjahr-21776","9":"pa_region-frankreich","10":"pa_sprache-fr","12":"first","13":"instock","14":"taxable","15":"shipping-taxable","16":"purchasable","17":"product-type-simple"},"_links":{"self":[{"href":"https:\/\/pizbube.ch\/en\/wp-json\/wp\/v2\/product\/147109","targetHints":{"allow":["GET"]}}],"collection":[{"href":"https:\/\/pizbube.ch\/en\/wp-json\/wp\/v2\/product"}],"about":[{"href":"https:\/\/pizbube.ch\/en\/wp-json\/wp\/v2\/types\/product"}],"wp:featuredmedia":[{"embeddable":true,"href":"https:\/\/pizbube.ch\/en\/wp-json\/wp\/v2\/media\/33429"}],"wp:attachment":[{"href":"https:\/\/pizbube.ch\/en\/wp-json\/wp\/v2\/media?parent=147109"}],"wp:term":[{"taxonomy":"product_brand","embeddable":true,"href":"https:\/\/pizbube.ch\/en\/wp-json\/wp\/v2\/product_brand?post=147109"},{"taxonomy":"product_cat","embeddable":true,"href":"https:\/\/pizbube.ch\/en\/wp-json\/wp\/v2\/product_cat?post=147109"},{"taxonomy":"product_tag","embeddable":true,"href":"https:\/\/pizbube.ch\/en\/wp-json\/wp\/v2\/product_tag?post=147109"}],"curies":[{"name":"wp","href":"https:\/\/api.w.org\/{rel}","templated":true}]}}