{"id":147110,"date":"2021-01-15T10:54:45","date_gmt":"2021-01-15T10:54:45","guid":{"rendered":"https:\/\/codengine3.ch\/?product=import-placeholder-for-204847"},"modified":"2021-09-04T12:42:20","modified_gmt":"2021-09-04T10:42:20","slug":"pyrenees-centrales-et-tour-du-val-dazun-et-doueil-larboust","status":"publish","type":"product","link":"https:\/\/pizbube.ch\/en\/shop\/pyrenees-centrales-et-tour-du-val-dazun-et-doueil-larboust\/","title":{"rendered":"Pyr\u00e9n\u00e9es Centrales &#8211; La Travers\u00e9e des Pyr\u00e9n\u00e9es &#8211; GR10  et tour du Val d&#8217;Azun et d&#8217;Oueil-Larboust"},"content":{"rendered":"<div class=\"short-description\">15 jours en hauteur, d&#8217;Arrens \u00e0 Bagn\u00e8res-de-Luchon. Inclus le tour du Val d&#8217;Azun.<\/div>\n<div>\n<div id=\"tab-content-full-description\" class=\"tab-content full-description\">\n<p>Le sentier franchit plusieurs cols d\u00e9passant 2000 m\u00e8tres. Mais il longe aussi des bassins au doux relief, ouverts \u00e0 la lumi\u00e8re, suivant un parcours vari\u00e9, de panoramas en site c\u00e9l\u00e8bres, de stations r\u00e9put\u00e9es en villages typiques, agr\u00e9ment\u00e9 par une multitude de torrents et de lacs aux eaux limpides.<\/p>\n<p>Traversant des vall\u00e9es ou les activit\u00e9s pastorales sont toujours vivaces, cette randonn\u00e9e est conseill\u00e9e aux amoureux de la montagne pr\u00e9serv\u00e9e.<\/p>\n<p>405 km de sentiers GR<br \/>\net tours du Val d&#8217;Azun et d&#8217;Oueil-Larboust<br \/>\nArrens \/ Lourdes \/ Melles<\/p>\n<p>9<sup>\u00e8me<\/sup> \u00e9dition &#8211; 07 \/ 2019<br \/>\nFormat : 21 x 13,5 cm<br \/>\n130 pages<\/p>\n<\/div>\n<\/div>","protected":false},"excerpt":{"rendered":"<p>15 jours en hauteur, d&#8217;Arrens \u00e0 Bagn\u00e8res-de-Luchon. Inclus le tour du Val d&#8217;Azun. Le sentier franchit plusieurs cols d\u00e9passant 2000 m\u00e8tres. Mais il longe aussi des bassins au doux relief, ouverts \u00e0 la lumi\u00e8re, suivant un parcours vari\u00e9, de panoramas en site c\u00e9l\u00e8bres, de stations r\u00e9put\u00e9es en villages typiques, agr\u00e9ment\u00e9 par une multitude de torrents [&#8230;]\n","protected":false},"featured_media":158694,"template":"","meta":[],"product_brand":[],"product_cat":[21605],"product_tag":[],"class_list":{"0":"post-147110","1":"product","2":"type-product","3":"status-publish","4":"has-post-thumbnail","6":"product_cat-wanderfuehrer-trekking","7":"pa_autor-ffrandonnee","8":"pa_erscheinungsjahr-21586","9":"pa_region-frankreich","10":"pa_sprache-fr","12":"first","13":"instock","14":"taxable","15":"shipping-taxable","16":"purchasable","17":"product-type-simple"},"_links":{"self":[{"href":"https:\/\/pizbube.ch\/en\/wp-json\/wp\/v2\/product\/147110","targetHints":{"allow":["GET"]}}],"collection":[{"href":"https:\/\/pizbube.ch\/en\/wp-json\/wp\/v2\/product"}],"about":[{"href":"https:\/\/pizbube.ch\/en\/wp-json\/wp\/v2\/types\/product"}],"wp:featuredmedia":[{"embeddable":true,"href":"https:\/\/pizbube.ch\/en\/wp-json\/wp\/v2\/media\/158694"}],"wp:attachment":[{"href":"https:\/\/pizbube.ch\/en\/wp-json\/wp\/v2\/media?parent=147110"}],"wp:term":[{"taxonomy":"product_brand","embeddable":true,"href":"https:\/\/pizbube.ch\/en\/wp-json\/wp\/v2\/product_brand?post=147110"},{"taxonomy":"product_cat","embeddable":true,"href":"https:\/\/pizbube.ch\/en\/wp-json\/wp\/v2\/product_cat?post=147110"},{"taxonomy":"product_tag","embeddable":true,"href":"https:\/\/pizbube.ch\/en\/wp-json\/wp\/v2\/product_tag?post=147110"}],"curies":[{"name":"wp","href":"https:\/\/api.w.org\/{rel}","templated":true}]}}