{"id":147111,"date":"2021-01-15T10:54:45","date_gmt":"2021-01-15T10:54:45","guid":{"rendered":"https:\/\/codengine3.ch\/?product=import-placeholder-for-206632"},"modified":"2021-01-15T14:50:23","modified_gmt":"2021-01-15T14:50:23","slug":"niaux-limestone-climbing-in-the-ariege-pyrenees","status":"publish","type":"product","link":"https:\/\/pizbube.ch\/en\/shop\/niaux-limestone-climbing-in-the-ariege-pyrenees\/","title":{"rendered":"niaux limestone &#8211; climbing in the ari\u00e8ge pyr\u00e9n\u00e9es"},"content":{"rendered":"<p>Top quality sport routes, multi-pitch trad adventures, brilliant bouldering on<br \/>\nlimestone, granite and mountains &#8211; the Ari\u00e8ge has everything for climbing  <\/p>\n<p>A comprehensive guidebook to the limestone sport climbing immediately around<br \/>\nNiaux in the Ari\u00e8ge Pyr\u00e9n\u00e9es. This guide covers over 540 sport routes from 5a<br \/>\nto 9a, all shown on colour photo topos. This is the first English language<br \/>\nguidebook to this area and has detailed maps and access information. Crags<br \/>\ncovered include Grotte de Sabart, Alliat, G\u00e9nat, Le Belv\u00e9d\u00e8re, Cap de<br \/>\nCouronnes, Sibada, Baychon, Le Refuge, La Colonne Unique, Le Saut de l&#8217;Ours<br \/>\nand l&#8217;Arche.  <\/p>","protected":false},"excerpt":{"rendered":"<p>Top quality sport routes, multi-pitch trad adventures, brilliant bouldering on limestone, granite and mountains &#8211; the Ari\u00e8ge has everything for climbing A comprehensive guidebook to the limestone sport climbing immediately around Niaux in the Ari\u00e8ge Pyr\u00e9n\u00e9es. This guide covers over 540 sport routes from 5a to 9a, all shown on colour photo topos. This is [&#8230;]\n","protected":false},"featured_media":35728,"template":"","meta":[],"product_brand":[],"product_cat":[21539],"product_tag":[],"class_list":{"0":"post-147111","1":"product","2":"type-product","3":"status-publish","4":"has-post-thumbnail","6":"product_cat-fuehrerliteratur-sportklettern-bouldern","7":"pa_autor-lynch","8":"pa_erscheinungsjahr-21610","9":"pa_region-frankreich","10":"pa_sprache-en","12":"first","13":"instock","14":"taxable","15":"shipping-taxable","16":"purchasable","17":"product-type-simple"},"_links":{"self":[{"href":"https:\/\/pizbube.ch\/en\/wp-json\/wp\/v2\/product\/147111","targetHints":{"allow":["GET"]}}],"collection":[{"href":"https:\/\/pizbube.ch\/en\/wp-json\/wp\/v2\/product"}],"about":[{"href":"https:\/\/pizbube.ch\/en\/wp-json\/wp\/v2\/types\/product"}],"wp:featuredmedia":[{"embeddable":true,"href":"https:\/\/pizbube.ch\/en\/wp-json\/wp\/v2\/media\/35728"}],"wp:attachment":[{"href":"https:\/\/pizbube.ch\/en\/wp-json\/wp\/v2\/media?parent=147111"}],"wp:term":[{"taxonomy":"product_brand","embeddable":true,"href":"https:\/\/pizbube.ch\/en\/wp-json\/wp\/v2\/product_brand?post=147111"},{"taxonomy":"product_cat","embeddable":true,"href":"https:\/\/pizbube.ch\/en\/wp-json\/wp\/v2\/product_cat?post=147111"},{"taxonomy":"product_tag","embeddable":true,"href":"https:\/\/pizbube.ch\/en\/wp-json\/wp\/v2\/product_tag?post=147111"}],"curies":[{"name":"wp","href":"https:\/\/api.w.org\/{rel}","templated":true}]}}