{"id":147116,"date":"2021-01-15T10:54:45","date_gmt":"2021-01-15T10:54:45","guid":{"rendered":"https:\/\/codengine3.ch\/?product=import-placeholder-for-208587"},"modified":"2021-01-15T17:55:36","modified_gmt":"2021-01-15T17:55:36","slug":"bauen-in-den-alpen-construire-dans-les-alpes-costruire-nelle-alpi","status":"publish","type":"product","link":"https:\/\/pizbube.ch\/en\/shop\/bauen-in-den-alpen-construire-dans-les-alpes-costruire-nelle-alpi\/","title":{"rendered":"Bauen in den Alpen | Construire dans les Alpes | Costruire nelle Alpi"},"content":{"rendered":"<p>Bauen in den Alpen &#8211; Eine thematische Betrachtung<\/p>\n<p>Die Lebensr\u00e4ume in den Alpen sind seit Jahrzehnten durch einen starken Wandel<br \/>\ngepr\u00e4gt: einerseits durch Abwanderung der lokalen Bev\u00f6lkerung, andererseits<br \/>\ndurch einen regelrechten Bauboom seit 1945. Waren Ferien in den Alpen im 19.<br \/>\nJahrhundert vornehmlich ein Vergn\u00fcgen f\u00fcr Privilegierte, so brachte die<br \/>\n\u00abDemokratisierung des Urlaubs\u00bb im 20. Jahrhundert eine Masse von saisonal<br \/>\ngenutzten Bauten und Zweitwohnungen mit sich, die weder eine Belebung noch<br \/>\neine nachhaltige wirtschaftliche Entwicklung nach sich zogen.<\/p>\n<p>Kunst + Architektur in der Schweiz beleuchtet in dieser Ausgabe<br \/>\nunterschiedlichste Aspekte des Kulturerbes in den Alpen: von den Anf\u00e4ngen des<br \/>\nTourismus in den Bergregionen, den alten und neuen Bergh\u00fctten des Schweizer<br \/>\nAlpen-Clubs SAC \u00fcber die Visionen der Provinzmoderne im Toggenburg zwischen<br \/>\n1920 und 1940 bis hin zu Land Art und Kunstevents wie dem Origen Festival<br \/>\nCultural in Riom, das den Wakkerpreis 2018 gewonnen hat.<\/p>\n<p>Der B\u00fcndner Architekt Gion A. Caminada, Professor f\u00fcr Architektur und Entwurf<br \/>\nan der ETH Z\u00fcrich, trifft mit seinem Motto \u00abDie Gemeinschaft zur\u00fcckerobern\u00bb<br \/>\nden Kern der Sache: Im Gespr\u00e4ch erl\u00e4utert er, wie wichtig eine Architektur<br \/>\nist, die respektvoll mit der Geschichte und dem gewachsenen Kulturerbe umgeht,<br \/>\ndamit Identit\u00e4t stiftet und gute Nachbarschaften und Lebensqualit\u00e4t f\u00f6rdert.<br \/>\nSo wird auch eine andere Art des Austauschs zwischen Besuchern und<br \/>\nEinheimischen gef\u00f6rdert. Es entsteht ein Tourismus, der nicht bloss Konsum<br \/>\nist, sondern Erfahrungsr\u00e4ume schafft, mit denen wir uns verbunden f\u00fchlen.<\/p>\n<p>Aus dem Inhalt:<br \/>\n&#8211; H\u00fctten und Biwaks in den Alpen \u2013 Geschichte und Architektur des Bauens in<br \/>\nExtremsituationen<br \/>\n&#8211; Paradigmenwechsel \u2013 Gedanken zu sechs H\u00fctten des Schweizer Alpen-Clubs<br \/>\n&#8211; Land Art und sitespezifische Kunst in den Schweizer Alpen heute<br \/>\n&#8211; Das mehrst\u00f6ckige Chalet: Pl\u00e4doyer f\u00fcr den Genius Loci?  <\/p>","protected":false},"excerpt":{"rendered":"<p>Bauen in den Alpen &#8211; Eine thematische Betrachtung Die Lebensr\u00e4ume in den Alpen sind seit Jahrzehnten durch einen starken Wandel gepr\u00e4gt: einerseits durch Abwanderung der lokalen Bev\u00f6lkerung, andererseits durch einen regelrechten Bauboom seit 1945. Waren Ferien in den Alpen im 19. Jahrhundert vornehmlich ein Vergn\u00fcgen f\u00fcr Privilegierte, so brachte die \u00abDemokratisierung des Urlaubs\u00bb im 20. [&#8230;]\n","protected":false},"featured_media":40669,"template":"","meta":[],"product_brand":[],"product_cat":[21541],"product_tag":[],"class_list":{"0":"post-147116","1":"product","2":"type-product","3":"status-publish","4":"has-post-thumbnail","6":"product_cat-zeitschriften","7":"pa_autor-ka","8":"pa_erscheinungsjahr-21546","9":"pa_region-schweiz","10":"pa_sprache-de-fr-it","12":"first","13":"instock","14":"taxable","15":"shipping-taxable","16":"purchasable","17":"product-type-simple"},"_links":{"self":[{"href":"https:\/\/pizbube.ch\/en\/wp-json\/wp\/v2\/product\/147116","targetHints":{"allow":["GET"]}}],"collection":[{"href":"https:\/\/pizbube.ch\/en\/wp-json\/wp\/v2\/product"}],"about":[{"href":"https:\/\/pizbube.ch\/en\/wp-json\/wp\/v2\/types\/product"}],"wp:featuredmedia":[{"embeddable":true,"href":"https:\/\/pizbube.ch\/en\/wp-json\/wp\/v2\/media\/40669"}],"wp:attachment":[{"href":"https:\/\/pizbube.ch\/en\/wp-json\/wp\/v2\/media?parent=147116"}],"wp:term":[{"taxonomy":"product_brand","embeddable":true,"href":"https:\/\/pizbube.ch\/en\/wp-json\/wp\/v2\/product_brand?post=147116"},{"taxonomy":"product_cat","embeddable":true,"href":"https:\/\/pizbube.ch\/en\/wp-json\/wp\/v2\/product_cat?post=147116"},{"taxonomy":"product_tag","embeddable":true,"href":"https:\/\/pizbube.ch\/en\/wp-json\/wp\/v2\/product_tag?post=147116"}],"curies":[{"name":"wp","href":"https:\/\/api.w.org\/{rel}","templated":true}]}}