{"id":147118,"date":"2021-01-15T10:54:45","date_gmt":"2021-01-15T10:54:45","guid":{"rendered":"https:\/\/codengine3.ch\/?product=import-placeholder-for-200158"},"modified":"2025-08-21T11:20:47","modified_gmt":"2025-08-21T09:20:47","slug":"battert-klettern-wandern-schauen","status":"publish","type":"product","link":"https:\/\/pizbube.ch\/en\/shop\/battert-klettern-wandern-schauen\/","title":{"rendered":"Battert: Klettern &#8211; Wandern &#8211; Schauen"},"content":{"rendered":"<p>Der Battert &#8211; das kleine Elbsandstein im Schwarzwald.<\/p>\n<p>Hoch \u00fcber Baden-Baden findet sich eine der bizarrsten und eigent\u00fcmlichsten<br \/>\nFelslandschaften Deutschlands: der Battert. Auf engstem Raum dr\u00e4ngen sich hier<br \/>\nrund 400 Kletterrouten in herrlicher landschaftlicher Exposition. Kletterer<br \/>\nund Wanderer finden in diesem einmaligen Revier ein richtiges kleines Gebirge<br \/>\naus Felsriffen und T\u00fcrmen vor, das \u2013 mit einem Augenzwinkern f\u00fcr die<br \/>\nwissentliche \u00dcbertreibung \u2013 an das Elbsandsteingebirge erinnert.<\/p>\n<p>Knifflige, technische Wandklettereien, wenige Haken, der obligatorische<br \/>\nEinsatz mobiler Sicherungsmittel und am Ausstieg ein richtiger Gipfel mit<br \/>\nAussicht statt ein trivialer Umlenker: Hier ist alles ein bisschen anders als<br \/>\nin den Mainstream-Bohrhakengebieten. Aber genau das macht den Reiz des<br \/>\nBatterts aus, und genau aus diesem Grund hat er eine eingeschworene und treue<br \/>\nFangemeinde. Endlich erscheint bei uns nun ein pr\u00e4chtiger Bildband \u00fcber dieses<br \/>\nzauberhafte Gebiet. Neben einer gro\u00dfen Anzahl hervorragender, teils<br \/>\ndoppelseitiger Farbbilder gibt es viele Informationen \u00fcber die Geologie und<br \/>\nden Naturraum des Batterts sowie einen umfangreichen Abriss der Kletter-<br \/>\nHistorie.<\/p>\n<p>Und die ist nicht arm an Higlights: Martin Schliessler, Reinhard Karl, Bernd<br \/>\nKullmann und viele andere namhafte Kletterer legten hier Hand an den Fels und<br \/>\nhinterlie\u00dfem ihre Spuren als Erstbegeher. Kurz: Dieser Bildband ist ein Muss<br \/>\nf\u00fcr alle Battert-Fans \u2013 \u00fcbrigens nicht nur f\u00fcr Kletterer.<\/p>","protected":false},"excerpt":{"rendered":"<p>Der Battert &#8211; das kleine Elbsandstein im Schwarzwald. Hoch \u00fcber Baden-Baden findet sich eine der bizarrsten und eigent\u00fcmlichsten Felslandschaften Deutschlands: der Battert. Auf engstem Raum dr\u00e4ngen sich hier rund 400 Kletterrouten in herrlicher landschaftlicher Exposition. Kletterer und Wanderer finden in diesem einmaligen Revier ein richtiges kleines Gebirge aus Felsriffen und T\u00fcrmen vor, das \u2013 mit [&#8230;]\n","protected":false},"featured_media":177086,"template":"","meta":[],"product_brand":[],"product_cat":[21542],"product_tag":[],"class_list":{"0":"post-147118","1":"product","2":"type-product","3":"status-publish","4":"has-post-thumbnail","6":"product_cat-sachbuecher-dokumentationen","7":"pa_autor-rumpf-bergmann","8":"pa_erscheinungsjahr-21574","9":"pa_region-deutschland","10":"pa_sprache-de","12":"first","13":"instock","14":"taxable","15":"shipping-taxable","16":"purchasable","17":"product-type-simple"},"_links":{"self":[{"href":"https:\/\/pizbube.ch\/en\/wp-json\/wp\/v2\/product\/147118","targetHints":{"allow":["GET"]}}],"collection":[{"href":"https:\/\/pizbube.ch\/en\/wp-json\/wp\/v2\/product"}],"about":[{"href":"https:\/\/pizbube.ch\/en\/wp-json\/wp\/v2\/types\/product"}],"wp:featuredmedia":[{"embeddable":true,"href":"https:\/\/pizbube.ch\/en\/wp-json\/wp\/v2\/media\/177086"}],"wp:attachment":[{"href":"https:\/\/pizbube.ch\/en\/wp-json\/wp\/v2\/media?parent=147118"}],"wp:term":[{"taxonomy":"product_brand","embeddable":true,"href":"https:\/\/pizbube.ch\/en\/wp-json\/wp\/v2\/product_brand?post=147118"},{"taxonomy":"product_cat","embeddable":true,"href":"https:\/\/pizbube.ch\/en\/wp-json\/wp\/v2\/product_cat?post=147118"},{"taxonomy":"product_tag","embeddable":true,"href":"https:\/\/pizbube.ch\/en\/wp-json\/wp\/v2\/product_tag?post=147118"}],"curies":[{"name":"wp","href":"https:\/\/api.w.org\/{rel}","templated":true}]}}