{"id":147120,"date":"2021-01-15T10:54:45","date_gmt":"2021-01-15T10:54:45","guid":{"rendered":"https:\/\/codengine3.ch\/?product=import-placeholder-for-200275"},"modified":"2025-08-21T11:26:18","modified_gmt":"2025-08-21T09:26:18","slug":"schwarzwald-rock-2-0","status":"publish","type":"product","link":"https:\/\/pizbube.ch\/en\/shop\/schwarzwald-rock-2-0\/","title":{"rendered":"Schwarzwald Rock 3.0"},"content":{"rendered":"<p>Klettern im Schwarzwald &#8211; Kletterf\u00fchrer f\u00fcr den gesamten Schwarzwald<\/p>\n<p>Im Schwarzwald Rock 3.0 werden alle 57 Klettergebiete des Schwarzwalds vorgestellt.<\/p>\n<p>Diese Ausgabe wurde gegen\u00fcber der letzten nochmals deutlich erweitert. \u00dcber viele Monate wurden von den Autoren alle Felsen des Schwarzwalds besucht, dabei haben sie sich um viele vergessene Routen und Felsen des Schwarzwaldes gek\u00fcmmert. Vor allem im Mittleren Schwarzwald wurden von ihnen erneut viele Routen und Felsen saniert.<\/p>\n<p>Nat\u00fcrlich darf in dieser Ausgabe auch die beliebte Hornberger Platte mit allen neuen Sektoren nicht fehlen. Hoch \u00fcber Hornberg hat das Autorenteam den Feierabendfelsen saniert. Ein abwechslungsreiches Genussklettergebiet mit etwas l\u00e4ngerem Zugang. Ganz aktuell haben sie in den K\u00f6rper- und Schulterrissen am Geisshaldenfels ihre Cams versenkt. Bei Oberkirch ist der kleine Klettergarten Bellenstein dazu gekommen. Im Battert werden Euch in dieser Ausgabe endlich wieder viele vergessene Routen vorgestellt. Ganz im Norden bei Pforzheim ist das Amphitheater umfangreicher geworden.<\/p>\n<p>In dieser Ausgabe ist endlich auch das komplett \u00fcberarbeitete Schl\u00fcchtal mit allen Felsen enthalten. Inzwischen ist der Kandel oberhalb Waldkirchs und das Freiburger Hausgebiet Gf\u00e4ll perfekt saniert. Aber auch kleine Gebiete wie der Felsen an der Adlerschanze in Hinterzarten wurden besucht und das Routenangebot optimiert sowie das Moos aus den vorhandenen Routen entfernt.<\/p>\n<p>Beinahe alle W\u00e4nde wurden neu fotografiert und \u00fcberarbeitet. Teilweise gibt es neue Parkm\u00f6glichkeiten und Zug\u00e4nge. Die bew\u00e4hrten GPS QR Codes sind endlich auch in dieser Ausgabe zu finden. Somit ist die Orientierung am Felsen und die Zufahrt ganz einfach geworden. Neu sind auch wichtige Infos f\u00fcr Bullis und Camper zum \u00dcbernachten.<\/p>\n<p>Den Schwarzwald Rock 3.0 sollte jeder Kletterer der den Schwarzwald besucht in seinen Rucksack packen.<\/p>\n<p>3. Auflage 12\/2021<br \/>\n574 Seiten &#8211; vierfarbig<br \/>\nFormat 13,4 x 19,4 cm, Fadengebunden<\/p>\n<p>&nbsp;<\/p>","protected":false},"excerpt":{"rendered":"<ul>\n<li><strong><a href=\"https:\/\/pizbube.ch\/wp-content\/uploads\/attachments\/a_002\/1B0B2934B2AF597FEF173EB3C1935BE4.pdf\" target=\"_blank\" rel=\"noopener\">PDF: schwarzwald_rock_2 _inhaltsuebersicht<\/a><\/strong><\/li>\n<\/ul>","protected":false},"featured_media":167555,"template":"","meta":[],"product_brand":[],"product_cat":[21539],"product_tag":[],"class_list":{"0":"post-147120","1":"product","2":"type-product","3":"status-publish","4":"has-post-thumbnail","6":"product_cat-fuehrerliteratur-sportklettern-bouldern","7":"pa_autor-wagenhals","8":"pa_erscheinungsjahr-25440","9":"pa_region-deutschland","10":"pa_sprache-de","12":"first","13":"instock","14":"taxable","15":"shipping-taxable","16":"purchasable","17":"product-type-simple"},"_links":{"self":[{"href":"https:\/\/pizbube.ch\/en\/wp-json\/wp\/v2\/product\/147120","targetHints":{"allow":["GET"]}}],"collection":[{"href":"https:\/\/pizbube.ch\/en\/wp-json\/wp\/v2\/product"}],"about":[{"href":"https:\/\/pizbube.ch\/en\/wp-json\/wp\/v2\/types\/product"}],"wp:featuredmedia":[{"embeddable":true,"href":"https:\/\/pizbube.ch\/en\/wp-json\/wp\/v2\/media\/167555"}],"wp:attachment":[{"href":"https:\/\/pizbube.ch\/en\/wp-json\/wp\/v2\/media?parent=147120"}],"wp:term":[{"taxonomy":"product_brand","embeddable":true,"href":"https:\/\/pizbube.ch\/en\/wp-json\/wp\/v2\/product_brand?post=147120"},{"taxonomy":"product_cat","embeddable":true,"href":"https:\/\/pizbube.ch\/en\/wp-json\/wp\/v2\/product_cat?post=147120"},{"taxonomy":"product_tag","embeddable":true,"href":"https:\/\/pizbube.ch\/en\/wp-json\/wp\/v2\/product_tag?post=147120"}],"curies":[{"name":"wp","href":"https:\/\/api.w.org\/{rel}","templated":true}]}}