{"id":147121,"date":"2021-01-15T10:54:45","date_gmt":"2021-01-15T10:54:45","guid":{"rendered":"https:\/\/codengine3.ch\/?product=import-placeholder-for-200159"},"modified":"2021-01-15T10:54:50","modified_gmt":"2021-01-15T10:54:50","slug":"dolomites-les-plus-belles-voies-descalade","status":"publish","type":"product","link":"https:\/\/pizbube.ch\/en\/shop\/dolomites-les-plus-belles-voies-descalade\/","title":{"rendered":"Dolomites, les plus belles voies d&#8217;escalade"},"content":{"rendered":"<p>Un tr\u00e8s bel ouvrage proposant une s\u00e9lection de 50 voies majeures dans ce<br \/>\nparadis de l\u2019escalade qu\u2019est le massif des Dolomites!<\/p>\n<p>Qu\u2019ils se nomment Preuss, Comici, Cassin, Detassis, Livanos ou Messner, tous<br \/>\nont gravi un jour les parois du massif des Dolomites et y ont \u00e9crit l\u00e0 les<br \/>\nplus belles pages de l\u2019escalade\u2026<\/p>\n<p>Situ\u00e9es au nord de l\u2019Italie, les montagnes des Dolomites sont un paradis<br \/>\nvertical d\u2019une incroyable diversit\u00e9. Des \u00e9coles d\u2019escalade des Cinque Torri<br \/>\njusqu\u2019aux 1 800 m\u00e8tres de la face nord du Monte Agner, elles offrent tout ce<br \/>\nqu\u2019un alpiniste peut d\u00e9sirer, sur un rocher unique au monde.<br \/>\nDans cet ouvrage, les auteurs, fins connaisseurs du massif, proposent une<br \/>\ns\u00e9lection de 50 grandes voies, toutes r\u00e9alis\u00e9es durant leurs ann\u00e9es<br \/>\nd&#8217;exploration.<\/p>\n<p>Sensations fortes garanties gr\u00e2ce aux images vertigineuses prises en pleine<br \/>\nparoi et aux r\u00e9cits d\u2019ascensions.<br \/>\nCe guide vous d\u00e9livre en outre tous les topos d\u00e9taill\u00e9s et toutes les<br \/>\ninformations pratiques indispensables.<\/p>\n<p>Un magnifique ouvrage tant pour les grimpeurs amateurs d\u2019escalade<br \/>\ntraditionnelle en terrain d\u2019aventure que pour ceux pr\u00e9f\u00e9rant les voies<br \/>\nmodernes de cet extraordinaire \u00ab jardin de pierres \u00bb.<\/p>","protected":false},"excerpt":{"rendered":"<p>Un tr\u00e8s bel ouvrage proposant une s\u00e9lection de 50 voies majeures dans ce paradis de l\u2019escalade qu\u2019est le massif des Dolomites! Qu\u2019ils se nomment Preuss, Comici, Cassin, Detassis, Livanos ou Messner, tous ont gravi un jour les parois du massif des Dolomites et y ont \u00e9crit l\u00e0 les plus belles pages de l\u2019escalade\u2026 Situ\u00e9es au [&#8230;]\n","protected":false},"featured_media":26085,"template":"","meta":[],"product_brand":[],"product_cat":[21539],"product_tag":[],"class_list":{"0":"post-147121","1":"product","2":"type-product","3":"status-publish","4":"has-post-thumbnail","6":"product_cat-fuehrerliteratur-sportklettern-bouldern","7":"pa_autor-gantzhorn-willumeit","8":"pa_erscheinungsjahr-21597","9":"pa_region-italien","10":"pa_sprache-fr","12":"first","13":"instock","14":"taxable","15":"shipping-taxable","16":"purchasable","17":"product-type-simple"},"_links":{"self":[{"href":"https:\/\/pizbube.ch\/en\/wp-json\/wp\/v2\/product\/147121","targetHints":{"allow":["GET"]}}],"collection":[{"href":"https:\/\/pizbube.ch\/en\/wp-json\/wp\/v2\/product"}],"about":[{"href":"https:\/\/pizbube.ch\/en\/wp-json\/wp\/v2\/types\/product"}],"wp:featuredmedia":[{"embeddable":true,"href":"https:\/\/pizbube.ch\/en\/wp-json\/wp\/v2\/media\/26085"}],"wp:attachment":[{"href":"https:\/\/pizbube.ch\/en\/wp-json\/wp\/v2\/media?parent=147121"}],"wp:term":[{"taxonomy":"product_brand","embeddable":true,"href":"https:\/\/pizbube.ch\/en\/wp-json\/wp\/v2\/product_brand?post=147121"},{"taxonomy":"product_cat","embeddable":true,"href":"https:\/\/pizbube.ch\/en\/wp-json\/wp\/v2\/product_cat?post=147121"},{"taxonomy":"product_tag","embeddable":true,"href":"https:\/\/pizbube.ch\/en\/wp-json\/wp\/v2\/product_tag?post=147121"}],"curies":[{"name":"wp","href":"https:\/\/api.w.org\/{rel}","templated":true}]}}