{"id":147122,"date":"2021-01-15T10:54:45","date_gmt":"2021-01-15T10:54:45","guid":{"rendered":"https:\/\/codengine3.ch\/?product=import-placeholder-for-204507"},"modified":"2021-01-15T14:33:54","modified_gmt":"2021-01-15T14:33:54","slug":"sportclimbing-in-the-dolomites","status":"publish","type":"product","link":"https:\/\/pizbube.ch\/en\/shop\/sportclimbing-in-the-dolomites\/","title":{"rendered":"Sportclimbing in the Dolomites"},"content":{"rendered":"<p>Das umfangreiche Buch enth\u00e4lt Infos, Farbfoto-Topos und spektakul\u00e4re Bilder<br \/>\nder sch\u00f6nsten Sportklettergebiete im Gadertal, in Gr\u00f6den, im Fassatal, um<br \/>\nCortina d\u2019Ampezzo, im H\u00f6hlensteintal und im Hochpustertal bis nach Lienz.  <\/p>\n<p>Am Fu\u00dfe der majest\u00e4tischen Felsw\u00e4nde sind zahlreiche Kletterg\u00e4rten zu finden.<br \/>\nSie alle bieten nicht nur Kletterei an bestem Dolomit-Fels, sondern sind wahre<br \/>\nSchmuckst\u00fccke mit einmaligem Ausblick auf die umliegenden Felst\u00fcrme und<br \/>\nGebirgst\u00e4ler. Auf 432 Seiten werden die Inhalte klar strukturiert, informativ<br \/>\nund in modernem Design pr\u00e4sentiert.  <\/p>\n<p>This comprehensive book contains information, color photo-topos and<br \/>\nspectacular images of the most beautiful areas in Val Badia, Val Gardena, Val<br \/>\ndi Fassa, near Cortina d\u2019Ampezzo, in Landro and in Alta Pusteria up to Lienz.<\/p>\n<p>At the foot of the majestic cliffs lie numerous sport climbing areas. They all<br \/>\noffer not only climbing at its best on dolomite rock, but are true gems with<br \/>\nunique views of the surrounding rock towers and mountain valleys. On 432<br \/>\npages, the content is clearly structured, informative and presented in a<br \/>\nmodern style.<\/p>","protected":false},"excerpt":{"rendered":"<ul>\n<li><a href=\"https:\/\/vimeo.com\/73930645#at=0\" target=\"_blank\" rel=\"noopener\">Video: Trailer Sportclimbing in the Dolomites<\/a><\/li>\n<\/ul>","protected":false},"featured_media":32520,"template":"","meta":[],"product_brand":[],"product_cat":[21539],"product_tag":[],"class_list":{"0":"post-147122","1":"product","2":"type-product","3":"status-publish","4":"has-post-thumbnail","6":"product_cat-fuehrerliteratur-sportklettern-bouldern","7":"pa_autor-hofer-senettin","8":"pa_erscheinungsjahr-21568","9":"pa_region-italien","10":"pa_sprache-de-it-en-2","12":"first","13":"outofstock","14":"taxable","15":"shipping-taxable","16":"purchasable","17":"product-type-simple"},"_links":{"self":[{"href":"https:\/\/pizbube.ch\/en\/wp-json\/wp\/v2\/product\/147122","targetHints":{"allow":["GET"]}}],"collection":[{"href":"https:\/\/pizbube.ch\/en\/wp-json\/wp\/v2\/product"}],"about":[{"href":"https:\/\/pizbube.ch\/en\/wp-json\/wp\/v2\/types\/product"}],"wp:featuredmedia":[{"embeddable":true,"href":"https:\/\/pizbube.ch\/en\/wp-json\/wp\/v2\/media\/32520"}],"wp:attachment":[{"href":"https:\/\/pizbube.ch\/en\/wp-json\/wp\/v2\/media?parent=147122"}],"wp:term":[{"taxonomy":"product_brand","embeddable":true,"href":"https:\/\/pizbube.ch\/en\/wp-json\/wp\/v2\/product_brand?post=147122"},{"taxonomy":"product_cat","embeddable":true,"href":"https:\/\/pizbube.ch\/en\/wp-json\/wp\/v2\/product_cat?post=147122"},{"taxonomy":"product_tag","embeddable":true,"href":"https:\/\/pizbube.ch\/en\/wp-json\/wp\/v2\/product_tag?post=147122"}],"curies":[{"name":"wp","href":"https:\/\/api.w.org\/{rel}","templated":true}]}}