{"id":147132,"date":"2021-01-15T10:54:46","date_gmt":"2021-01-15T10:54:46","guid":{"rendered":"https:\/\/codengine3.ch\/?product=import-placeholder-for-208097"},"modified":"2025-11-27T12:54:37","modified_gmt":"2025-11-27T11:54:37","slug":"acht-berge","status":"publish","type":"product","link":"https:\/\/pizbube.ch\/en\/shop\/acht-berge\/","title":{"rendered":"Acht Berge"},"content":{"rendered":"<p>Eine unersch\u00fctterliche Freundschaft. Ein Aufbruch ins Ungewisse. Die Sehnsucht<br \/>\nnach Heimat<\/p>\n<p>Wagemutig erkunden Pietro und Bruno als Kinder die verlassenen H\u00e4user des<br \/>\nBergdorfs, streifen an endlosen Sommertagen durch schattige T\u00e4ler, folgen dem<br \/>\nWildbach bis zu seiner Quelle. Als M\u00e4nner schlagen die Freunde verschiedene<br \/>\nWege ein. Der eine wird sein Heimatdorf nie verlassen, der andere zieht als<br \/>\nDokumentarfilmer in die Welt hinaus. Doch immer wieder kehrt Pietro in die<br \/>\nBerge zur\u00fcck, zu diesem Dasein in Stille, Ausdauer und Ma\u00dfhalten. Er ringt mit<br \/>\nBruno um die Frage, welcher Weg der richtige ist. Stadt oder Land? Gehen oder<br \/>\nBleiben? Was z\u00e4hlt wirklich im Leben?<\/p>\n<p>Vor der ehrfurchtgebietenden Kulisse des Monte-Rosa-Massivs schildert Paolo<br \/>\nCognetti mit poetischer Kraft die lebenslange Suche zweier Freunde nach dem<br \/>\nGl\u00fcck. Eine eindringliche archaische Geschichte \u00fcber die Unbezwingbarkeit der<br \/>\nNatur und des Schicksals, \u00fcber das Leben, die Liebe und den Tod.<br \/>\nTaschenbuchausgabe<\/p>\n<p>Paolo Cognetti, 1978 in Mailand geboren, verbringt die Sommermonate am<br \/>\nliebsten in seiner H\u00fctte im Aostatal auf 2000 Metern H\u00f6he. Er hat Mathematik<br \/>\nstudiert, einen Abschluss an der Filmhochschule gemacht und Dokumentarfilme<br \/>\nproduziert, bevor er sich ganz dem Schreiben zuwandte. Auf Italienisch sind<br \/>\nvon ihm schon Erz\u00e4hlb\u00e4nde und zwei Romane ver\u00f6ffentlicht worden.<\/p>\n<p>\u00bbAcht Berge\u00ab war ein Bestseller in Italien; er erhielt den renommiertesten<br \/>\nitalienischen Literaturpreis, den Premio Strega, und erscheint in \u00fcber drei\u00dfig<br \/>\nL\u00e4ndern.<\/p>","protected":false},"excerpt":{"rendered":"<p>Eine unersch\u00fctterliche Freundschaft. Ein Aufbruch ins Ungewisse. Die Sehnsucht nach Heimat Wagemutig erkunden Pietro und Bruno als Kinder die verlassenen H\u00e4user des Bergdorfs, streifen an endlosen Sommertagen durch schattige T\u00e4ler, folgen dem Wildbach bis zu seiner Quelle. Als M\u00e4nner schlagen die Freunde verschiedene Wege ein. Der eine wird sein Heimatdorf nie verlassen, der andere zieht [&#8230;]\n","protected":false},"featured_media":39340,"template":"","meta":[],"product_brand":[],"product_cat":[21629],"product_tag":[],"class_list":{"0":"post-147132","1":"product","2":"type-product","3":"status-publish","4":"has-post-thumbnail","6":"product_cat-belletristik","7":"pa_autor-cognetti","8":"pa_erscheinungsjahr-21586","9":"pa_region-italien","10":"pa_sprache-de","12":"first","13":"instock","14":"taxable","15":"shipping-taxable","16":"purchasable","17":"product-type-simple"},"_links":{"self":[{"href":"https:\/\/pizbube.ch\/en\/wp-json\/wp\/v2\/product\/147132","targetHints":{"allow":["GET"]}}],"collection":[{"href":"https:\/\/pizbube.ch\/en\/wp-json\/wp\/v2\/product"}],"about":[{"href":"https:\/\/pizbube.ch\/en\/wp-json\/wp\/v2\/types\/product"}],"wp:featuredmedia":[{"embeddable":true,"href":"https:\/\/pizbube.ch\/en\/wp-json\/wp\/v2\/media\/39340"}],"wp:attachment":[{"href":"https:\/\/pizbube.ch\/en\/wp-json\/wp\/v2\/media?parent=147132"}],"wp:term":[{"taxonomy":"product_brand","embeddable":true,"href":"https:\/\/pizbube.ch\/en\/wp-json\/wp\/v2\/product_brand?post=147132"},{"taxonomy":"product_cat","embeddable":true,"href":"https:\/\/pizbube.ch\/en\/wp-json\/wp\/v2\/product_cat?post=147132"},{"taxonomy":"product_tag","embeddable":true,"href":"https:\/\/pizbube.ch\/en\/wp-json\/wp\/v2\/product_tag?post=147132"}],"curies":[{"name":"wp","href":"https:\/\/api.w.org\/{rel}","templated":true}]}}