{"id":147133,"date":"2021-01-15T10:54:46","date_gmt":"2021-01-15T10:54:46","guid":{"rendered":"https:\/\/codengine3.ch\/?product=import-placeholder-for-205516"},"modified":"2021-01-15T14:41:51","modified_gmt":"2021-01-15T14:41:51","slug":"am-berg-2","status":"publish","type":"product","link":"https:\/\/pizbube.ch\/en\/shop\/am-berg-2\/","title":{"rendered":"Am Berg"},"content":{"rendered":"<p>\nErz\u00e4hlung  <\/p>\n<p>Ein junges Paar, ein alter Mann, ein H\u00fcttenwart &#8211; die Bergg\u00e4nger \u00fcberwinden<br \/>\nSteilpassagen und Schl\u00fcsselstellen, doch sto\u00dfen sie auch auf Grenzen. Der Berg<br \/>\nwird zur Metapher f\u00fcr das Leben, er macht die Spielregeln, der Berg hat immer<br \/>\nrecht.  <\/p>\n<p>Ein alter Mann, dem seit dem Tod seiner Frau die Lust am Leben fehlt und auch<br \/>\nder Sinn, \u00fcberantwortet sich dem Berg. Ralph und Julia kennen sich noch nicht<br \/>\ngut, werden sie als Liebespaar vom Berg steigen? Der Berg soll entscheiden:<br \/>\n\u00fcber Leben und Tod, \u00fcber Liebe und Freundschaft.  <\/p>\n<p>Der Schweizer Dichter und passionierte Bergsteiger Peter Weibel verwendet eine<br \/>\npoetische, eindringliche Sprache, die einen packt und mit auf den Berg zieht:<br \/>\nin die Schr\u00fcnde, die Felsw\u00e4nde und Gletscherspalten und auf den Gipfel.  <\/p>","protected":false},"excerpt":{"rendered":"<p>Erz\u00e4hlung Ein junges Paar, ein alter Mann, ein H\u00fcttenwart &#8211; die Bergg\u00e4nger \u00fcberwinden Steilpassagen und Schl\u00fcsselstellen, doch sto\u00dfen sie auch auf Grenzen. Der Berg wird zur Metapher f\u00fcr das Leben, er macht die Spielregeln, der Berg hat immer recht. Ein alter Mann, dem seit dem Tod seiner Frau die Lust am Leben fehlt und auch [&#8230;]\n","protected":false},"featured_media":34246,"template":"","meta":[],"product_brand":[],"product_cat":[21629],"product_tag":[],"class_list":{"0":"post-147133","1":"product","2":"type-product","3":"status-publish","4":"has-post-thumbnail","6":"product_cat-belletristik","7":"pa_autor-weibel","8":"pa_erscheinungsjahr-21591","9":"pa_region-schweiz","10":"pa_sprache-de","12":"first","13":"instock","14":"taxable","15":"shipping-taxable","16":"purchasable","17":"product-type-simple"},"_links":{"self":[{"href":"https:\/\/pizbube.ch\/en\/wp-json\/wp\/v2\/product\/147133","targetHints":{"allow":["GET"]}}],"collection":[{"href":"https:\/\/pizbube.ch\/en\/wp-json\/wp\/v2\/product"}],"about":[{"href":"https:\/\/pizbube.ch\/en\/wp-json\/wp\/v2\/types\/product"}],"wp:featuredmedia":[{"embeddable":true,"href":"https:\/\/pizbube.ch\/en\/wp-json\/wp\/v2\/media\/34246"}],"wp:attachment":[{"href":"https:\/\/pizbube.ch\/en\/wp-json\/wp\/v2\/media?parent=147133"}],"wp:term":[{"taxonomy":"product_brand","embeddable":true,"href":"https:\/\/pizbube.ch\/en\/wp-json\/wp\/v2\/product_brand?post=147133"},{"taxonomy":"product_cat","embeddable":true,"href":"https:\/\/pizbube.ch\/en\/wp-json\/wp\/v2\/product_cat?post=147133"},{"taxonomy":"product_tag","embeddable":true,"href":"https:\/\/pizbube.ch\/en\/wp-json\/wp\/v2\/product_tag?post=147133"}],"curies":[{"name":"wp","href":"https:\/\/api.w.org\/{rel}","templated":true}]}}