{"id":147134,"date":"2021-01-15T10:54:46","date_gmt":"2021-01-15T10:54:46","guid":{"rendered":"https:\/\/codengine3.ch\/?product=import-placeholder-for-206805"},"modified":"2021-01-15T14:52:10","modified_gmt":"2021-01-15T14:52:10","slug":"niedergang","status":"publish","type":"product","link":"https:\/\/pizbube.ch\/en\/shop\/niedergang\/","title":{"rendered":"Niedergang"},"content":{"rendered":"<p>&#171;Vielleicht f\u00fcrchtete er sich nicht vor dem Berg, sondern vor sich selbst?&#187;<br \/>\nEin junges Paar bricht zu einer Tour in die Schweizer Berge auf. Andr\u00e9 und<br \/>\nLouise wollen hoch hinauf und scheinen f\u00fcr ihr Abenteuer gut ger\u00fcstet. Doch je<br \/>\nn\u00e4her sie dem Gipfel kommen, desto mehr entfernen sie sich voneinander. In<br \/>\nseinem neuen Roman spielt Roman Graf mit dem archaischen Motiv der<br \/>\nexistentiellen Begegnung am Berg. Energie und Willensst\u00e4rke, aber auch die<br \/>\ninnere Zerrissenheit des Helden spiegeln sich in einer kraftvollen, gleichwohl<br \/>\npoetischen Sprache.<\/p>\n<p>Das gl\u00e4nzend erz\u00e4hlte Psychogramm einer Beziehung<\/p>\n<p>Monatelang hat der Schweizer Andr\u00e9 die Bergtour bis ins letzte Detail geplant.<br \/>\nEr will seiner Freundin Louise aus Berlin die Sch\u00f6nheit der Berge zeigen. Doch<br \/>\nnun h\u00fcllt Nebel das Dorf ein, und feiner Regen verlangsamt den Aufbruch.<br \/>\nLouise scheint lustlos, Andr\u00e9 f\u00fchlt sich aufgehalten. Schlie\u00dflich gehen sie<br \/>\nlos, laufen gegen die unerf\u00fcllten Erwartungen und den aufkeimenden Missmut an.<br \/>\nMit M\u00fche erreichen sie das erste Etappenziel. Am n\u00e4chsten Tag kehrt mit dem<br \/>\nsch\u00f6nen Wetter die Abenteuerlust zur\u00fcck. Aber der weitere Aufstieg ist<br \/>\nanstrengend, und Louises Abwehr gewinnt in der Stein\u00f6de die Oberhand. Vor der<br \/>\nletzten Herausforderung verl\u00e4sst sie ihren Freund. Verletzt und stolz klettert<br \/>\nAndr\u00e9 allein weiter. In der steinigen Einsamkeit kommt er an seine Grenzen,<br \/>\nsch\u00f6pft Kraft nur aus Willensst\u00e4rke, Kindheitserinnerungen und Traumbildern.<br \/>\nDoch den Gipfel zu bezwingen, alles hinter sich zu lassen, wird ihm zur id\u00e9e<br \/>\nfixe.<\/p>","protected":false},"excerpt":{"rendered":"<p>&#171;Vielleicht f\u00fcrchtete er sich nicht vor dem Berg, sondern vor sich selbst?&#187; Ein junges Paar bricht zu einer Tour in die Schweizer Berge auf. Andr\u00e9 und Louise wollen hoch hinauf und scheinen f\u00fcr ihr Abenteuer gut ger\u00fcstet. Doch je n\u00e4her sie dem Gipfel kommen, desto mehr entfernen sie sich voneinander. In seinem neuen Roman spielt [&#8230;]\n","protected":false},"featured_media":36173,"template":"","meta":[],"product_brand":[],"product_cat":[21629],"product_tag":[],"class_list":{"0":"post-147134","1":"product","2":"type-product","3":"status-publish","4":"has-post-thumbnail","6":"product_cat-belletristik","7":"pa_autor-graf","8":"pa_erscheinungsjahr-21568","9":"pa_region-schweiz","10":"pa_sprache-de","12":"first","13":"instock","14":"taxable","15":"shipping-taxable","16":"purchasable","17":"product-type-simple"},"_links":{"self":[{"href":"https:\/\/pizbube.ch\/en\/wp-json\/wp\/v2\/product\/147134","targetHints":{"allow":["GET"]}}],"collection":[{"href":"https:\/\/pizbube.ch\/en\/wp-json\/wp\/v2\/product"}],"about":[{"href":"https:\/\/pizbube.ch\/en\/wp-json\/wp\/v2\/types\/product"}],"wp:featuredmedia":[{"embeddable":true,"href":"https:\/\/pizbube.ch\/en\/wp-json\/wp\/v2\/media\/36173"}],"wp:attachment":[{"href":"https:\/\/pizbube.ch\/en\/wp-json\/wp\/v2\/media?parent=147134"}],"wp:term":[{"taxonomy":"product_brand","embeddable":true,"href":"https:\/\/pizbube.ch\/en\/wp-json\/wp\/v2\/product_brand?post=147134"},{"taxonomy":"product_cat","embeddable":true,"href":"https:\/\/pizbube.ch\/en\/wp-json\/wp\/v2\/product_cat?post=147134"},{"taxonomy":"product_tag","embeddable":true,"href":"https:\/\/pizbube.ch\/en\/wp-json\/wp\/v2\/product_tag?post=147134"}],"curies":[{"name":"wp","href":"https:\/\/api.w.org\/{rel}","templated":true}]}}