{"id":147136,"date":"2021-01-15T10:54:46","date_gmt":"2021-01-15T10:54:46","guid":{"rendered":"https:\/\/codengine3.ch\/?product=import-placeholder-for-208083"},"modified":"2021-01-15T17:50:00","modified_gmt":"2021-01-15T17:50:00","slug":"schneewand","status":"publish","type":"product","link":"https:\/\/pizbube.ch\/en\/shop\/schneewand\/","title":{"rendered":"Schneewand"},"content":{"rendered":"<p>\nAm Berg werden Kathrin, Leon und Myriam von einem Schneesturm \u00fcberrascht. Sie<br \/>\nfl\u00fcchten in einen Rettungscontainer. F\u00fcnf Tage w\u00fcrden sie dort \u00fcberleben<br \/>\nk\u00f6nnen, was danach kommt, ist unklar.<br \/>\nSollen sie bleiben und auf Hilfe warten? Oder sollen sie handeln und die<br \/>\nSchneewand durchbrechen? Sie schw\u00f6ren sich, dass sie zusammenbleiben werden,<br \/>\nwas auch geschehen mag.  <\/p>\n<p>Die Glieder werden steifer, die Vorr\u00e4te knapper. Im kargen Bunker, umgeben von<br \/>\nalles verschluckendem Weiss, sind die drei auf sich selbst zur\u00fcckgeworfen,<br \/>\ndarauf, wer sie sind und wer sie waren: die empathische \u00c4rztin, der m\u00fcde<br \/>\ngewordene Lehrer, die junge Cellistin auf der Suche nach ihrer Rolle. Wird es<br \/>\nje wieder einen Alltag f\u00fcr sie geben?  <\/p>\n<p>Erz\u00e4hlung<br \/>\n112 Seiten, Hardcover mit Schutzumschlag, Leseband  <\/p>","protected":false},"excerpt":{"rendered":"<p>Am Berg werden Kathrin, Leon und Myriam von einem Schneesturm \u00fcberrascht. Sie fl\u00fcchten in einen Rettungscontainer. F\u00fcnf Tage w\u00fcrden sie dort \u00fcberleben k\u00f6nnen, was danach kommt, ist unklar. Sollen sie bleiben und auf Hilfe warten? Oder sollen sie handeln und die Schneewand durchbrechen? Sie schw\u00f6ren sich, dass sie zusammenbleiben werden, was auch geschehen mag. Die [&#8230;]\n","protected":false},"featured_media":39304,"template":"","meta":[],"product_brand":[],"product_cat":[21629],"product_tag":[],"class_list":{"0":"post-147136","1":"product","2":"type-product","3":"status-publish","4":"has-post-thumbnail","6":"product_cat-belletristik","7":"pa_autor-weibel","8":"pa_erscheinungsjahr-21586","9":"pa_region-schweiz","10":"pa_sprache-de","12":"first","13":"instock","14":"taxable","15":"shipping-taxable","16":"purchasable","17":"product-type-simple"},"_links":{"self":[{"href":"https:\/\/pizbube.ch\/en\/wp-json\/wp\/v2\/product\/147136","targetHints":{"allow":["GET"]}}],"collection":[{"href":"https:\/\/pizbube.ch\/en\/wp-json\/wp\/v2\/product"}],"about":[{"href":"https:\/\/pizbube.ch\/en\/wp-json\/wp\/v2\/types\/product"}],"wp:featuredmedia":[{"embeddable":true,"href":"https:\/\/pizbube.ch\/en\/wp-json\/wp\/v2\/media\/39304"}],"wp:attachment":[{"href":"https:\/\/pizbube.ch\/en\/wp-json\/wp\/v2\/media?parent=147136"}],"wp:term":[{"taxonomy":"product_brand","embeddable":true,"href":"https:\/\/pizbube.ch\/en\/wp-json\/wp\/v2\/product_brand?post=147136"},{"taxonomy":"product_cat","embeddable":true,"href":"https:\/\/pizbube.ch\/en\/wp-json\/wp\/v2\/product_cat?post=147136"},{"taxonomy":"product_tag","embeddable":true,"href":"https:\/\/pizbube.ch\/en\/wp-json\/wp\/v2\/product_tag?post=147136"}],"curies":[{"name":"wp","href":"https:\/\/api.w.org\/{rel}","templated":true}]}}