{"id":147138,"date":"2021-01-15T10:54:46","date_gmt":"2021-01-15T10:54:46","guid":{"rendered":"https:\/\/codengine3.ch\/?product=import-placeholder-for-200162"},"modified":"2021-01-15T10:54:51","modified_gmt":"2021-01-15T10:54:51","slug":"allmountain-8","status":"publish","type":"product","link":"https:\/\/pizbube.ch\/en\/shop\/allmountain-8\/","title":{"rendered":"ALLMOUNTAIN 8"},"content":{"rendered":"<p>ALLMOUNTAIN-Sommerausgabe 2018 mit dem Schwerpunktthema \u201eSeilschaft\u201c<\/p>\n<p>Die richtigen Entscheidungen treffen, mit dem Ex-Ehemann an einem Seil gehen<br \/>\nund sich wieder vertrauen, H\u00f6hengeistern widerstehen, die zum Sprung in den<br \/>\nAbgrund raten \u2013 von diesen und anderen Herausforderungen am Berg berichtet die<br \/>\naktuelle ALLMOUNTAIN-Sommerausgabe.<\/p>\n<p>F\u00fcr die neue ALLMOUNTAIN hat sich das Redaktionsteam um Chefredakteur J\u00fcrg<br \/>\nBuschor und Herausgeber Stefan Glowacz intensiv mit dem Schwerpunktthema<br \/>\n\u201eSeilschaft\u201c auseinander gesetzt: Menschen in die Berge f\u00fchren und damit Geld<br \/>\nverdienen \u2013 f\u00fcr viele ein Traumjob. Doch auch das \u201eB\u00fcro am Berg\u201c ist eine<br \/>\nArbeitswelt mit Erfolgsdruck, stetem Wettbewerb und nicht zuletzt auch<br \/>\nk\u00f6rperlichen Risiken.<\/p>\n<p>Unter dem Titel \u201eAm Seil der Gesellschaft\u201c beleuchtet ALLMOUNTAIN den<br \/>\nTraumberuf Bergf\u00fchrer. Eine andere Geschichte befasst sich mit dem Gehen am<br \/>\n\u201ekurzen Seil\u201c. Dies spart auf Hochtouren kostbare Zeit. Aber: Keine andere<br \/>\nSicherungstechnik ist riskanter und wird in Fachkreisen so kontrovers<br \/>\ndiskutiert.<\/p>\n<p>Dar\u00fcber hinaus berichtet ALLMOUNTAIN \u00fcber den Alpinisten Hansj\u00f6rg Auer. Seit<br \/>\nseiner legend\u00e4ren Free-Solo-Begehung vom \u201eWeg durch den Fisch\u201c ist er f\u00fcr die<br \/>\neinen eine Lichtgestalt, f\u00fcr die anderen ein Verr\u00fcckter. ALLMOUNTAIN hat den<br \/>\nMann, dessen Klettertouren zu den spektakul\u00e4rsten der Welt z\u00e4hlen, dort<br \/>\nbesucht, wo er Kraft f\u00fcr seine Projekte tankt, Halt und Erdung findet \u2013 zu<br \/>\nHause im \u00d6tztal.<\/p>\n<p>In einem weiteren Interview verr\u00e4t die katalonische Technokletterin Silvia<br \/>\nVidal warum sie seit 25 Jahren die Konfrontation mit den gr\u00f6\u00dften Steilw\u00e4nden<br \/>\nder Erde, mit der Isolation, mit der Natur und mit sich selbst sucht. Dar\u00fcber<br \/>\nhinaus portr\u00e4tiert ALLMOUNTAIN die Sehnsuchts-Destination S\u00fcdtirol \u2013 mit ihrem<br \/>\nfantastischen Bergsport-Repertoire und den attraktiven \u201eOutdoor-Citys\u201c Bozen,<br \/>\nMeran und Brixen.<\/p>","protected":false},"excerpt":{"rendered":"<ul>\n<li><a href=\"https:\/\/pizbube.ch\/wp-content\/uploads\/attachments\/a_001\/102DD4D69B6E10FE2CA7600012B5A845.pdf\" target=\"_blank\" rel=\"noopener\">PDF: LESEPROBE_ALLMOUNTAIN_8_pdf<\/a><\/li>\n<\/ul>","protected":false},"featured_media":26090,"template":"","meta":[],"product_brand":[],"product_cat":[21541],"product_tag":[],"class_list":{"0":"post-147138","1":"product","2":"type-product","3":"status-publish","4":"has-post-thumbnail","6":"product_cat-zeitschriften","7":"pa_autor-delius-klasing","8":"pa_erscheinungsjahr-21546","9":"pa_region-deutschland","10":"pa_sprache-de","12":"first","13":"instock","14":"taxable","15":"shipping-taxable","16":"purchasable","17":"product-type-simple"},"_links":{"self":[{"href":"https:\/\/pizbube.ch\/en\/wp-json\/wp\/v2\/product\/147138","targetHints":{"allow":["GET"]}}],"collection":[{"href":"https:\/\/pizbube.ch\/en\/wp-json\/wp\/v2\/product"}],"about":[{"href":"https:\/\/pizbube.ch\/en\/wp-json\/wp\/v2\/types\/product"}],"wp:featuredmedia":[{"embeddable":true,"href":"https:\/\/pizbube.ch\/en\/wp-json\/wp\/v2\/media\/26090"}],"wp:attachment":[{"href":"https:\/\/pizbube.ch\/en\/wp-json\/wp\/v2\/media?parent=147138"}],"wp:term":[{"taxonomy":"product_brand","embeddable":true,"href":"https:\/\/pizbube.ch\/en\/wp-json\/wp\/v2\/product_brand?post=147138"},{"taxonomy":"product_cat","embeddable":true,"href":"https:\/\/pizbube.ch\/en\/wp-json\/wp\/v2\/product_cat?post=147138"},{"taxonomy":"product_tag","embeddable":true,"href":"https:\/\/pizbube.ch\/en\/wp-json\/wp\/v2\/product_tag?post=147138"}],"curies":[{"name":"wp","href":"https:\/\/api.w.org\/{rel}","templated":true}]}}