{"id":147139,"date":"2021-01-15T10:54:46","date_gmt":"2021-01-15T10:54:46","guid":{"rendered":"https:\/\/codengine3.ch\/?product=import-placeholder-for-208298"},"modified":"2021-01-15T17:52:25","modified_gmt":"2021-01-15T17:52:25","slug":"allmountain-7","status":"publish","type":"product","link":"https:\/\/pizbube.ch\/en\/shop\/allmountain-7\/","title":{"rendered":"ALLMOUNTAIN 7"},"content":{"rendered":"<p>Ausgabe Oktober 2017 &#8211; Schwerpunkt Kunst:<\/p>\n<p>Was haben Berge mit Kunst zu tun? F\u00fcr viele, die in den Bergen leben, die<br \/>\nBerge lieben oder immer wieder zur\u00fcckkommen, er\u00fcbrigt sich diese Frage. F\u00fcr<br \/>\nsie ist der Berg ein sich st\u00e4ndig wandelndes Kunstwerk. Viele Bergsteiger<br \/>\nsehen das, was sie tun, als Lebenskunst. Und so manchmal wird das Klettern zum<br \/>\nBalletttanz.<\/p>\n<p>Fotos oder Bilder k\u00f6nnen nur kleine Ausschnitte darstellen und die Berge in<br \/>\nihrer ganzen Faszination und Gr\u00f6\u00dfe nicht erfassen. Gleicherma\u00dfen ist die<br \/>\nErfahrung und der Blick auf den Berg immer subjektiv, er unterliegt der<br \/>\npers\u00f6nlichen Interpretation. So k\u00f6nnen Berge voller Gegens\u00e4tze sein: sch\u00f6n,<br \/>\naber auch dunkel, wild sowie kulturell erschlossen, bedrohlich dominant und<br \/>\nfremd oder vertraut. Kein Bild oder Foto zeigt den Berg so wie alle ihn sehen,<br \/>\ndoch sie zeigen uns, wie die K\u00fcnstler den Berg sehen.<\/p>\n<p>Abgefahren<br \/>\nEin Jahrhundert Skikultur: Der Arlberg im Portr\u00e4t<\/p>\n<p>Unnachahmlich<br \/>\nAdam Ondra klettert die schwerste Kletterroute der Welt<\/p>\n<p>Selfies in \u00d6l<br \/>\nWie die Kunst unseren Blick auf die Berge pr\u00e4gt<\/p>","protected":false},"excerpt":{"rendered":"<ul>\n<li><a href=\"https:\/\/pizbube.ch\/wp-content\/uploads\/attachments\/a_029\/D2D8B109E416FA7DF7974DF1FD27AD51.pdf\" target=\"_blank\" rel=\"noopener\">PDF: Allmountain_7_Leseprobe.pdf<\/a><\/li>\n<\/ul>","protected":false},"featured_media":39917,"template":"","meta":[],"product_brand":[],"product_cat":[21541],"product_tag":[],"class_list":{"0":"post-147139","1":"product","2":"type-product","3":"status-publish","4":"has-post-thumbnail","6":"product_cat-zeitschriften","7":"pa_autor-delius-klasing","8":"pa_erscheinungsjahr-21574","9":"pa_region-deutschland","10":"pa_sprache-de","12":"first","13":"instock","14":"taxable","15":"shipping-taxable","16":"purchasable","17":"product-type-simple"},"_links":{"self":[{"href":"https:\/\/pizbube.ch\/en\/wp-json\/wp\/v2\/product\/147139","targetHints":{"allow":["GET"]}}],"collection":[{"href":"https:\/\/pizbube.ch\/en\/wp-json\/wp\/v2\/product"}],"about":[{"href":"https:\/\/pizbube.ch\/en\/wp-json\/wp\/v2\/types\/product"}],"wp:featuredmedia":[{"embeddable":true,"href":"https:\/\/pizbube.ch\/en\/wp-json\/wp\/v2\/media\/39917"}],"wp:attachment":[{"href":"https:\/\/pizbube.ch\/en\/wp-json\/wp\/v2\/media?parent=147139"}],"wp:term":[{"taxonomy":"product_brand","embeddable":true,"href":"https:\/\/pizbube.ch\/en\/wp-json\/wp\/v2\/product_brand?post=147139"},{"taxonomy":"product_cat","embeddable":true,"href":"https:\/\/pizbube.ch\/en\/wp-json\/wp\/v2\/product_cat?post=147139"},{"taxonomy":"product_tag","embeddable":true,"href":"https:\/\/pizbube.ch\/en\/wp-json\/wp\/v2\/product_tag?post=147139"}],"curies":[{"name":"wp","href":"https:\/\/api.w.org\/{rel}","templated":true}]}}