{"id":147156,"date":"2021-01-15T10:54:46","date_gmt":"2021-01-15T10:54:46","guid":{"rendered":"https:\/\/codengine3.ch\/?product=import-placeholder-for-200389"},"modified":"2025-02-12T11:16:49","modified_gmt":"2025-02-12T10:16:49","slug":"romsdalsfjella-nord-150000","status":"publish","type":"product","link":"https:\/\/pizbube.ch\/en\/shop\/romsdalsfjella-nord-150000\/","title":{"rendered":"Romsdalsfjorden 1:50&#8217;000"},"content":{"rendered":"<p class=\"page-title\"><span class=\"base\" data-ui-id=\"page-title-wrapper\">Norge-serien-Karte 10077<\/span><\/p>\n<p><span class=\"value\">Brattv\u00e5g, Har\u00f8yfjorden, H\u00f8gstolen, Midsund, Molde, M\u00f8re og Romsdal, Nesjestranda, Otr\u00f8ya, Romsdal, Romsdalsfjorden, Sj\u00f8holt, Skodje, Stordal, Sykkylven, Tomra, Tresfjorden, Vatne, Vestnes, Voll, \u00c5farnes, \u00c5r\u00f8<br \/>\n<\/span><\/p>\n<p><span class=\"value\">Die Karte der Norwegen-Serie Romsdalsfjorden im Ma\u00dfstab 1:50.000 ist auf einem strapazierf\u00e4higem, recycelbaren und wasserbest\u00e4ndigen Kunststofffasermaterial gedruckt. Die Karte ist f\u00fcr Wanderer, J\u00e4ger und Angler geeignet und wird unter anderem vom Rettungsdienst verwendet. Die Norwegen-Serie ist eine \u00fcberregionale Kartenserie und daher auch unter denjenigen beliebt, die l\u00e4ngere Touren unternehmen. Die \u00dcberlappung aller Karten erleichtert die Navigation zwischen den Karten. <\/span><\/p>","protected":false},"excerpt":{"rendered":"<p>Norge-serien-Karte 10077 Brattv\u00e5g, Har\u00f8yfjorden, H\u00f8gstolen, Midsund, Molde, M\u00f8re og Romsdal, Nesjestranda, Otr\u00f8ya, Romsdal, Romsdalsfjorden, Sj\u00f8holt, Skodje, Stordal, Sykkylven, Tomra, Tresfjorden, Vatne, Vestnes, Voll, \u00c5farnes, \u00c5r\u00f8 Die Karte der Norwegen-Serie Romsdalsfjorden im Ma\u00dfstab 1:50.000 ist auf einem strapazierf\u00e4higem, recycelbaren und wasserbest\u00e4ndigen Kunststofffasermaterial gedruckt. Die Karte ist f\u00fcr Wanderer, J\u00e4ger und Angler geeignet und wird unter anderem [&#8230;]\n","protected":false},"featured_media":178481,"template":"","meta":[],"product_brand":[],"product_cat":[21543],"product_tag":[],"class_list":{"0":"post-147156","1":"product","2":"type-product","3":"status-publish","4":"has-post-thumbnail","6":"product_cat-landkarten","7":"pa_autor-nordeca","8":"pa_erscheinungsjahr-21574","9":"pa_region-skandinavien-norwegen-schweden-finnland","10":"pa_sprache-en-norw","12":"first","13":"instock","14":"taxable","15":"shipping-taxable","16":"purchasable","17":"product-type-simple"},"_links":{"self":[{"href":"https:\/\/pizbube.ch\/en\/wp-json\/wp\/v2\/product\/147156","targetHints":{"allow":["GET"]}}],"collection":[{"href":"https:\/\/pizbube.ch\/en\/wp-json\/wp\/v2\/product"}],"about":[{"href":"https:\/\/pizbube.ch\/en\/wp-json\/wp\/v2\/types\/product"}],"wp:featuredmedia":[{"embeddable":true,"href":"https:\/\/pizbube.ch\/en\/wp-json\/wp\/v2\/media\/178481"}],"wp:attachment":[{"href":"https:\/\/pizbube.ch\/en\/wp-json\/wp\/v2\/media?parent=147156"}],"wp:term":[{"taxonomy":"product_brand","embeddable":true,"href":"https:\/\/pizbube.ch\/en\/wp-json\/wp\/v2\/product_brand?post=147156"},{"taxonomy":"product_cat","embeddable":true,"href":"https:\/\/pizbube.ch\/en\/wp-json\/wp\/v2\/product_cat?post=147156"},{"taxonomy":"product_tag","embeddable":true,"href":"https:\/\/pizbube.ch\/en\/wp-json\/wp\/v2\/product_tag?post=147156"}],"curies":[{"name":"wp","href":"https:\/\/api.w.org\/{rel}","templated":true}]}}