{"id":147157,"date":"2021-01-15T10:54:46","date_gmt":"2021-01-15T10:54:46","guid":{"rendered":"https:\/\/codengine3.ch\/?product=import-placeholder-for-208428"},"modified":"2025-07-16T10:44:05","modified_gmt":"2025-07-16T08:44:05","slug":"klatreforer-for-klippeklatring-i-orsta-og-volda","status":"publish","type":"product","link":"https:\/\/pizbube.ch\/en\/shop\/klatreforer-for-klippeklatring-i-orsta-og-volda\/","title":{"rendered":"Klatref\u00f8rer for klippeklatring i \u00d8rsta og Volda"},"content":{"rendered":"<p>Der Kletterf\u00fchrer stellt Kletterg\u00e4rten in der N\u00e4he der St\u00e4dte \u00d8rsta und Volda<br \/>\nvor, zwei St\u00e4dte in Westnorwegen.<\/p>\n<p>In der direkten Umgebung liegt auch die Region Sogn og Fjorane, die ebenfalls<br \/>\nzahlreiche Kletterg\u00e4rten zu bieten hat. Gleich zu Beginn bietet der F\u00fchrer in<br \/>\nder Umschlagklappe eine Karte, worauf alle enthaltenen Gebiete eingezeichnet<br \/>\nsind. Bereits hier ist gut zu erkennen, dass sich eine Vielzahl der<br \/>\nKletterg\u00e4rten in der n\u00e4he des Fjords in spektakul\u00e4rer Umgebung befinden.<\/p>\n<p>Nach einer kurzen Einleitung, findet man direkt eine Aufz\u00e4hlung der Top 30<br \/>\nRouten sowie die einzelnen Gebiete mit den Topos. Zu jedem Kapitel gibt es<br \/>\nkurz und b\u00fcndig alle wichtigen Informationen auf einen Blick, darunter<br \/>\nnat\u00fcrlich auch Schwierigkeitsgrad, Absicherung und Qualit\u00e4t der Routen.<\/p>\n<p>138 Seiten; inkl. Vertical-Life\/Free download<\/p>","protected":false},"excerpt":{"rendered":"<p>Der Kletterf\u00fchrer stellt Kletterg\u00e4rten in der N\u00e4he der St\u00e4dte \u00d8rsta und Volda vor, zwei St\u00e4dte in Westnorwegen. In der direkten Umgebung liegt auch die Region Sogn og Fjorane, die ebenfalls zahlreiche Kletterg\u00e4rten zu bieten hat. Gleich zu Beginn bietet der F\u00fchrer in der Umschlagklappe eine Karte, worauf alle enthaltenen Gebiete eingezeichnet sind. Bereits hier ist [&#8230;]\n","protected":false},"featured_media":40187,"template":"","meta":[],"product_brand":[],"product_cat":[21539],"product_tag":[],"class_list":{"0":"post-147157","1":"product","2":"type-product","3":"status-publish","4":"has-post-thumbnail","6":"product_cat-fuehrerliteratur-sportklettern-bouldern","7":"pa_autor-winther","8":"pa_erscheinungsjahr-21571","9":"pa_region-skandinavien-norwegen-schweden-finnland","10":"pa_sprache-norweg","12":"first","13":"instock","14":"taxable","15":"shipping-taxable","16":"purchasable","17":"product-type-simple"},"_links":{"self":[{"href":"https:\/\/pizbube.ch\/en\/wp-json\/wp\/v2\/product\/147157","targetHints":{"allow":["GET"]}}],"collection":[{"href":"https:\/\/pizbube.ch\/en\/wp-json\/wp\/v2\/product"}],"about":[{"href":"https:\/\/pizbube.ch\/en\/wp-json\/wp\/v2\/types\/product"}],"wp:featuredmedia":[{"embeddable":true,"href":"https:\/\/pizbube.ch\/en\/wp-json\/wp\/v2\/media\/40187"}],"wp:attachment":[{"href":"https:\/\/pizbube.ch\/en\/wp-json\/wp\/v2\/media?parent=147157"}],"wp:term":[{"taxonomy":"product_brand","embeddable":true,"href":"https:\/\/pizbube.ch\/en\/wp-json\/wp\/v2\/product_brand?post=147157"},{"taxonomy":"product_cat","embeddable":true,"href":"https:\/\/pizbube.ch\/en\/wp-json\/wp\/v2\/product_cat?post=147157"},{"taxonomy":"product_tag","embeddable":true,"href":"https:\/\/pizbube.ch\/en\/wp-json\/wp\/v2\/product_tag?post=147157"}],"curies":[{"name":"wp","href":"https:\/\/api.w.org\/{rel}","templated":true}]}}