{"id":147162,"date":"2021-01-15T10:54:53","date_gmt":"2021-01-15T10:54:53","guid":{"rendered":"https:\/\/codengine3.ch\/?product=import-placeholder-for-206525"},"modified":"2023-07-28T09:14:00","modified_gmt":"2023-07-28T07:14:00","slug":"alpinisme-en-suisse","status":"publish","type":"product","link":"https:\/\/pizbube.ch\/en\/shop\/alpinisme-en-suisse\/","title":{"rendered":"Alpinisme en Suisse"},"content":{"rendered":"<p>Les plus belles courses de F \u00e0 D<\/p>\n<p>Ce livre r\u00e9unit une trentaine d\u2019itin\u00e9raires \u00e0 travers les massifs qui ont fait<br \/>\nla r\u00e9putation des Alpes helv\u00e9tiques.<\/p>\n<p>Les courses propos\u00e9es sont accessibles \u00e0 la majorit\u00e9 des pratiquants. Voies<br \/>\nnormales et plus exigeantes se c\u00f4toient. Choisies pour leur beaut\u00e9, la<br \/>\nc\u00e9l\u00e9brit\u00e9 de la cime ou l\u2019\u00e9l\u00e9gance de leur escalade, elles donnent une id\u00e9e<br \/>\npr\u00e9cise de ce qu\u2019offre la Suisse en mati\u00e8re d\u2019alpinisme. Tous les styles sont<br \/>\nrepr\u00e9sent\u00e9s : ar\u00eates rocheuses ou mixtes, grandes faces nord neigeuses,<br \/>\nlongues chevauch\u00e9es entre ciel et terre\u2026 Les sommets les plus connus, comme le<br \/>\nCervin, voisinent avec des courses plus confidentielles, permettant \u00e0 ceux qui<br \/>\naiment sortir des sentiers battus de satisfaire leur passion.<\/p>","protected":false},"excerpt":{"rendered":"<p>Les plus belles courses de F \u00e0 D Ce livre r\u00e9unit une trentaine d\u2019itin\u00e9raires \u00e0 travers les massifs qui ont fait la r\u00e9putation des Alpes helv\u00e9tiques. Les courses propos\u00e9es sont accessibles \u00e0 la majorit\u00e9 des pratiquants. Voies normales et plus exigeantes se c\u00f4toient. Choisies pour leur beaut\u00e9, la c\u00e9l\u00e9brit\u00e9 de la cime ou l\u2019\u00e9l\u00e9gance de [&#8230;]\n","protected":false},"featured_media":168797,"template":"","meta":[],"product_brand":[],"product_cat":[21544],"product_tag":[],"class_list":{"0":"post-147162","1":"product","2":"type-product","3":"status-publish","4":"has-post-thumbnail","6":"product_cat-fuehrerliteratur-alpin-sommer","7":"pa_autor-maire","8":"pa_erscheinungsjahr-21610","9":"pa_region-schweiz","10":"pa_sprache-fr","12":"first","13":"instock","14":"taxable","15":"shipping-taxable","16":"purchasable","17":"product-type-simple"},"_links":{"self":[{"href":"https:\/\/pizbube.ch\/en\/wp-json\/wp\/v2\/product\/147162","targetHints":{"allow":["GET"]}}],"collection":[{"href":"https:\/\/pizbube.ch\/en\/wp-json\/wp\/v2\/product"}],"about":[{"href":"https:\/\/pizbube.ch\/en\/wp-json\/wp\/v2\/types\/product"}],"wp:featuredmedia":[{"embeddable":true,"href":"https:\/\/pizbube.ch\/en\/wp-json\/wp\/v2\/media\/168797"}],"wp:attachment":[{"href":"https:\/\/pizbube.ch\/en\/wp-json\/wp\/v2\/media?parent=147162"}],"wp:term":[{"taxonomy":"product_brand","embeddable":true,"href":"https:\/\/pizbube.ch\/en\/wp-json\/wp\/v2\/product_brand?post=147162"},{"taxonomy":"product_cat","embeddable":true,"href":"https:\/\/pizbube.ch\/en\/wp-json\/wp\/v2\/product_cat?post=147162"},{"taxonomy":"product_tag","embeddable":true,"href":"https:\/\/pizbube.ch\/en\/wp-json\/wp\/v2\/product_tag?post=147162"}],"curies":[{"name":"wp","href":"https:\/\/api.w.org\/{rel}","templated":true}]}}