{"id":147166,"date":"2021-01-15T10:54:53","date_gmt":"2021-01-15T10:54:53","guid":{"rendered":"https:\/\/codengine3.ch\/?product=import-placeholder-for-203674"},"modified":"2023-06-13T17:22:06","modified_gmt":"2023-06-13T15:22:06","slug":"plaisir-alpin","status":"publish","type":"product","link":"https:\/\/pizbube.ch\/en\/shop\/plaisir-alpin\/","title":{"rendered":"Plaisir Alpin"},"content":{"rendered":"<p>Auf den sch\u00f6nsten Plaisir- Hochtouren der Schweiz!<br \/>\nDer erste Topo-Hochtourenf\u00fchrer: Infos zu Zeitaufwand, Gletscherspalten,<br \/>\nKlettern, Steilheit, Ausrutschgefahr, Material usw. Kartenaussschnitte<br \/>\nmit GPS-Angaben.<br \/>\nInsgesamt 60 Gipfel wurden bestiegen, skizziert und fotografiert.<\/p>\n<p>Die sch\u00f6nsten Genusstouren der Schweizer Alpen.<br \/>\nDer erste Topof\u00fchrer f\u00fcr 60 einfache Hochtouren mit vielen Infos, Fotos<br \/>\nund einer Toposkizze zu jeder Tour.<\/p>\n<p>2. \u00fcberarbeitete Auflg. 2008;<br \/>\n4-farbig, 240 Seiten, 60 Gebiete, Format 12.0 x 18.5 cm, Sprachen D, F, E<\/p>\n<p>A new guide from the popular Schweiz Plaisir series, it covers all aspects of<br \/>\nmountaineering in the Swiss Alps.<br \/>\nA Select Guidebook to the most beautiful and classic Plaisir routes in the<br \/>\nSwiss Alps.<br \/>\nThe first topo Guidebook for 60 easy mountain climbs. Includes much more<br \/>\nuseful information, photos, and a topo for each alpine climb.<\/p>","protected":false},"excerpt":{"rendered":"<p>Auf den sch\u00f6nsten Plaisir- Hochtouren der Schweiz! Der erste Topo-Hochtourenf\u00fchrer: Infos zu Zeitaufwand, Gletscherspalten, Klettern, Steilheit, Ausrutschgefahr, Material usw. Kartenaussschnitte mit GPS-Angaben. Insgesamt 60 Gipfel wurden bestiegen, skizziert und fotografiert. Die sch\u00f6nsten Genusstouren der Schweizer Alpen. Der erste Topof\u00fchrer f\u00fcr 60 einfache Hochtouren mit vielen Infos, Fotos und einer Toposkizze zu jeder Tour. 2. \u00fcberarbeitete [&#8230;]\n","protected":false},"featured_media":156247,"template":"","meta":[],"product_brand":[],"product_cat":[21544],"product_tag":[],"class_list":{"0":"post-147166","1":"product","2":"type-product","3":"status-publish","4":"has-post-thumbnail","6":"product_cat-fuehrerliteratur-alpin-sommer","7":"pa_autor-von-kaenel","8":"pa_erscheinungsjahr-21591","9":"pa_region-schweiz","10":"pa_sprache-d","11":"pa_sprache-e","12":"pa_sprache-f","14":"first","15":"outofstock","16":"taxable","17":"shipping-taxable","18":"purchasable","19":"product-type-simple"},"_links":{"self":[{"href":"https:\/\/pizbube.ch\/en\/wp-json\/wp\/v2\/product\/147166","targetHints":{"allow":["GET"]}}],"collection":[{"href":"https:\/\/pizbube.ch\/en\/wp-json\/wp\/v2\/product"}],"about":[{"href":"https:\/\/pizbube.ch\/en\/wp-json\/wp\/v2\/types\/product"}],"wp:featuredmedia":[{"embeddable":true,"href":"https:\/\/pizbube.ch\/en\/wp-json\/wp\/v2\/media\/156247"}],"wp:attachment":[{"href":"https:\/\/pizbube.ch\/en\/wp-json\/wp\/v2\/media?parent=147166"}],"wp:term":[{"taxonomy":"product_brand","embeddable":true,"href":"https:\/\/pizbube.ch\/en\/wp-json\/wp\/v2\/product_brand?post=147166"},{"taxonomy":"product_cat","embeddable":true,"href":"https:\/\/pizbube.ch\/en\/wp-json\/wp\/v2\/product_cat?post=147166"},{"taxonomy":"product_tag","embeddable":true,"href":"https:\/\/pizbube.ch\/en\/wp-json\/wp\/v2\/product_tag?post=147166"}],"curies":[{"name":"wp","href":"https:\/\/api.w.org\/{rel}","templated":true}]}}